{"id":987,"date":"2021-09-01T11:14:23","date_gmt":"2021-09-01T11:14:23","guid":{"rendered":"https:\/\/museoanton.es\/?page_id=987"},"modified":"2022-01-13T10:35:43","modified_gmt":"2022-01-13T10:35:43","slug":"qr_int_1","status":"publish","type":"page","link":"https:\/\/museoanton.es\/en\/qr_int_1\/","title":{"rendered":"1.- HISTORY OF THE MUSEUM"},"content":{"rendered":"<div  class=\"one withsmallpadding ppb_text\" style=\"padding:30px;\" >\n<h5 id=\"bajar\"><\/h5>\n<\/div>\n<div  class=\"one withsmallpadding ppb_text\" style=\"padding:30px 0 30px 0;\" >\n<div class=\"standard_wrapper\">\n<div class=\"page_content_wrapper\">\n<div class=\"inner\">\n<div style=\"margin:auto;width:100%\">\n<h2 style=\"color: #999999; text-align: center;\"><span style=\"color: #ffffff;\"><img decoding=\"async\" class=\"alignnone wp-image-756\" src=\"https:\/\/3w.museovt.com\/wp-content\/uploads\/2021\/01\/1.svg\" alt=\"\" width=\"50\" \/><br \/>\n<\/span><span style=\"color: #808080;\"><strong>HISTORY OF THE MUSEUM<\/strong><\/span><\/h2>\n<\/div>\n<\/div>\n<\/div>\n<\/div>\n<\/div>\n<div  class=\"one withsmallpadding ppb_text\" style=\"padding:30px 0 30px 0;\" >\n<div class=\"standard_wrapper\">\n<div class=\"page_content_wrapper\">\n<div class=\"inner\">\n<div style=\"margin:auto;width:100%\"><audio class=\"wp-audio-shortcode\" id=\"audio-987-2\" preload=\"none\" style=\"width: 100%;\" controls=\"controls\"><source type=\"audio\/mpeg\" src=\"https:\/\/museoanton.es\/en\/wp-content\/uploads\/sites\/11\/2022\/01\/int_1en.mp3?_=2\" \/><a href=\"https:\/\/museoanton.es\/en\/wp-content\/uploads\/sites\/11\/2022\/01\/int_1en.mp3\">https:\/\/museoanton.es\/en\/wp-content\/uploads\/sites\/11\/2022\/01\/int_1en.mp3<\/a><\/audio>\n<\/div>\n<\/div>\n<\/div>\n<\/div>\n<\/div>\n<div  class=\"one withsmallpadding ppb_text\" style=\"padding:30px 0 30px 0;\" >\n<div class=\"standard_wrapper\">\n<div class=\"page_content_wrapper\">\n<div class=\"inner\">\n<div style=\"margin:auto;width:100%\">\n<h6 style=\"text-align: right;\"><a class=\"btn btn-default btn-sm\" href=\"https:\/\/museoanton.es\/en\/qr_int_2\/\"><img decoding=\"async\" loading=\"lazy\" class=\"alignnone wp-image-2398\" src=\"https:\/\/3w.museovt.com\/wp-content\/uploads\/2021\/02\/flechaQr.svg\" alt=\"\" width=\"55\" height=\"36\" \/><\/a><\/h6>\n<\/div>\n<\/div>\n<\/div>\n<\/div>\n<\/div>\n<div  class=\"one withsmallpadding ppb_text\" style=\"padding:30px 0 30px 0;\" >\n<div class=\"standard_wrapper\">\n<div class=\"page_content_wrapper\">\n<div class=\"inner\">\n<div style=\"margin:auto;width:100%\">\n<h6 style=\"text-align: right;\"><a class=\"btn btn-default btn-sm\" href=\"https:\/\/museoanton.es\/en\/qr_int_2\/\"><img decoding=\"async\" loading=\"lazy\" class=\"alignnone wp-image-2398\" src=\"https:\/\/3w.museovt.com\/wp-content\/uploads\/2021\/02\/flechaQr.svg\" alt=\"\" width=\"55\" height=\"36\" \/><\/a><\/h6>\n<\/div>\n<\/div>\n<\/div>\n<\/div>\n<\/div>\n<div  class=\"one withsmallpadding ppb_text\" style=\"padding:30px 0 30px 0;\" >\n<div class=\"standard_wrapper\">\n<div class=\"page_content_wrapper\">\n<div class=\"inner\">\n<div style=\"margin:auto;width:100%\">\n<h4 style=\"text-align: justify;\"><i class=\"fa fa-deaf fa-2x\" aria-hidden=\"true\"><\/i><strong>HISTORY OF THE MUSEUM<br \/>\n<\/strong><\/h4>\n<p style=\"text-align: justify;\">Welcome to the Cand\u00e1s Sculpture Centre, Ant\u00f3n Museum. Municipally owned, the centre is integrated into the Principality of Asturias network of museums through a permanent collaboration agreement with the Ministry of Culture. Its objectives are the conservation of its collections and the study, documentation, diffusion, promotion, research and pedagogy of sculpture in all its manifestations and of art in general.<\/p>\n<p style=\"text-align: justify;\">The Ant\u00f3n Museum opened its doors to the public on 13 July, 1989, after a process that began in the 1970s, when the heirs of the sculptor from Cand\u00e1s Antonio Rodr\u00edguez Garc\u00eda, \u201cAnt\u00f3n\u201d, began consultations with the Carre\u00f1o City Council to receive the artist&#8217;s work as a donation, which they had kept for more than two decades.<\/p>\n<p style=\"text-align: justify;\">The Centre facilities are the former manor house of the Estrada-Nora family, a late 18th century building acquired by the Carre\u00f1o City Council in 1983 for cultural uses. They decided to use it exclusively as a museum in 1987.<\/p>\n<p style=\"text-align: justify;\">The building is square and has two floors and a ground floor. The ground floor lobby hosts the information desk. On this ground floor there are three rooms for temporary exhibitions, the general store and services. A wooden staircase starts from the entrance hall and leads into a corridor, moving up to the first floor. Most of the surface area of the first floor is an open and bright room, used for the permanent exhibition of Ant\u00f3n&#8217;s work.<\/p>\n<p style=\"text-align: justify;\">On the second floor there is the library, the archive and the office.<\/p>\n<\/div>\n<\/div>\n<\/div>\n<\/div>\n<\/div>\n<div  class=\"one withsmallpadding ppb_text\" style=\"padding:30px 0 30px 0;\" >\n<div class=\"standard_wrapper\">\n<div class=\"page_content_wrapper\">\n<div class=\"inner\">\n<div style=\"margin:auto;width:100%\">\n<h4 style=\"text-align: justify;\"><i class=\"fa fa-deaf fa-2x\" aria-hidden=\"true\"><\/i><strong>HISTORY OF THE MUSEUM<br \/>\n<\/strong><\/h4>\n<p style=\"text-align: justify;\">Welcome to the Cand\u00e1s Sculpture Centre, Ant\u00f3n Museum. Municipally owned, the centre is integrated into the Principality of Asturias network of museums through a permanent collaboration agreement with the Ministry of Culture. Its objectives are the conservation of its collections and the study, documentation, diffusion, promotion, research and pedagogy of sculpture in all its manifestations and of art in general.<\/p>\n<p style=\"text-align: justify;\">The Ant\u00f3n Museum opened its doors to the public on 13 July, 1989, after a process that began in the 1970s, when the heirs of the sculptor from Cand\u00e1s Antonio Rodr\u00edguez Garc\u00eda, \u201cAnt\u00f3n\u201d, began consultations with the Carre\u00f1o City Council to receive the artist&#8217;s work as a donation, which they had kept for more than two decades.<\/p>\n<p style=\"text-align: justify;\">The Centre facilities are the former manor house of the Estrada-Nora family, a late 18th century building acquired by the Carre\u00f1o City Council in 1983 for cultural uses. They decided to use it exclusively as a museum in 1987.<\/p>\n<p style=\"text-align: justify;\">The building is square and has two floors and a ground floor. The ground floor lobby hosts the information desk. On this ground floor there are three rooms for temporary exhibitions, the general store and services. A wooden staircase starts from the entrance hall and leads into a corridor, moving up to the first floor. Most of the surface area of the first floor is an open and bright room, used for the permanent exhibition of Ant\u00f3n&#8217;s work.<\/p>\n<p style=\"text-align: justify;\">On the second floor there is the library, the archive and the office.<\/p>\n<\/div>\n<\/div>\n<\/div>\n<\/div>\n<\/div>\n","protected":false},"excerpt":{"rendered":"<p>HISTORY OF THE MUSEUM https:\/\/museoanton.es\/en\/wp-content\/uploads\/sites\/11\/2022\/01\/int_1en.mp3 HISTORY OF THE MUSEUM Welcome to the Cand\u00e1s Sculpture Centre, Ant\u00f3n Museum. Municipally owned, the centre is integrated into the Principality of Asturias network of museums through a permanent collaboration agreement with the Ministry of [&hellip;]<\/p>\n","protected":false},"author":1,"featured_media":0,"parent":0,"menu_order":0,"comment_status":"closed","ping_status":"closed","template":"","meta":{"inline_featured_image":false,"_trash_the_other_posts":false,"editor_notices":[],"footnotes":""},"class_list":["post-987","page","type-page","status-publish","hentry"],"_links":{"self":[{"href":"https:\/\/museoanton.es\/en\/wp-json\/wp\/v2\/pages\/987","targetHints":{"allow":["GET"]}}],"collection":[{"href":"https:\/\/museoanton.es\/en\/wp-json\/wp\/v2\/pages"}],"about":[{"href":"https:\/\/museoanton.es\/en\/wp-json\/wp\/v2\/types\/page"}],"author":[{"embeddable":true,"href":"https:\/\/museoanton.es\/en\/wp-json\/wp\/v2\/users\/1"}],"replies":[{"embeddable":true,"href":"https:\/\/museoanton.es\/en\/wp-json\/wp\/v2\/comments?post=987"}],"version-history":[{"count":52,"href":"https:\/\/museoanton.es\/en\/wp-json\/wp\/v2\/pages\/987\/revisions"}],"predecessor-version":[{"id":2584,"href":"https:\/\/museoanton.es\/en\/wp-json\/wp\/v2\/pages\/987\/revisions\/2584"}],"wp:attachment":[{"href":"https:\/\/museoanton.es\/en\/wp-json\/wp\/v2\/media?parent=987"}],"curies":[{"name":"wp","href":"https:\/\/api.w.org\/{rel}","templated":true}]}}