{"id":978,"date":"2021-09-01T11:11:46","date_gmt":"2021-09-01T11:11:46","guid":{"rendered":"https:\/\/museoanton.es\/?page_id=978"},"modified":"2021-11-17T12:41:41","modified_gmt":"2021-11-17T12:41:41","slug":"qr_int_0","status":"publish","type":"page","link":"https:\/\/museoanton.es\/en\/","title":{"rendered":"0.- MUSEUM"},"content":{"rendered":"<div  class=\"one withsmallpadding ppb_text\" style=\"padding:30px;\" >\n<h5 id=\"bajar\"><\/h5>\n<\/div>\n<div  class=\"one withsmallpadding ppb_text\" style=\"padding:30px 0 30px 0;\" >\n<div class=\"standard_wrapper\">\n<div class=\"page_content_wrapper\">\n<div class=\"inner\">\n<div style=\"margin:auto;width:100%\">\n<h1 style=\"text-align: center;\"><span style=\"color: #ffffff;\">CAND\u00c1S SCULPTURE CENTRE, ANT\u00d3N MUSEUM<\/span><\/h1>\n<\/div>\n<\/div>\n<\/div>\n<\/div>\n<\/div>\n<div  class=\"one withsmallpadding ppb_text\" style=\"padding:30px 0 30px 0;\" >\n<div class=\"standard_wrapper\">\n<div class=\"page_content_wrapper\">\n<div class=\"inner\">\n<div style=\"margin:auto;width:100%\">\n<h1 style=\"text-align: center;\"><span style=\"color: #ffffff;\">CAND\u00c1S SCULPTURE CENTRE, ANT\u00d3N MUSEUM<\/span><\/h1>\n<\/div>\n<\/div>\n<\/div>\n<\/div>\n<\/div>\n<div  class=\"one withsmallpadding ppb_text\" style=\"padding:30px 0 30px 0;\" >\n<div class=\"standard_wrapper\">\n<div class=\"page_content_wrapper\">\n<div class=\"inner\">\n<div style=\"margin:auto;width:100%\">\n<h2 style=\"text-align: center;\"><strong><span style=\"text-decoration: underline;\">FREE ENTRANCE<\/span><\/strong><\/h2>\n<p style=\"text-align: center;\"><strong><u>OPENING HOURS:<\/u><\/strong><\/p>\n<p style=\"text-align: center;\"><span style=\"text-decoration: underline; color: #999999;\">OPENING OF THE MUSEUM:<\/span><\/p>\n<p style=\"text-align: center;\"><strong>October to May:<\/strong><br \/>\nTuesday to Friday, from 5.30 to 7.30pm; Saturdays and Sundays, from midday to 2.00pm and from 5.30 to 7.30pm.<\/p>\n<p style=\"text-align: center;\"><strong>June to September:<\/strong><br \/>\nTuesday to Sunday, from midday to 2.00pm and from 6.00 to 9.00pm.<\/p>\n<\/div>\n<\/div>\n<\/div>\n<\/div>\n<\/div>\n<div class=\"standard_wrapper\">\n<div  class=\"one_fourth withsmallpadding ppb_text\" style=\"padding:30px 0 30px 0;\" >\n<div class=\"standard_wrapper\">\n<div class=\"page_content_wrapper\">\n<div class=\"inner\">\n<div style=\"margin:auto;width:100%\"><\/div>\n<\/div>\n<\/div>\n<\/div>\n<\/div>\n<\/div>\n<div class=\"standard_wrapper\">\n<div  class=\"one_half withsmallpadding ppb_text\" style=\"padding:30px 0 30px 0;\" >\n<div class=\"standard_wrapper\">\n<div class=\"page_content_wrapper\">\n<div class=\"inner\">\n<div style=\"margin:auto;width:100%\">\n<p style=\"text-align: center;\"><span style=\"color: #ffffff;\"><strong>Guided tours and educational activities.<br \/>\nEven outside these hours, by appointment only.<\/strong><\/span><\/p>\n<\/div>\n<\/div>\n<\/div>\n<\/div>\n<\/div>\n<\/div>\n<div  class=\"one withsmallpadding ppb_text\" style=\"padding:30px 0 30px 0;\" >\n<div class=\"standard_wrapper\">\n<div class=\"page_content_wrapper\">\n<div class=\"inner\">\n<div style=\"margin:auto;width:100%\">\n<p style=\"text-align: center;\"><strong><u>HORARIOS:<\/u><\/strong><\/p>\n<p style=\"text-align: center;\"><span style=\"text-decoration: underline; color: #999999;\">THE MUSEUM IS CLOSED:<\/span><\/p>\n<p style=\"text-align: center;\">On Mondays and on 24, 25 and 31 December and 1 and 6 January<\/p>\n<h5 style=\"text-align: center;\"><\/h5>\n<\/div>\n<\/div>\n<\/div>\n<\/div>\n<\/div>\n<div  class=\"one withsmallpadding ppb_text\" style=\"padding:30px 0 30px 0;\" >\n<div class=\"standard_wrapper\">\n<div class=\"page_content_wrapper\">\n<div class=\"inner\">\n<div style=\"margin:auto;width:100%\">\n<p style=\"text-align: center;\"><strong><u>HORARIOS:<\/u><\/strong><\/p>\n<p style=\"text-align: center;\"><span style=\"text-decoration: underline; color: #999999;\">THE MUSEUM IS CLOSED:<\/span><\/p>\n<p style=\"text-align: center;\">On Mondays and on 24, 25 and 31 December and 1 and 6 January<\/p>\n<h5 style=\"text-align: center;\"><\/h5>\n<\/div>\n<\/div>\n<\/div>\n<\/div>\n<\/div>\n<div  class=\"one withsmallpadding ppb_text\" style=\"padding:30px 0 30px 0;\" >\n<div class=\"standard_wrapper\">\n<div class=\"page_content_wrapper\">\n<div class=\"inner\">\n<div style=\"margin:auto;width:100%\">\n<p style=\"text-align: center;\"><strong><u>HORARIOS:<\/u><\/strong><\/p>\n<p style=\"text-align: center;\"><span style=\"text-decoration: underline; color: #999999;\">THE MUSEUM IS CLOSED:<\/span><\/p>\n<p style=\"text-align: center;\">On Mondays and on 24, 25 and 31 December and 1 and 6 January<\/p>\n<h5 style=\"text-align: center;\"><\/h5>\n<\/div>\n<\/div>\n<\/div>\n<\/div>\n<\/div>\n<div  class=\"one withsmallpadding ppb_text\" style=\"padding:30px 0 30px 0;\" >\n<div class=\"standard_wrapper\">\n<div class=\"page_content_wrapper\">\n<div class=\"inner\">\n<div style=\"margin:auto;width:100%\">\n<p>\u00a0<\/p>\n<h1 class=\"p1\" style=\"text-align: center;\"><span style=\"color: #ffffff;\"><strong>HOW TO USE YOUR AUDIOGUIDE?<\/strong><\/span><\/h1>\n<\/div>\n<\/div>\n<\/div>\n<\/div>\n<\/div>\n<div  class=\"one withsmallpadding ppb_text\" style=\"padding:30px 0 30px 0;\" >\n<div class=\"standard_wrapper\">\n<div class=\"page_content_wrapper\">\n<div class=\"inner\">\n<div style=\"margin:auto;width:100%\">\n<p style=\"text-align: center;\"><img decoding=\"async\" loading=\"lazy\" class=\"alignnone wp-image-2883 \" src=\"https:\/\/3w.museovt.com\/wp-content\/uploads\/2021\/03\/auriculares_b.svg\" alt=\"\" width=\"271\" height=\"185\" \/><\/p>\n<h3 class=\"p1\" style=\"text-align: center;\"><span style=\"color: #999999;\">You can only use the audioguide with headphones.<\/span><\/h3>\n<p style=\"text-align: justify;\">Throughout the museum tour, there are pieces or spaces that have additional information; that information can be accessed through QR codes or on the internet. Instructions on how to access that information follow.<\/p>\n<\/div>\n<\/div>\n<\/div>\n<\/div>\n<\/div>\n<div  class=\"one withsmallpadding ppb_text\" style=\"padding:30px 0 30px 0;\" >\n<div class=\"standard_wrapper\">\n<div class=\"page_content_wrapper\">\n<div class=\"inner\">\n<div style=\"margin:auto;width:100%\">\n<h1 class=\"p1\"><span style=\"color: #c47900;\"><span style=\"color: #999999;\">QR CODE<\/span><a href=\"https:\/\/museoanton.es\/wp-content\/uploads\/2021\/09\/movil_qr.svg\"><img decoding=\"async\" loading=\"lazy\" class=\" wp-image-1624 alignright\" src=\"https:\/\/museoanton.es\/wp-content\/uploads\/2021\/09\/movil_qr.svg\" alt=\"\" width=\"312\" height=\"212\" \/><\/a><br \/>\n<span style=\"color: #999999;\">_________________<\/span><\/span><\/h1>\n<p class=\"p1\" style=\"text-align: left;\">1.- Open your QR reader app or the camera on your device.<\/p>\n<p style=\"text-align: left;\">2.- Focus on the QR code.<\/p>\n<p style=\"text-align: left;\">3.- Choose whether you would prefer to listen to or read the content available.<\/p>\n<p class=\"p1\" style=\"text-align: left;\">\n<\/div>\n<\/div>\n<\/div>\n<\/div>\n<\/div>\n<div  class=\"one withsmallpadding ppb_text\" style=\"padding:30px 0 30px 0;\" >\n<div class=\"standard_wrapper\">\n<div class=\"page_content_wrapper\">\n<div class=\"inner\">\n<div style=\"margin:auto;width:100%\">\n<h1 class=\"p1\"><span style=\"color: #c47900;\"><span style=\"color: #999999;\">WITHOUT A QR CODE<\/span><br \/>\n<img decoding=\"async\" loading=\"lazy\" class=\"wp-image-2440 alignright\" src=\"https:\/\/museoanton.es\/en\/wp-content\/uploads\/sites\/11\/2021\/11\/movil_sin_qr.svg\" alt=\"\" width=\"186\" height=\"239\" \/> <\/span><\/h1>\n<h1 class=\"p1\"><span style=\"color: #999999;\">_________________<\/span><\/h1>\n<p class=\"p1\" style=\"text-align: left;\">1.- Open your device&#8217;s browser and go to: www.museoanton.es<\/p>\n<p style=\"text-align: left;\">2.- Display the application menu and look for the number that matches the QR you would like to access.<\/p>\n<p style=\"text-align: left;\">3.- Choose whether you would prefer to listen to or read the content available.<\/p>\n<p class=\"p1\">\n<\/div>\n<\/div>\n<\/div>\n<\/div>\n<\/div>\n","protected":false},"excerpt":{"rendered":"<p>CAND\u00c1S SCULPTURE CENTRE, ANT\u00d3N MUSEUM CAND\u00c1S SCULPTURE CENTRE, ANT\u00d3N MUSEUM FREE ENTRANCE OPENING HOURS: OPENING OF THE MUSEUM: October to May: Tuesday to Friday, from 5.30 to 7.30pm; Saturdays and Sundays, from midday to 2.00pm and from 5.30 to 7.30pm. [&hellip;]<\/p>\n","protected":false},"author":1,"featured_media":0,"parent":0,"menu_order":0,"comment_status":"closed","ping_status":"closed","template":"","meta":{"inline_featured_image":false,"_trash_the_other_posts":false,"editor_notices":[],"footnotes":""},"class_list":["post-978","page","type-page","status-publish","hentry"],"_links":{"self":[{"href":"https:\/\/museoanton.es\/en\/wp-json\/wp\/v2\/pages\/978","targetHints":{"allow":["GET"]}}],"collection":[{"href":"https:\/\/museoanton.es\/en\/wp-json\/wp\/v2\/pages"}],"about":[{"href":"https:\/\/museoanton.es\/en\/wp-json\/wp\/v2\/types\/page"}],"author":[{"embeddable":true,"href":"https:\/\/museoanton.es\/en\/wp-json\/wp\/v2\/users\/1"}],"replies":[{"embeddable":true,"href":"https:\/\/museoanton.es\/en\/wp-json\/wp\/v2\/comments?post=978"}],"version-history":[{"count":277,"href":"https:\/\/museoanton.es\/en\/wp-json\/wp\/v2\/pages\/978\/revisions"}],"predecessor-version":[{"id":2443,"href":"https:\/\/museoanton.es\/en\/wp-json\/wp\/v2\/pages\/978\/revisions\/2443"}],"wp:attachment":[{"href":"https:\/\/museoanton.es\/en\/wp-json\/wp\/v2\/media?parent=978"}],"curies":[{"name":"wp","href":"https:\/\/api.w.org\/{rel}","templated":true}]}}