{"id":455,"date":"2021-08-31T16:35:13","date_gmt":"2021-08-31T16:35:13","guid":{"rendered":"https:\/\/museoanton.es\/?page_id=455"},"modified":"2022-01-13T10:42:52","modified_gmt":"2022-01-13T10:42:52","slug":"qr_ext_15","status":"publish","type":"page","link":"https:\/\/museoanton.es\/en\/qr_ext_15\/","title":{"rendered":"15.- MONTA\u00d1A"},"content":{"rendered":"<div  class=\"one withsmallpadding ppb_text\" style=\"padding:30px;\" >\n<h5 id=\"bajar\"><\/h5>\n<\/div>\n<div  class=\"one withsmallpadding ppb_text\" style=\"padding:30px 0 30px 0;\" >\n<div class=\"standard_wrapper\">\n<div class=\"page_content_wrapper\">\n<div class=\"inner\">\n<div style=\"margin:auto;width:100%\">\n<h2 style=\"color: #999999; text-align: center;\"><span style=\"color: #ffffff;\"><img decoding=\"async\" loading=\"lazy\" class=\"alignnone wp-image-817\" src=\"https:\/\/museoanton.es\/wp-content\/uploads\/2021\/09\/15.svg\" alt=\"\" width=\"50\" height=\"50\" \/><br \/>\n<\/span>MONTA\u00d1A<\/h2>\n<h5 style=\"color: #999999; text-align: center;\"><strong>\u00c1rbol, Lluvia, Monta\u00f1a, Mar y Viento.<\/strong><\/h5>\n<h4 style=\"color: #999999; text-align: center;\"><span style=\"color: #808080;\"><strong>Tadanori Yamaguchi<\/strong><\/span><\/h4>\n<\/div>\n<\/div>\n<\/div>\n<\/div>\n<\/div>\n<div  class=\"one withsmallpadding ppb_text\" style=\"padding:30px 0 30px 0;\" >\n<div class=\"standard_wrapper\">\n<div class=\"page_content_wrapper\">\n<div class=\"inner\">\n<div style=\"margin:auto;width:100%\"><audio class=\"wp-audio-shortcode\" id=\"audio-455-2\" preload=\"none\" style=\"width: 100%;\" controls=\"controls\"><source type=\"audio\/mpeg\" src=\"https:\/\/museoanton.es\/en\/wp-content\/uploads\/sites\/11\/2022\/01\/ext_13_14_15_16_17en.mp3?_=2\" \/><a href=\"https:\/\/museoanton.es\/en\/wp-content\/uploads\/sites\/11\/2022\/01\/ext_13_14_15_16_17en.mp3\">https:\/\/museoanton.es\/en\/wp-content\/uploads\/sites\/11\/2022\/01\/ext_13_14_15_16_17en.mp3<\/a><\/audio>\n<\/div>\n<\/div>\n<\/div>\n<\/div>\n<\/div>\n<div  class=\"one withsmallpadding ppb_text\" style=\"padding:30px 0 30px 0;\" >\n<div class=\"standard_wrapper\">\n<div class=\"page_content_wrapper\">\n<div class=\"inner\">\n<div style=\"margin:auto;width:100%\">\n<h6 style=\"text-align: right;\"><a class=\"btn btn-default btn-sm\" href=\"https:\/\/museoanton.es\/en\/qr_ext_16\/\"><img decoding=\"async\" loading=\"lazy\" class=\"alignnone wp-image-2398\" src=\"https:\/\/3w.museovt.com\/wp-content\/uploads\/2021\/02\/flechaQr.svg\" alt=\"\" width=\"55\" height=\"36\" \/><\/a><\/h6>\n<\/div>\n<\/div>\n<\/div>\n<\/div>\n<\/div>\n<div  class=\"one withsmallpadding ppb_text\" style=\"padding:30px 0 30px 0;\" >\n<div class=\"standard_wrapper\">\n<div class=\"page_content_wrapper\">\n<div class=\"inner\">\n<div style=\"margin:auto;width:100%\">\n<h6 style=\"text-align: right;\"><a class=\"btn btn-default btn-sm\" href=\"https:\/\/museoanton.es\/en\/qr_ext_16\/\"><img decoding=\"async\" loading=\"lazy\" class=\"alignnone wp-image-2398\" src=\"https:\/\/3w.museovt.com\/wp-content\/uploads\/2021\/02\/flechaQr.svg\" alt=\"\" width=\"55\" height=\"36\" \/><\/a><\/h6>\n<\/div>\n<\/div>\n<\/div>\n<\/div>\n<\/div>\n<div  class=\"one withsmallpadding ppb_text\" style=\"padding:30px 0 30px 0;\" >\n<div class=\"standard_wrapper\">\n<div class=\"page_content_wrapper\">\n<div class=\"inner\">\n<div style=\"margin:auto;width:100%\">\n<p style=\"text-align: justify;\"><i class=\"fa fa-deaf fa-2x\" aria-hidden=\"true\"><\/i> Japanese artist Tadanori Yamaguchi made these sculptures in 1999.<\/p>\n<p style=\"text-align: justify;\">The piece is a set of five granite cubes that represent the five elements that Tadanori discovered when he arrived in Cand\u00e1s: sea, mountain, rain, wind and tree.<\/p>\n<p style=\"text-align: justify;\">The \u00abRain\u00bb, \u00abSea\u00bb and \u00abMountain\u00bb cubes are designed so that, over time, the humidity will grow moss on them, turning them into living objects.<\/p>\n<p style=\"text-align: justify;\">When the force of the air falls on the groove made in one of its corners, \u00abWind\u00bb makes a sound.<\/p>\n<p style=\"text-align: justify;\">And \u00abTree\u00bb tries to improve the image of the eucalyptus trees, considered a cursed tree that ruins the environment and deplete the resources of the land in which they are found.<\/p>\n<\/div>\n<\/div>\n<\/div>\n<\/div>\n<\/div>\n<div  class=\"one withsmallpadding ppb_text\" style=\"padding:30px;\" >\n<p><iframe loading=\"lazy\" src=\"https:\/\/www.google.com\/maps\/d\/embed?mid=1bjuaooF_6RrAA1tluFSODziEtDIYNVMB\" width=\"100%\" height=\"480\"><\/iframe><\/p>\n<\/div>\n","protected":false},"excerpt":{"rendered":"<p>MONTA\u00d1A \u00c1rbol, Lluvia, Monta\u00f1a, Mar y Viento. Tadanori Yamaguchi https:\/\/museoanton.es\/en\/wp-content\/uploads\/sites\/11\/2022\/01\/ext_13_14_15_16_17en.mp3 Japanese artist Tadanori Yamaguchi made these sculptures in 1999. The piece is a set of five granite cubes that represent the five elements that Tadanori discovered when he arrived in [&hellip;]<\/p>\n","protected":false},"author":1,"featured_media":0,"parent":0,"menu_order":0,"comment_status":"closed","ping_status":"closed","template":"","meta":{"inline_featured_image":false,"_trash_the_other_posts":false,"editor_notices":[],"footnotes":""},"class_list":["post-455","page","type-page","status-publish","hentry"],"_links":{"self":[{"href":"https:\/\/museoanton.es\/en\/wp-json\/wp\/v2\/pages\/455","targetHints":{"allow":["GET"]}}],"collection":[{"href":"https:\/\/museoanton.es\/en\/wp-json\/wp\/v2\/pages"}],"about":[{"href":"https:\/\/museoanton.es\/en\/wp-json\/wp\/v2\/types\/page"}],"author":[{"embeddable":true,"href":"https:\/\/museoanton.es\/en\/wp-json\/wp\/v2\/users\/1"}],"replies":[{"embeddable":true,"href":"https:\/\/museoanton.es\/en\/wp-json\/wp\/v2\/comments?post=455"}],"version-history":[{"count":35,"href":"https:\/\/museoanton.es\/en\/wp-json\/wp\/v2\/pages\/455\/revisions"}],"predecessor-version":[{"id":2680,"href":"https:\/\/museoanton.es\/en\/wp-json\/wp\/v2\/pages\/455\/revisions\/2680"}],"wp:attachment":[{"href":"https:\/\/museoanton.es\/en\/wp-json\/wp\/v2\/media?parent=455"}],"curies":[{"name":"wp","href":"https:\/\/api.w.org\/{rel}","templated":true}]}}