{"id":395,"date":"2021-08-31T14:50:58","date_gmt":"2021-08-31T14:50:58","guid":{"rendered":"https:\/\/museoanton.es\/?page_id=395"},"modified":"2022-01-13T10:41:49","modified_gmt":"2022-01-13T10:41:49","slug":"qr_ext_10","status":"publish","type":"page","link":"https:\/\/museoanton.es\/en\/qr_ext_10\/","title":{"rendered":"10.- ENCUENTRO ENTRE TRES"},"content":{"rendered":"<div  class=\"one withsmallpadding ppb_text\" style=\"padding:30px;\" >\n<h5 id=\"bajar\"><\/h5>\n<\/div>\n<div  class=\"one withsmallpadding ppb_text\" style=\"padding:30px 0 30px 0;\" >\n<div class=\"standard_wrapper\">\n<div class=\"page_content_wrapper\">\n<div class=\"inner\">\n<div style=\"margin:auto;width:100%\">\n<h2 style=\"color: #999999; text-align: center;\"><span style=\"color: #ffffff;\"><img decoding=\"async\" loading=\"lazy\" class=\"alignnone  wp-image-812\" src=\"https:\/\/museoanton.es\/wp-content\/uploads\/2021\/09\/10.svg\" alt=\"\" width=\"50\" height=\"50\" \/><br \/>\n<\/span>ENCUENTRO EN TRES<\/h2>\n<h4 style=\"color: #999999; text-align: center;\"><span style=\"color: #808080;\">Joaqu\u00edn Rubio Cam\u00edn<strong><br \/>\n<\/strong><\/span><\/h4>\n<\/div>\n<\/div>\n<\/div>\n<\/div>\n<\/div>\n<div  class=\"one withsmallpadding ppb_text\" style=\"padding:30px 0 30px 0;\" >\n<div class=\"standard_wrapper\">\n<div class=\"page_content_wrapper\">\n<div class=\"inner\">\n<div style=\"margin:auto;width:100%\"><\/div>\n<\/div>\n<\/div>\n<\/div>\n<\/div>\n<div  class=\"one withsmallpadding ppb_text\" style=\"padding:30px 0 30px 0;\" >\n<div class=\"standard_wrapper\">\n<div class=\"page_content_wrapper\">\n<div class=\"inner\">\n<div style=\"margin:auto;width:100%\">\n<h6 style=\"text-align: right;\"><a class=\"btn btn-default btn-sm\" href=\"https:\/\/museoanton.es\/en\/qr_ext_11\/\"><img decoding=\"async\" loading=\"lazy\" class=\"alignnone wp-image-2398\" src=\"https:\/\/3w.museovt.com\/wp-content\/uploads\/2021\/02\/flechaQr.svg\" alt=\"\" width=\"55\" height=\"36\" \/><\/a><\/h6>\n<\/div>\n<\/div>\n<\/div>\n<\/div>\n<\/div>\n<div  class=\"one withsmallpadding ppb_text\" style=\"padding:30px 0 30px 0;\" >\n<div class=\"standard_wrapper\">\n<div class=\"page_content_wrapper\">\n<div class=\"inner\">\n<div style=\"margin:auto;width:100%\">\n<h6 style=\"text-align: right;\"><a class=\"btn btn-default btn-sm\" href=\"https:\/\/museoanton.es\/en\/qr_ext_11\/\"><img decoding=\"async\" loading=\"lazy\" class=\"alignnone wp-image-2398\" src=\"https:\/\/3w.museovt.com\/wp-content\/uploads\/2021\/02\/flechaQr.svg\" alt=\"\" width=\"55\" height=\"36\" \/><\/a><\/h6>\n<\/div>\n<\/div>\n<\/div>\n<\/div>\n<\/div>\n<div  class=\"one withsmallpadding ppb_text\" style=\"padding:30px 0 30px 0;\" >\n<div class=\"standard_wrapper\">\n<div class=\"page_content_wrapper\">\n<div class=\"inner\">\n<div style=\"margin:auto;width:100%\">\n<p style=\"text-align: justify;\"><i class=\"fa fa-deaf fa-2x\" aria-hidden=\"true\"><\/i> The second piece made by the artist Joaqu\u00edn Rubio Cam\u00edn in this sculpture park is \u201cEncuentro en tres\u201d, a sculpture built with three laminated steel plates assembled at different points.<\/p>\n<p style=\"text-align: justify;\">In this piece the artist emphasises the sense of horizontality of the piece in tune with the ground on which it rests.<\/p>\n<\/div>\n<\/div>\n<\/div>\n<\/div>\n<\/div>\n<div  class=\"one withsmallpadding ppb_text\" style=\"padding:30px;\" >\n<p><iframe loading=\"lazy\" src=\"https:\/\/www.google.com\/maps\/d\/embed?mid=1oS4VGJSuH0CHgA1U0lY6RIjrRENGq3Wa\" width=\"100\" height=\"480\"><\/iframe><\/p>\n<\/div>\n","protected":false},"excerpt":{"rendered":"<p>ENCUENTRO EN TRES Joaqu\u00edn Rubio Cam\u00edn The second piece made by the artist Joaqu\u00edn Rubio Cam\u00edn in this sculpture park is \u201cEncuentro en tres\u201d, a sculpture built with three laminated steel plates assembled at different points. In this piece the [&hellip;]<\/p>\n","protected":false},"author":1,"featured_media":0,"parent":0,"menu_order":0,"comment_status":"closed","ping_status":"closed","template":"","meta":{"inline_featured_image":false,"_trash_the_other_posts":false,"editor_notices":[],"footnotes":""},"class_list":["post-395","page","type-page","status-publish","hentry"],"_links":{"self":[{"href":"https:\/\/museoanton.es\/en\/wp-json\/wp\/v2\/pages\/395","targetHints":{"allow":["GET"]}}],"collection":[{"href":"https:\/\/museoanton.es\/en\/wp-json\/wp\/v2\/pages"}],"about":[{"href":"https:\/\/museoanton.es\/en\/wp-json\/wp\/v2\/types\/page"}],"author":[{"embeddable":true,"href":"https:\/\/museoanton.es\/en\/wp-json\/wp\/v2\/users\/1"}],"replies":[{"embeddable":true,"href":"https:\/\/museoanton.es\/en\/wp-json\/wp\/v2\/comments?post=395"}],"version-history":[{"count":32,"href":"https:\/\/museoanton.es\/en\/wp-json\/wp\/v2\/pages\/395\/revisions"}],"predecessor-version":[{"id":2665,"href":"https:\/\/museoanton.es\/en\/wp-json\/wp\/v2\/pages\/395\/revisions\/2665"}],"wp:attachment":[{"href":"https:\/\/museoanton.es\/en\/wp-json\/wp\/v2\/media?parent=395"}],"curies":[{"name":"wp","href":"https:\/\/api.w.org\/{rel}","templated":true}]}}