{"id":1166,"date":"2021-09-01T12:48:11","date_gmt":"2021-09-01T12:48:11","guid":{"rendered":"https:\/\/museoanton.es\/?page_id=1166"},"modified":"2022-01-13T10:37:33","modified_gmt":"2022-01-13T10:37:33","slug":"qr_int_10","status":"publish","type":"page","link":"https:\/\/museoanton.es\/en\/qr_int_10\/","title":{"rendered":"10.- OTHER FORMS OF PLASTIC EXPRESSION"},"content":{"rendered":"<div  class=\"one withsmallpadding ppb_text\" style=\"padding:30px;\" >\n<h5 id=\"bajar\"><\/h5>\n<\/div>\n<div  class=\"one withsmallpadding ppb_text\" style=\"padding:30px 0 30px 0;\" >\n<div class=\"standard_wrapper\">\n<div class=\"page_content_wrapper\">\n<div class=\"inner\">\n<div style=\"margin:auto;width:100%\">\n<h2 style=\"color: #999999; text-align: center;\"><span style=\"color: #ffffff;\"><img decoding=\"async\" loading=\"lazy\" class=\"alignnone wp-image-812\" src=\"https:\/\/museoanton.es\/wp-content\/uploads\/2021\/09\/10.svg\" alt=\"\" width=\"50\" height=\"50\" \/><br \/>\n<\/span><span style=\"color: #808080;\"><strong>OTHER FORMS OF PLASTIC EXPRESSION<\/strong><\/span><\/h2>\n<\/div>\n<\/div>\n<\/div>\n<\/div>\n<\/div>\n<div  class=\"one withsmallpadding ppb_text\" style=\"padding:30px 0 30px 0;\" >\n<div class=\"standard_wrapper\">\n<div class=\"page_content_wrapper\">\n<div class=\"inner\">\n<div style=\"margin:auto;width:100%\"><audio class=\"wp-audio-shortcode\" id=\"audio-1166-2\" preload=\"none\" style=\"width: 100%;\" controls=\"controls\"><source type=\"audio\/mpeg\" src=\"https:\/\/museoanton.es\/en\/wp-content\/uploads\/sites\/11\/2022\/01\/int_10en.mp3?_=2\" \/><a href=\"https:\/\/museoanton.es\/en\/wp-content\/uploads\/sites\/11\/2022\/01\/int_10en.mp3\">https:\/\/museoanton.es\/en\/wp-content\/uploads\/sites\/11\/2022\/01\/int_10en.mp3<\/a><\/audio>\n<\/div>\n<\/div>\n<\/div>\n<\/div>\n<\/div>\n<div  class=\"one withsmallpadding ppb_text\" style=\"padding:30px;\" ><\/div>\n<div  class=\"one withsmallpadding ppb_text\" style=\"padding:30px 0 30px 0;\" >\n<div class=\"standard_wrapper\">\n<div class=\"page_content_wrapper\">\n<div class=\"inner\">\n<div style=\"margin:auto;width:100%\">\n<p style=\"text-align: justify;\"><i class=\"fa fa-deaf fa-2x\" aria-hidden=\"true\"><\/i> Ant\u00f3n was a multifaceted artist, who worked with different forms of artistic expression such as paintings, drawings and furniture, although he produced more sculptures than other forms of art.<\/p>\n<\/div>\n<\/div>\n<\/div>\n<\/div>\n<\/div>\n<div  class=\"one withsmallpadding ppb_text\" style=\"padding:30px 0 30px 0;\" >\n<div class=\"standard_wrapper\">\n<div class=\"page_content_wrapper\">\n<div class=\"inner\">\n<div style=\"margin:auto;width:100%\">\n<p style=\"text-align: justify;\"><i class=\"fa fa-deaf fa-2x\" aria-hidden=\"true\"><\/i> Ant\u00f3n was a multifaceted artist, who worked with different forms of artistic expression such as paintings, drawings and furniture, although he produced more sculptures than other forms of art.<\/p>\n<\/div>\n<\/div>\n<\/div>\n<\/div>\n<\/div>\n<div  class=\"one withsmallpadding ppb_text\" style=\"padding:30px 0 30px 0;\" >\n<div class=\"standard_wrapper\">\n<div class=\"page_content_wrapper\">\n<div class=\"inner\">\n<div style=\"margin:auto;width:100%\">\n<p style=\"text-align: justify;\"><i class=\"fa fa-deaf fa-2x\" aria-hidden=\"true\"><\/i> Ant\u00f3n was a multifaceted artist, who worked with different forms of artistic expression such as paintings, drawings and furniture, although he produced more sculptures than other forms of art.<\/p>\n<\/div>\n<\/div>\n<\/div>\n<\/div>\n<\/div>\n<div class=\"standard_wrapper\">\n<div  class=\"two_third last withsmallpadding ppb_text\" style=\"padding:30px 0 30px 0;\" >\n<div class=\"standard_wrapper\">\n<div class=\"page_content_wrapper\">\n<div class=\"inner\">\n<div style=\"margin:auto;width:100%\">\n<h4 style=\"text-align: justify;\"><strong>La Promesa.<\/strong><\/h4>\n<p style=\"text-align: justify;\"><span lang=\"EN-GB\">Oil on canvas, 1928.<\/span><\/p>\n<p style=\"text-align: justify;\"><span lang=\"EN-GB\">This painting represents the devotion to the Christ of Cand\u00e1s, a very traditional custom in this town. Ant\u00f3n was inspired by a painting of the same title by the painter Ventura \u00c1lvarez Sala. \u2028In the background of the painting, the artist has included the Cape of San Antonio, where the lighthouse and the hermitage of the same name are located.<\/span><span lang=\"EN-GB\"> One of Ant\u00f3n&#8217;s favourite landscapes, which he would represent again in other pieces over the years.<\/span><\/p>\n<\/div>\n<\/div>\n<\/div>\n<\/div>\n<\/div>\n<\/div>\n<div class=\"standard_wrapper\">\n<div  class=\"two_third last withsmallpadding ppb_text\" style=\"padding:30px 0 30px 0;\" >\n<div class=\"standard_wrapper\">\n<div class=\"page_content_wrapper\">\n<div class=\"inner\">\n<div style=\"margin:auto;width:100%\">\n<h4 style=\"text-align: justify;\"><strong>La Promesa.<\/strong><\/h4>\n<p style=\"text-align: justify;\"><span lang=\"EN-GB\">Oil on canvas, 1928.<\/span><\/p>\n<p style=\"text-align: justify;\"><span lang=\"EN-GB\">This painting represents the devotion to the Christ of Cand\u00e1s, a very traditional custom in this town. Ant\u00f3n was inspired by a painting of the same title by the painter Ventura \u00c1lvarez Sala. \u2028In the background of the painting, the artist has included the Cape of San Antonio, where the lighthouse and the hermitage of the same name are located.<\/span><span lang=\"EN-GB\"> One of Ant\u00f3n&#8217;s favourite landscapes, which he would represent again in other pieces over the years.<\/span><\/p>\n<\/div>\n<\/div>\n<\/div>\n<\/div>\n<\/div>\n<\/div>\n<div class=\"standard_wrapper\">\n<div  class=\"two_third last withsmallpadding ppb_text\" style=\"padding:30px 0 30px 0;\" >\n<div class=\"standard_wrapper\">\n<div class=\"page_content_wrapper\">\n<div class=\"inner\">\n<div style=\"margin:auto;width:100%\">\n<h4 style=\"text-align: justify;\"><strong>La Promesa.<\/strong><\/h4>\n<p style=\"text-align: justify;\"><span lang=\"EN-GB\">Oil on canvas, 1928.<\/span><\/p>\n<p style=\"text-align: justify;\"><span lang=\"EN-GB\">This painting represents the devotion to the Christ of Cand\u00e1s, a very traditional custom in this town. Ant\u00f3n was inspired by a painting of the same title by the painter Ventura \u00c1lvarez Sala. \u2028In the background of the painting, the artist has included the Cape of San Antonio, where the lighthouse and the hermitage of the same name are located.<\/span><span lang=\"EN-GB\"> One of Ant\u00f3n&#8217;s favourite landscapes, which he would represent again in other pieces over the years.<\/span><\/p>\n<\/div>\n<\/div>\n<\/div>\n<\/div>\n<\/div>\n<\/div>\n<div class=\"standard_wrapper\">\n<div  class=\"two_third last withsmallpadding ppb_text\" style=\"padding:30px 0 30px 0;\" >\n<div class=\"standard_wrapper\">\n<div class=\"page_content_wrapper\">\n<div class=\"inner\">\n<div style=\"margin:auto;width:100%\">\n<h4 style=\"text-align: justify;\"><strong>Ruta pintoresa.<\/strong><\/h4>\n<p style=\"text-align: justify;\">This landscape is a painting of a path known as \u00abLa Formiga\u00bb, located on Mount Fuxa opposite Cand\u00e1s\u2019 maritime promenade. The piece is an oil on brass painting, the artists reused a tin can lid<\/p>\n<\/div>\n<\/div>\n<\/div>\n<\/div>\n<\/div>\n<\/div>\n<div class=\"standard_wrapper\">\n<div  class=\"two_third last withsmallpadding ppb_text\" style=\"padding:30px 0 30px 0;\" >\n<div class=\"standard_wrapper\">\n<div class=\"page_content_wrapper\">\n<div class=\"inner\">\n<div style=\"margin:auto;width:100%\">\n<h4 style=\"text-align: justify;\"><strong>Ruta pintoresa.<\/strong><\/h4>\n<p style=\"text-align: justify;\">This landscape is a painting of a path known as \u00abLa Formiga\u00bb, located on Mount Fuxa opposite Cand\u00e1s\u2019 maritime promenade. The piece is an oil on brass painting, the artists reused a tin can lid<\/p>\n<\/div>\n<\/div>\n<\/div>\n<\/div>\n<\/div>\n<\/div>\n<div class=\"standard_wrapper\">\n<div  class=\"two_third last withsmallpadding ppb_text\" style=\"padding:30px 0 30px 0;\" >\n<div class=\"standard_wrapper\">\n<div class=\"page_content_wrapper\">\n<div class=\"inner\">\n<div style=\"margin:auto;width:100%\">\n<h4 style=\"text-align: justify;\"><strong>Ruta pintoresa.<\/strong><\/h4>\n<p style=\"text-align: justify;\">This landscape is a painting of a path known as \u00abLa Formiga\u00bb, located on Mount Fuxa opposite Cand\u00e1s\u2019 maritime promenade. The piece is an oil on brass painting, the artists reused a tin can lid<\/p>\n<\/div>\n<\/div>\n<\/div>\n<\/div>\n<\/div>\n<\/div>\n<div class=\"standard_wrapper\">\n<div  class=\"two_third last withsmallpadding ppb_text\" style=\"padding:30px 0 30px 0;\" >\n<div class=\"standard_wrapper\">\n<div class=\"page_content_wrapper\">\n<div class=\"inner\">\n<div style=\"margin:auto;width:100%\">\n<h4 style=\"text-align: justify;\">Muebles<\/h4>\n<p style=\"text-align: justify;\">Ant\u00f3n also made different types of furniture for family use. The structure and decorations are traditional in style and have a markedly popular character.<\/p>\n<p style=\"text-align: justify;\">The furniture was made with poor quality woods. He used mainly pine wood, and sometimes had to resort to using boards from the packaging boxes of canned products.<\/p>\n<p style=\"text-align: justify;\">Once again, these pieces outline Ant\u00f3n&#8217;s expertise and skill in his ability to overcome the hurdles of lacking the resources he needed to work, with exceptional results.<\/p>\n<\/div>\n<\/div>\n<\/div>\n<\/div>\n<\/div>\n<\/div>\n","protected":false},"excerpt":{"rendered":"<p>OTHER FORMS OF PLASTIC EXPRESSION https:\/\/museoanton.es\/en\/wp-content\/uploads\/sites\/11\/2022\/01\/int_10en.mp3 Ant\u00f3n was a multifaceted artist, who worked with different forms of artistic expression such as paintings, drawings and furniture, although he produced more sculptures than other forms of art. Ant\u00f3n was a multifaceted artist, [&hellip;]<\/p>\n","protected":false},"author":1,"featured_media":0,"parent":0,"menu_order":0,"comment_status":"closed","ping_status":"closed","template":"","meta":{"inline_featured_image":false,"_trash_the_other_posts":false,"editor_notices":[],"footnotes":""},"class_list":["post-1166","page","type-page","status-publish","hentry"],"_links":{"self":[{"href":"https:\/\/museoanton.es\/en\/wp-json\/wp\/v2\/pages\/1166","targetHints":{"allow":["GET"]}}],"collection":[{"href":"https:\/\/museoanton.es\/en\/wp-json\/wp\/v2\/pages"}],"about":[{"href":"https:\/\/museoanton.es\/en\/wp-json\/wp\/v2\/types\/page"}],"author":[{"embeddable":true,"href":"https:\/\/museoanton.es\/en\/wp-json\/wp\/v2\/users\/1"}],"replies":[{"embeddable":true,"href":"https:\/\/museoanton.es\/en\/wp-json\/wp\/v2\/comments?post=1166"}],"version-history":[{"count":65,"href":"https:\/\/museoanton.es\/en\/wp-json\/wp\/v2\/pages\/1166\/revisions"}],"predecessor-version":[{"id":2611,"href":"https:\/\/museoanton.es\/en\/wp-json\/wp\/v2\/pages\/1166\/revisions\/2611"}],"wp:attachment":[{"href":"https:\/\/museoanton.es\/en\/wp-json\/wp\/v2\/media?parent=1166"}],"curies":[{"name":"wp","href":"https:\/\/api.w.org\/{rel}","templated":true}]}}