{"id":1144,"date":"2021-09-01T12:42:11","date_gmt":"2021-09-01T12:42:11","guid":{"rendered":"https:\/\/museoanton.es\/?page_id=1144"},"modified":"2022-01-13T10:37:24","modified_gmt":"2022-01-13T10:37:24","slug":"qr_int_9","status":"publish","type":"page","link":"https:\/\/museoanton.es\/en\/qr_int_9\/","title":{"rendered":"9.- MENTORS"},"content":{"rendered":"<div  class=\"one withsmallpadding ppb_text\" style=\"padding:30px;\" >\n<h5 id=\"bajar\"><\/h5>\n<\/div>\n<div  class=\"one withsmallpadding ppb_text\" style=\"padding:30px 0 30px 0;\" >\n<div class=\"standard_wrapper\">\n<div class=\"page_content_wrapper\">\n<div class=\"inner\">\n<div style=\"margin:auto;width:100%\">\n<h2 style=\"color: #999999; text-align: center;\"><span style=\"color: #ffffff;\"><img decoding=\"async\" loading=\"lazy\" class=\"alignnone wp-image-811\" src=\"https:\/\/museoanton.es\/wp-content\/uploads\/2021\/09\/9.svg\" alt=\"\" width=\"50\" height=\"50\" \/><br \/>\n<\/span><span style=\"color: #808080;\"><strong>MENTORS<\/strong><\/span><\/h2>\n<\/div>\n<\/div>\n<\/div>\n<\/div>\n<\/div>\n<div  class=\"one withsmallpadding ppb_text\" style=\"padding:30px 0 30px 0;\" >\n<div class=\"standard_wrapper\">\n<div class=\"page_content_wrapper\">\n<div class=\"inner\">\n<div style=\"margin:auto;width:100%\"><audio class=\"wp-audio-shortcode\" id=\"audio-1144-2\" preload=\"none\" style=\"width: 100%;\" controls=\"controls\"><source type=\"audio\/mpeg\" src=\"https:\/\/museoanton.es\/en\/wp-content\/uploads\/sites\/11\/2022\/01\/int_9en.mp3?_=2\" \/><a href=\"https:\/\/museoanton.es\/en\/wp-content\/uploads\/sites\/11\/2022\/01\/int_9en.mp3\">https:\/\/museoanton.es\/en\/wp-content\/uploads\/sites\/11\/2022\/01\/int_9en.mp3<\/a><\/audio>\n<\/div>\n<\/div>\n<\/div>\n<\/div>\n<\/div>\n<div  class=\"one withsmallpadding ppb_text\" style=\"padding:30px 0 30px 0;\" >\n<div class=\"standard_wrapper\">\n<div class=\"page_content_wrapper\">\n<div class=\"inner\">\n<div style=\"margin:auto;width:100%\">\n<h6 style=\"text-align: right;\"><a class=\"btn btn-default btn-sm\" href=\"https:\/\/museoanton.es\/en\/qr_int_10\/\"><img decoding=\"async\" loading=\"lazy\" class=\"alignnone wp-image-2398\" src=\"https:\/\/3w.museovt.com\/wp-content\/uploads\/2021\/02\/flechaQr.svg\" alt=\"\" width=\"55\" height=\"36\" \/><\/a><\/h6>\n<\/div>\n<\/div>\n<\/div>\n<\/div>\n<\/div>\n<div  class=\"one withsmallpadding ppb_text\" style=\"padding:30px 0 30px 0;\" >\n<div class=\"standard_wrapper\">\n<div class=\"page_content_wrapper\">\n<div class=\"inner\">\n<div style=\"margin:auto;width:100%\">\n<p style=\"text-align: justify;\"><i class=\"fa fa-deaf fa-2x\" aria-hidden=\"true\"><\/i>The painter from Gij\u00f3n Evaristo Valle and the canning industrialist Alfonso Albo made it possible for Ant\u00f3n to move to Madrid to start his artistic training.<\/p>\n<p style=\"text-align: justify;\">As a thank you, Ant\u00f3n created the cast bronze bust that is on display in this room. Both were made from the original plaster models.<\/p>\n<\/div>\n<\/div>\n<\/div>\n<\/div>\n<\/div>\n<div  class=\"one withsmallpadding ppb_text\" style=\"padding:30px 0 30px 0;\" >\n<div class=\"standard_wrapper\">\n<div class=\"page_content_wrapper\">\n<div class=\"inner\">\n<div style=\"margin:auto;width:100%\">\n<p style=\"text-align: justify;\"><i class=\"fa fa-deaf fa-2x\" aria-hidden=\"true\"><\/i>The painter from Gij\u00f3n Evaristo Valle and the canning industrialist Alfonso Albo made it possible for Ant\u00f3n to move to Madrid to start his artistic training.<\/p>\n<p style=\"text-align: justify;\">As a thank you, Ant\u00f3n created the cast bronze bust that is on display in this room. Both were made from the original plaster models.<\/p>\n<\/div>\n<\/div>\n<\/div>\n<\/div>\n<\/div>\n<div  class=\"one withsmallpadding ppb_text\" style=\"padding:30px 0 30px 0;\" >\n<div class=\"standard_wrapper\">\n<div class=\"page_content_wrapper\">\n<div class=\"inner\">\n<div style=\"margin:auto;width:100%\">\n<p style=\"text-align: justify;\"><i class=\"fa fa-deaf fa-2x\" aria-hidden=\"true\"><\/i>The painter from Gij\u00f3n Evaristo Valle and the canning industrialist Alfonso Albo made it possible for Ant\u00f3n to move to Madrid to start his artistic training.<\/p>\n<p style=\"text-align: justify;\">As a thank you, Ant\u00f3n created the cast bronze bust that is on display in this room. Both were made from the original plaster models.<\/p>\n<\/div>\n<\/div>\n<\/div>\n<\/div>\n<\/div>\n<div class=\"standard_wrapper\">\n<div  class=\"two_third last withsmallpadding ppb_text\" style=\"padding:30px 0 30px 0;\" >\n<div class=\"standard_wrapper\">\n<div class=\"page_content_wrapper\">\n<div class=\"inner\">\n<div style=\"margin:auto;width:100%\">\n<h4 style=\"text-align: justify;\"><strong>Alfonso Albo, 1930.<\/strong><\/h4>\n<p style=\"text-align: justify;\">This bust is a portrait of Alfonso Albo, Ant\u00f3n&#8217;s sponsor and owner of the Albo de Cand\u00e1s canning factory. As a thank you, the sculptor also portrayed him in the oil painting on display next to that piece. Both pieces have a deep expressiveness in which the artist enhances the frontal vision of the person portrayed in an extraordinary way.<\/p>\n<\/div>\n<\/div>\n<\/div>\n<\/div>\n<\/div>\n<\/div>\n<div class=\"standard_wrapper\">\n<div  class=\"two_third last withsmallpadding ppb_text\" style=\"padding:30px 0 30px 0;\" >\n<div class=\"standard_wrapper\">\n<div class=\"page_content_wrapper\">\n<div class=\"inner\">\n<div style=\"margin:auto;width:100%\">\n<h4 style=\"text-align: justify;\"><strong>Alfonso Albo, 1930.<\/strong><\/h4>\n<p style=\"text-align: justify;\">This bust is a portrait of Alfonso Albo, Ant\u00f3n&#8217;s sponsor and owner of the Albo de Cand\u00e1s canning factory. As a thank you, the sculptor also portrayed him in the oil painting on display next to that piece. Both pieces have a deep expressiveness in which the artist enhances the frontal vision of the person portrayed in an extraordinary way.<\/p>\n<\/div>\n<\/div>\n<\/div>\n<\/div>\n<\/div>\n<\/div>\n<div class=\"standard_wrapper\">\n<div  class=\"two_third last withsmallpadding ppb_text\" style=\"padding:30px 0 30px 0;\" >\n<div class=\"standard_wrapper\">\n<div class=\"page_content_wrapper\">\n<div class=\"inner\">\n<div style=\"margin:auto;width:100%\">\n<h4 style=\"text-align: justify;\"><strong>Alfonso Albo, 1930.<\/strong><\/h4>\n<p style=\"text-align: justify;\">This bust is a portrait of Alfonso Albo, Ant\u00f3n&#8217;s sponsor and owner of the Albo de Cand\u00e1s canning factory. As a thank you, the sculptor also portrayed him in the oil painting on display next to that piece. Both pieces have a deep expressiveness in which the artist enhances the frontal vision of the person portrayed in an extraordinary way.<\/p>\n<\/div>\n<\/div>\n<\/div>\n<\/div>\n<\/div>\n<\/div>\n<div class=\"standard_wrapper\">\n<div  class=\"two_third last withsmallpadding ppb_text\" style=\"padding:30px 0 30px 0;\" >\n<div class=\"standard_wrapper\">\n<div class=\"page_content_wrapper\">\n<div class=\"inner\">\n<div style=\"margin:auto;width:100%\">\n<h4 style=\"text-align: justify;\"><strong>Evaristo Valle, 1932.<\/strong><\/h4>\n<p style=\"text-align: justify;\"><span lang=\"EN-GB\">Evaristo Valle discovered Ant\u00f3n&#8217;s artistic ability in 1930 at the La Felguera V Certamen Provincial.<\/span><\/p>\n<p style=\"text-align: justify;\"><span lang=\"EN-GB\">To thank him for his support, Ant\u00f3n made this portrait of him in 1932.<\/span><\/p>\n<p style=\"text-align: justify;\"><span lang=\"EN-GB\">A piece without a trace of idealisation, in which Ant\u00f3n focuses purely on the personality of the person portrayed, he emphasises, with enormous realism, his most peculiar features.<\/span><\/p>\n<\/div>\n<\/div>\n<\/div>\n<\/div>\n<\/div>\n<\/div>\n","protected":false},"excerpt":{"rendered":"<p>MENTORS https:\/\/museoanton.es\/en\/wp-content\/uploads\/sites\/11\/2022\/01\/int_9en.mp3 The painter from Gij\u00f3n Evaristo Valle and the canning industrialist Alfonso Albo made it possible for Ant\u00f3n to move to Madrid to start his artistic training. As a thank you, Ant\u00f3n created the cast bronze bust that is [&hellip;]<\/p>\n","protected":false},"author":1,"featured_media":0,"parent":0,"menu_order":0,"comment_status":"closed","ping_status":"closed","template":"","meta":{"inline_featured_image":false,"_trash_the_other_posts":false,"editor_notices":[],"footnotes":""},"class_list":["post-1144","page","type-page","status-publish","hentry"],"_links":{"self":[{"href":"https:\/\/museoanton.es\/en\/wp-json\/wp\/v2\/pages\/1144","targetHints":{"allow":["GET"]}}],"collection":[{"href":"https:\/\/museoanton.es\/en\/wp-json\/wp\/v2\/pages"}],"about":[{"href":"https:\/\/museoanton.es\/en\/wp-json\/wp\/v2\/types\/page"}],"author":[{"embeddable":true,"href":"https:\/\/museoanton.es\/en\/wp-json\/wp\/v2\/users\/1"}],"replies":[{"embeddable":true,"href":"https:\/\/museoanton.es\/en\/wp-json\/wp\/v2\/comments?post=1144"}],"version-history":[{"count":50,"href":"https:\/\/museoanton.es\/en\/wp-json\/wp\/v2\/pages\/1144\/revisions"}],"predecessor-version":[{"id":2608,"href":"https:\/\/museoanton.es\/en\/wp-json\/wp\/v2\/pages\/1144\/revisions\/2608"}],"wp:attachment":[{"href":"https:\/\/museoanton.es\/en\/wp-json\/wp\/v2\/media?parent=1144"}],"curies":[{"name":"wp","href":"https:\/\/api.w.org\/{rel}","templated":true}]}}