{"id":995,"date":"2021-09-01T11:18:52","date_gmt":"2021-09-01T11:18:52","guid":{"rendered":"https:\/\/museoanton.es\/?page_id=995"},"modified":"2022-01-13T10:48:03","modified_gmt":"2022-01-13T10:48:03","slug":"qr_int_3","status":"publish","type":"page","link":"https:\/\/museoanton.es\/as\/qr_int_3\/","title":{"rendered":"3.- PRESEOS DE TRABAYU"},"content":{"rendered":"<div  class=\"one withsmallpadding ppb_text\" style=\"padding:30px;\" >\n<h5 id=\"bajar\"><\/h5>\n<\/div>\n<div  class=\"one withsmallpadding ppb_text\" style=\"padding:30px 0 30px 0;\" >\n<div class=\"standard_wrapper\">\n<div class=\"page_content_wrapper\">\n<div class=\"inner\">\n<div style=\"margin:auto;width:100%\">\n<h2 style=\"color: #999999; text-align: center;\"><span style=\"color: #ffffff;\"><img decoding=\"async\" loading=\"lazy\" class=\"alignnone wp-image-805\" src=\"https:\/\/museoanton.es\/wp-content\/uploads\/2021\/09\/3.svg\" alt=\"\" width=\"50\" height=\"50\" \/><br \/>\n<\/span><span style=\"color: #808080;\"><strong>PRESEOS DE TRABAYU<\/strong><\/span><\/h2>\n<\/div>\n<\/div>\n<\/div>\n<\/div>\n<\/div>\n<div  class=\"one withsmallpadding ppb_text\" style=\"padding:30px 0 30px 0;\" >\n<div class=\"standard_wrapper\">\n<div class=\"page_content_wrapper\">\n<div class=\"inner\">\n<div style=\"margin:auto;width:100%\"><audio class=\"wp-audio-shortcode\" id=\"audio-995-2\" preload=\"none\" style=\"width: 100%;\" controls=\"controls\"><source type=\"audio\/mpeg\" src=\"https:\/\/museoanton.es\/as\/wp-content\/uploads\/sites\/12\/2022\/01\/int_3as.mp3?_=2\" \/><a href=\"https:\/\/museoanton.es\/as\/wp-content\/uploads\/sites\/12\/2022\/01\/int_3as.mp3\">https:\/\/museoanton.es\/as\/wp-content\/uploads\/sites\/12\/2022\/01\/int_3as.mp3<\/a><\/audio>\n<\/div>\n<\/div>\n<\/div>\n<\/div>\n<\/div>\n<div  class=\"one withsmallpadding ppb_text\" style=\"padding:30px 0 30px 0;\" >\n<div class=\"standard_wrapper\">\n<div class=\"page_content_wrapper\">\n<div class=\"inner\">\n<div style=\"margin:auto;width:100%\">\n<h6 style=\"text-align: right;\"><a class=\"btn btn-default btn-sm\" href=\"https:\/\/museoanton.es\/as\/qr_int_4\/\"><img decoding=\"async\" loading=\"lazy\" class=\"alignnone wp-image-2398\" src=\"https:\/\/3w.museovt.com\/wp-content\/uploads\/2021\/02\/flechaQr.svg\" alt=\"\" width=\"55\" height=\"36\" \/><\/a><\/h6>\n<\/div>\n<\/div>\n<\/div>\n<\/div>\n<\/div>\n<div  class=\"one withsmallpadding ppb_text\" style=\"padding:30px 0 30px 0;\" >\n<div class=\"standard_wrapper\">\n<div class=\"page_content_wrapper\">\n<div class=\"inner\">\n<div style=\"margin:auto;width:100%\">\n<h6 style=\"text-align: right;\"><a class=\"btn btn-default btn-sm\" href=\"https:\/\/museoanton.es\/as\/qr_int_4\/\"><img decoding=\"async\" loading=\"lazy\" class=\"alignnone wp-image-2398\" src=\"https:\/\/3w.museovt.com\/wp-content\/uploads\/2021\/02\/flechaQr.svg\" alt=\"\" width=\"55\" height=\"36\" \/><\/a><\/h6>\n<\/div>\n<\/div>\n<\/div>\n<\/div>\n<\/div>\n<div  class=\"one withsmallpadding ppb_text\" style=\"padding:30px 0 30px 0;\" >\n<div class=\"standard_wrapper\">\n<div class=\"page_content_wrapper\">\n<div class=\"inner\">\n<div style=\"margin:auto;width:100%\">\n<h4 style=\"text-align: justify;\"><i class=\"fa fa-deaf fa-2x\" aria-hidden=\"true\"><\/i><strong>PRESEOS DE TRABAYU<\/strong><\/h4>\n<p style=\"text-align: justify;\">Nesta vitrina puedes ver delles ferramientes y preseos de trabayu d\u2019Ant\u00f3n.<\/p>\n<p style=\"text-align: justify;\">A la izquierda at\u00f3pase\u2019l so caballete, sobre\u2019l que reposa un cuadru al oliu d\u2019un retratu ensin rematar d\u2019una de les sos amigues: Graciela.<\/p>\n<p style=\"text-align: justify;\">Al so llau, sobre\u2019l taburete de madera decor\u00e1u por \u00e9l mesmu, ta\u2019l so maletu, colos pinceles, dellos tubos de pintura y la paleta onde entemec\u00eda los colores. A la so drecha, mira la mesa de madera, fabricada pol mesmu Ant\u00f3n y qu\u2019usaba pa escribir, dibuxar o lleer. Dispuestos sobre ella, puedes ver unu de los cuadernos de dibuxos que fac\u00eda mientres la so estancia na Escuela de Belles Artes de San Fernando de Madrid, asina como una serie de fueyes manuscrites, nes que fai alcordanza de la so estancia nesta ciud\u00e1. Al llau hai una figurina en bronce fecha pol escultor Juan Crist\u00f3bal, maestru d\u2019Ant\u00f3n en Madrid.<\/p>\n<p style=\"text-align: justify;\">L\u2019arqueta de madera qu&#8217;hai sobre la mesa f\u00edxola tami\u00e9n Ant\u00f3n.<\/p>\n<p style=\"text-align: justify;\">Na par\u00e9 puedes ver los retratos a ll\u00e1piz de tr\u00e9s de les sos cuatro hermanes, xunto col retratu d\u2019una amiga d\u2019elles, Rita, la primera pela izquierda, siguida de Benita, Josefa y Concha.<\/p>\n<p style=\"text-align: justify;\">Na parte de la drecha, ta la mesa qu\u2019Ant\u00f3n utilizaba cuando esculp\u00eda, sobre ella esp\u00f3nense les ferramientes qu\u2019emplegaba pa modelar o tallar.<\/p>\n<p style=\"text-align: justify;\">Has ver, sobre la mesa, el retratu a ll\u00e1piz de so ma y la escultura de so g\u00fcela, n\u2019escayola, que darr\u00e9u tall\u00f3 en madera y que vas poder atopar espuesta nesta sala.<\/p>\n<p style=\"text-align: justify;\">Debaxo de la mesa hai una esbilla de revistes como \u201cLa Esfera\u201d, \u201cBlanco y Negro\u201d o \u201cFotos\u201d, espublizaciones que calten\u00eda como fonte d&#8217;inspiraci\u00f3n pa facer les sos obres.<\/p>\n<\/div>\n<\/div>\n<\/div>\n<\/div>\n<\/div>\n","protected":false},"excerpt":{"rendered":"<p>PRESEOS DE TRABAYU https:\/\/museoanton.es\/as\/wp-content\/uploads\/sites\/12\/2022\/01\/int_3as.mp3 PRESEOS DE TRABAYU Nesta vitrina puedes ver delles ferramientes y preseos de trabayu d\u2019Ant\u00f3n. A la izquierda at\u00f3pase\u2019l so caballete, sobre\u2019l que reposa un cuadru al oliu d\u2019un retratu ensin rematar d\u2019una de les sos amigues: [&hellip;]<\/p>\n","protected":false},"author":1,"featured_media":0,"parent":0,"menu_order":0,"comment_status":"closed","ping_status":"closed","template":"","meta":{"inline_featured_image":false,"_trash_the_other_posts":false,"editor_notices":[],"footnotes":""},"class_list":["post-995","page","type-page","status-publish","hentry"],"_links":{"self":[{"href":"https:\/\/museoanton.es\/as\/wp-json\/wp\/v2\/pages\/995","targetHints":{"allow":["GET"]}}],"collection":[{"href":"https:\/\/museoanton.es\/as\/wp-json\/wp\/v2\/pages"}],"about":[{"href":"https:\/\/museoanton.es\/as\/wp-json\/wp\/v2\/types\/page"}],"author":[{"embeddable":true,"href":"https:\/\/museoanton.es\/as\/wp-json\/wp\/v2\/users\/1"}],"replies":[{"embeddable":true,"href":"https:\/\/museoanton.es\/as\/wp-json\/wp\/v2\/comments?post=995"}],"version-history":[{"count":34,"href":"https:\/\/museoanton.es\/as\/wp-json\/wp\/v2\/pages\/995\/revisions"}],"predecessor-version":[{"id":2602,"href":"https:\/\/museoanton.es\/as\/wp-json\/wp\/v2\/pages\/995\/revisions\/2602"}],"wp:attachment":[{"href":"https:\/\/museoanton.es\/as\/wp-json\/wp\/v2\/media?parent=995"}],"curies":[{"name":"wp","href":"https:\/\/api.w.org\/{rel}","templated":true}]}}