{"id":987,"date":"2021-09-01T11:14:23","date_gmt":"2021-09-01T11:14:23","guid":{"rendered":"https:\/\/museoanton.es\/?page_id=987"},"modified":"2022-01-13T10:47:40","modified_gmt":"2022-01-13T10:47:40","slug":"qr_int_1","status":"publish","type":"page","link":"https:\/\/museoanton.es\/as\/qr_int_1\/","title":{"rendered":"1.- HESTORIA DEL MUS\u00c9U"},"content":{"rendered":"<div  class=\"one withsmallpadding ppb_text\" style=\"padding:30px;\" >\n<h5 id=\"bajar\"><\/h5>\n<\/div>\n<div  class=\"one withsmallpadding ppb_text\" style=\"padding:30px 0 30px 0;\" >\n<div class=\"standard_wrapper\">\n<div class=\"page_content_wrapper\">\n<div class=\"inner\">\n<div style=\"margin:auto;width:100%\">\n<h2 style=\"color: #999999; text-align: center;\"><span style=\"color: #ffffff;\"><img decoding=\"async\" class=\"alignnone wp-image-756\" src=\"https:\/\/3w.museovt.com\/wp-content\/uploads\/2021\/01\/1.svg\" alt=\"\" width=\"50\" \/><br \/>\n<\/span><span style=\"color: #808080;\"><strong>HESTORIA DEL MUS\u00c9U<\/strong><\/span><\/h2>\n<\/div>\n<\/div>\n<\/div>\n<\/div>\n<\/div>\n<div  class=\"one withsmallpadding ppb_text\" style=\"padding:30px 0 30px 0;\" >\n<div class=\"standard_wrapper\">\n<div class=\"page_content_wrapper\">\n<div class=\"inner\">\n<div style=\"margin:auto;width:100%\"><audio class=\"wp-audio-shortcode\" id=\"audio-987-2\" preload=\"none\" style=\"width: 100%;\" controls=\"controls\"><source type=\"audio\/mpeg\" src=\"https:\/\/museoanton.es\/as\/wp-content\/uploads\/sites\/12\/2022\/01\/int_1as.mp3?_=2\" \/><a href=\"https:\/\/museoanton.es\/as\/wp-content\/uploads\/sites\/12\/2022\/01\/int_1as.mp3\">https:\/\/museoanton.es\/as\/wp-content\/uploads\/sites\/12\/2022\/01\/int_1as.mp3<\/a><\/audio>\n<\/div>\n<\/div>\n<\/div>\n<\/div>\n<\/div>\n<div  class=\"one withsmallpadding ppb_text\" style=\"padding:30px 0 30px 0;\" >\n<div class=\"standard_wrapper\">\n<div class=\"page_content_wrapper\">\n<div class=\"inner\">\n<div style=\"margin:auto;width:100%\">\n<h6 style=\"text-align: right;\"><a class=\"btn btn-default btn-sm\" href=\"https:\/\/museoanton.es\/as\/qr_int_2\/\"><img decoding=\"async\" loading=\"lazy\" class=\"alignnone wp-image-2398\" src=\"https:\/\/3w.museovt.com\/wp-content\/uploads\/2021\/02\/flechaQr.svg\" alt=\"\" width=\"55\" height=\"36\" \/><\/a><\/h6>\n<\/div>\n<\/div>\n<\/div>\n<\/div>\n<\/div>\n<div  class=\"one withsmallpadding ppb_text\" style=\"padding:30px 0 30px 0;\" >\n<div class=\"standard_wrapper\">\n<div class=\"page_content_wrapper\">\n<div class=\"inner\">\n<div style=\"margin:auto;width:100%\">\n<h6 style=\"text-align: right;\"><a class=\"btn btn-default btn-sm\" href=\"https:\/\/museoanton.es\/as\/qr_int_2\/\"><img decoding=\"async\" loading=\"lazy\" class=\"alignnone wp-image-2398\" src=\"https:\/\/3w.museovt.com\/wp-content\/uploads\/2021\/02\/flechaQr.svg\" alt=\"\" width=\"55\" height=\"36\" \/><\/a><\/h6>\n<\/div>\n<\/div>\n<\/div>\n<\/div>\n<\/div>\n<div  class=\"one withsmallpadding ppb_text\" style=\"padding:30px 0 30px 0;\" >\n<div class=\"standard_wrapper\">\n<div class=\"page_content_wrapper\">\n<div class=\"inner\">\n<div style=\"margin:auto;width:100%\">\n<h4 style=\"text-align: justify;\"><i class=\"fa fa-deaf fa-2x\" aria-hidden=\"true\"><\/i><strong>HESTORIA DEL MUS\u00c9U<\/strong><\/h4>\n<p style=\"text-align: justify;\">Af\u00e1yate nel Centru d\u2019Escultura de Cand\u00e1s, Mus\u00e9u Ant\u00f3n. Propied\u00e1 del Conceyu de Carre\u00f1o, el centru inx\u00e9rtase na rede de museos del Princip\u00e1u d&#8217;Asturies al travi\u00e9s d&#8217;un alcuerdu de collaboraci\u00f3n permanente cola Conseyer\u00eda de Cultura. Los sos oxetivos son el caltenimientu de les sos colecciones y l\u2019estudiu, documentaci\u00f3n, espardimientu, fomentu, investigaci\u00f3n y pedagox\u00eda de la escultura en toles sos manifestaciones y del arte en xeneral.<\/p>\n<p style=\"text-align: justify;\">El Mus\u00e9u Ant\u00f3n abri\u00f3 les sos puertes al p\u00fablicu\u2019l 13 de xunetu del 1989, tres un procesu empecipi\u00e1u na d\u00e9cada de los setenta del sieglu XX, cuando los heriedes del escultor candas\u00edn Antonio Rodr\u00edguez Garc\u00eda, \u201cAnt\u00f3n\u201d establec\u00eden negociaciones col Conceyu de Carre\u00f1o pa qu\u2019\u00e9sti recibiera en donaci\u00f3n la obra del artista, que calten\u00eden dende diba m\u00e1s de cuatro llustros.<\/p>\n<p style=\"text-align: justify;\">Les instalaciones del Centru ocupen la casona de los Estrada-Nora, edificiu de finales del sieglu XVIII adquir\u00edu pol Conceyu de Carre\u00f1o nel 1983 pal usu cultural m\u00faltiple. Nel 1987 decide destinala nam\u00e1s a mus\u00e9u.<\/p>\n<p style=\"text-align: justify;\">L\u2019edificiu ye de planta cuadrada y dos pisos. L\u2019antepar acueye\u2019l mostrador d\u2019informaci\u00f3n. Nesta planta baxa all\u00faguense tr\u00e9s sales d\u2019esposiciones temporales, l\u2019almac\u00e9n xeneral y los servicios. Una escalera de madera arrinca dende l\u2019antepar recibidor y remata nun corredor, y\u00e1 na primer planta. La mayor parte de la superficie del primer pisu oc\u00fapala una sala bien di\u00e1fana y lluminosa, destinada a la esposici\u00f3n permanente de la obra d\u2019Ant\u00f3n.<\/p>\n<p style=\"text-align: justify;\">Na segunda planta at\u00f3pase la biblioteca, l\u2019archivu y la oficina.<\/p>\n<\/div>\n<\/div>\n<\/div>\n<\/div>\n<\/div>\n<div  class=\"one withsmallpadding ppb_text\" style=\"padding:30px 0 30px 0;\" >\n<div class=\"standard_wrapper\">\n<div class=\"page_content_wrapper\">\n<div class=\"inner\">\n<div style=\"margin:auto;width:100%\">\n<h4 style=\"text-align: justify;\"><i class=\"fa fa-deaf fa-2x\" aria-hidden=\"true\"><\/i><strong>HESTORIA DEL MUS\u00c9U<\/strong><\/h4>\n<p style=\"text-align: justify;\">Af\u00e1yate nel Centru d\u2019Escultura de Cand\u00e1s, Mus\u00e9u Ant\u00f3n. Propied\u00e1 del Conceyu de Carre\u00f1o, el centru inx\u00e9rtase na rede de museos del Princip\u00e1u d&#8217;Asturies al travi\u00e9s d&#8217;un alcuerdu de collaboraci\u00f3n permanente cola Conseyer\u00eda de Cultura. Los sos oxetivos son el caltenimientu de les sos colecciones y l\u2019estudiu, documentaci\u00f3n, espardimientu, fomentu, investigaci\u00f3n y pedagox\u00eda de la escultura en toles sos manifestaciones y del arte en xeneral.<\/p>\n<p style=\"text-align: justify;\">El Mus\u00e9u Ant\u00f3n abri\u00f3 les sos puertes al p\u00fablicu\u2019l 13 de xunetu del 1989, tres un procesu empecipi\u00e1u na d\u00e9cada de los setenta del sieglu XX, cuando los heriedes del escultor candas\u00edn Antonio Rodr\u00edguez Garc\u00eda, \u201cAnt\u00f3n\u201d establec\u00eden negociaciones col Conceyu de Carre\u00f1o pa qu\u2019\u00e9sti recibiera en donaci\u00f3n la obra del artista, que calten\u00eden dende diba m\u00e1s de cuatro llustros.<\/p>\n<p style=\"text-align: justify;\">Les instalaciones del Centru ocupen la casona de los Estrada-Nora, edificiu de finales del sieglu XVIII adquir\u00edu pol Conceyu de Carre\u00f1o nel 1983 pal usu cultural m\u00faltiple. Nel 1987 decide destinala nam\u00e1s a mus\u00e9u.<\/p>\n<p style=\"text-align: justify;\">L\u2019edificiu ye de planta cuadrada y dos pisos. L\u2019antepar acueye\u2019l mostrador d\u2019informaci\u00f3n. Nesta planta baxa all\u00faguense tr\u00e9s sales d\u2019esposiciones temporales, l\u2019almac\u00e9n xeneral y los servicios. Una escalera de madera arrinca dende l\u2019antepar recibidor y remata nun corredor, y\u00e1 na primer planta. La mayor parte de la superficie del primer pisu oc\u00fapala una sala bien di\u00e1fana y lluminosa, destinada a la esposici\u00f3n permanente de la obra d\u2019Ant\u00f3n.<\/p>\n<p style=\"text-align: justify;\">Na segunda planta at\u00f3pase la biblioteca, l\u2019archivu y la oficina.<\/p>\n<\/div>\n<\/div>\n<\/div>\n<\/div>\n<\/div>\n","protected":false},"excerpt":{"rendered":"<p>HESTORIA DEL MUS\u00c9U https:\/\/museoanton.es\/as\/wp-content\/uploads\/sites\/12\/2022\/01\/int_1as.mp3 HESTORIA DEL MUS\u00c9U Af\u00e1yate nel Centru d\u2019Escultura de Cand\u00e1s, Mus\u00e9u Ant\u00f3n. Propied\u00e1 del Conceyu de Carre\u00f1o, el centru inx\u00e9rtase na rede de museos del Princip\u00e1u d&#8217;Asturies al travi\u00e9s d&#8217;un alcuerdu de collaboraci\u00f3n permanente cola Conseyer\u00eda de [&hellip;]<\/p>\n","protected":false},"author":1,"featured_media":0,"parent":0,"menu_order":0,"comment_status":"closed","ping_status":"closed","template":"","meta":{"inline_featured_image":false,"_trash_the_other_posts":false,"editor_notices":[],"footnotes":""},"class_list":["post-987","page","type-page","status-publish","hentry"],"_links":{"self":[{"href":"https:\/\/museoanton.es\/as\/wp-json\/wp\/v2\/pages\/987","targetHints":{"allow":["GET"]}}],"collection":[{"href":"https:\/\/museoanton.es\/as\/wp-json\/wp\/v2\/pages"}],"about":[{"href":"https:\/\/museoanton.es\/as\/wp-json\/wp\/v2\/types\/page"}],"author":[{"embeddable":true,"href":"https:\/\/museoanton.es\/as\/wp-json\/wp\/v2\/users\/1"}],"replies":[{"embeddable":true,"href":"https:\/\/museoanton.es\/as\/wp-json\/wp\/v2\/comments?post=987"}],"version-history":[{"count":47,"href":"https:\/\/museoanton.es\/as\/wp-json\/wp\/v2\/pages\/987\/revisions"}],"predecessor-version":[{"id":2592,"href":"https:\/\/museoanton.es\/as\/wp-json\/wp\/v2\/pages\/987\/revisions\/2592"}],"wp:attachment":[{"href":"https:\/\/museoanton.es\/as\/wp-json\/wp\/v2\/media?parent=987"}],"curies":[{"name":"wp","href":"https:\/\/api.w.org\/{rel}","templated":true}]}}