{"id":978,"date":"2021-09-01T11:11:46","date_gmt":"2021-09-01T11:11:46","guid":{"rendered":"https:\/\/museoanton.es\/?page_id=978"},"modified":"2021-11-17T12:42:27","modified_gmt":"2021-11-17T12:42:27","slug":"qr_int_0","status":"publish","type":"page","link":"https:\/\/museoanton.es\/as\/","title":{"rendered":"0.- MUS\u00c9U"},"content":{"rendered":"<div  class=\"one withsmallpadding ppb_text\" style=\"padding:30px;\" >\n<h5 id=\"bajar\"><\/h5>\n<\/div>\n<div  class=\"one withsmallpadding ppb_text\" style=\"padding:30px 0 30px 0;\" >\n<div class=\"standard_wrapper\">\n<div class=\"page_content_wrapper\">\n<div class=\"inner\">\n<div style=\"margin:auto;width:100%\">\n<h1 style=\"text-align: center;\"><span style=\"color: #ffffff;\"><strong>CENTRU D\u2019ESCULTURA DE CAND\u00c1S MUS\u00c9U ANT\u00d3N<\/strong><\/span><br \/>\n<span style=\"color: #ffffff;\"><strong>MUSEO ANT\u00d3N<\/strong><\/span><\/h1>\n<\/div>\n<\/div>\n<\/div>\n<\/div>\n<\/div>\n<div  class=\"one withsmallpadding ppb_text\" style=\"padding:30px 0 30px 0;\" >\n<div class=\"standard_wrapper\">\n<div class=\"page_content_wrapper\">\n<div class=\"inner\">\n<div style=\"margin:auto;width:100%\">\n<h1 style=\"text-align: center;\"><span style=\"color: #ffffff;\"><strong>CENTRU D\u2019ESCULTURA DE CAND\u00c1S MUS\u00c9U ANT\u00d3N<\/strong><\/span><br \/>\n<span style=\"color: #ffffff;\"><strong>MUSEO ANT\u00d3N<\/strong><\/span><\/h1>\n<\/div>\n<\/div>\n<\/div>\n<\/div>\n<\/div>\n<div  class=\"one withsmallpadding ppb_text\" style=\"padding:30px 0 30px 0;\" >\n<div class=\"standard_wrapper\">\n<div class=\"page_content_wrapper\">\n<div class=\"inner\">\n<div style=\"margin:auto;width:100%\">\n<h2 style=\"text-align: center;\"><strong><span style=\"text-decoration: underline;\">ENTRADA DE BALDRE<\/span><\/strong><\/h2>\n<p style=\"text-align: center;\"><strong><u>HORARIU:<\/u><\/strong><\/p>\n<p style=\"text-align: center;\"><span style=\"text-decoration: underline; color: #999999;\">APERTURA DEL MUS\u00c9U:<\/span><\/p>\n<p style=\"text-align: center;\"><strong>Ochobre a mayu:<\/strong><br \/>\nmartes a vienres, de 17.30 a 19.30 hores; s\u00e1bados y domingos, de 12:00 a 14:00 hores y de 17.30 a 19.30 hores.<\/p>\n<p style=\"text-align: center;\"><strong>Xunu a setiembre:<\/strong><br \/>\nmartes a domingu, de 12:00 a 14:00 hores y de 18:00 a 21:00 hores.<\/p>\n<\/div>\n<\/div>\n<\/div>\n<\/div>\n<\/div>\n<div class=\"standard_wrapper\">\n<div  class=\"one_fourth withsmallpadding ppb_text\" style=\"padding:30px 0 30px 0;\" >\n<div class=\"standard_wrapper\">\n<div class=\"page_content_wrapper\">\n<div class=\"inner\">\n<div style=\"margin:auto;width:100%\"><\/div>\n<\/div>\n<\/div>\n<\/div>\n<\/div>\n<\/div>\n<div class=\"standard_wrapper\">\n<div  class=\"one_half withsmallpadding ppb_text\" style=\"padding:30px 0 30px 0;\" >\n<div class=\"standard_wrapper\">\n<div class=\"page_content_wrapper\">\n<div class=\"inner\">\n<div style=\"margin:auto;width:100%\">\n<p style=\"text-align: center;\"><span style=\"color: #ffffff;\"><strong>Visites guiaes y actividaes educatives<br \/>\nInclusive fuera d\u2019esti horariu, con cita previa<\/strong><\/span><\/p>\n<\/div>\n<\/div>\n<\/div>\n<\/div>\n<\/div>\n<\/div>\n<div  class=\"one withsmallpadding ppb_text\" style=\"padding:30px 0 30px 0;\" >\n<div class=\"standard_wrapper\">\n<div class=\"page_content_wrapper\">\n<div class=\"inner\">\n<div style=\"margin:auto;width:100%\">\n<p style=\"text-align: center;\"><strong><u>HORARIU:<\/u><\/strong><\/p>\n<p style=\"text-align: center;\"><span style=\"text-decoration: underline; color: #999999;\">PIESLLE DEL MUS\u00c9U:<\/span><\/p>\n<p style=\"text-align: center;\">Los llunes y d\u00edes 24, 25 y 31 d\u2019avientu, 1 y 6 de xineru<\/p>\n<h5 style=\"text-align: center;\"><\/h5>\n<\/div>\n<\/div>\n<\/div>\n<\/div>\n<\/div>\n<div  class=\"one withsmallpadding ppb_text\" style=\"padding:30px 0 30px 0;\" >\n<div class=\"standard_wrapper\">\n<div class=\"page_content_wrapper\">\n<div class=\"inner\">\n<div style=\"margin:auto;width:100%\">\n<p style=\"text-align: center;\"><strong><u>HORARIU:<\/u><\/strong><\/p>\n<p style=\"text-align: center;\"><span style=\"text-decoration: underline; color: #999999;\">PIESLLE DEL MUS\u00c9U:<\/span><\/p>\n<p style=\"text-align: center;\">Los llunes y d\u00edes 24, 25 y 31 d\u2019avientu, 1 y 6 de xineru<\/p>\n<h5 style=\"text-align: center;\"><\/h5>\n<\/div>\n<\/div>\n<\/div>\n<\/div>\n<\/div>\n<div  class=\"one withsmallpadding ppb_text\" style=\"padding:30px 0 30px 0;\" >\n<div class=\"standard_wrapper\">\n<div class=\"page_content_wrapper\">\n<div class=\"inner\">\n<div style=\"margin:auto;width:100%\">\n<p style=\"text-align: center;\"><strong><u>HORARIU:<\/u><\/strong><\/p>\n<p style=\"text-align: center;\"><span style=\"text-decoration: underline; color: #999999;\">PIESLLE DEL MUS\u00c9U:<\/span><\/p>\n<p style=\"text-align: center;\">Los llunes y d\u00edes 24, 25 y 31 d\u2019avientu, 1 y 6 de xineru<\/p>\n<h5 style=\"text-align: center;\"><\/h5>\n<\/div>\n<\/div>\n<\/div>\n<\/div>\n<\/div>\n<div  class=\"one withsmallpadding ppb_text\" style=\"padding:30px 0 30px 0;\" >\n<div class=\"standard_wrapper\">\n<div class=\"page_content_wrapper\">\n<div class=\"inner\">\n<div style=\"margin:auto;width:100%\">\n<p>\u00a0<\/p>\n<h1 class=\"p1\" style=\"text-align: center;\"><span style=\"color: #ffffff;\"><strong>\u00bfC\u00d3MO USAR LA TO AUDIOGU\u00cdA?<\/strong><\/span><\/h1>\n<\/div>\n<\/div>\n<\/div>\n<\/div>\n<\/div>\n<div  class=\"one withsmallpadding ppb_text\" style=\"padding:30px 0 30px 0;\" >\n<div class=\"standard_wrapper\">\n<div class=\"page_content_wrapper\">\n<div class=\"inner\">\n<div style=\"margin:auto;width:100%\">\n<p style=\"text-align: center;\"><img decoding=\"async\" loading=\"lazy\" class=\"alignnone wp-image-2883 \" src=\"https:\/\/3w.museovt.com\/wp-content\/uploads\/2021\/03\/auriculares_b.svg\" alt=\"\" width=\"271\" height=\"185\" \/><\/p>\n<h3 class=\"p1\" style=\"text-align: center;\"><span style=\"color: #999999;\">Usa l\u2019audiogu\u00eda nam\u00e1s con auriculares.<\/span><\/h3>\n<p style=\"text-align: justify;\">Nel percorr\u00edu pel mus\u00e9u vas atopar pieces o espacios qu\u2019apurren informaci\u00f3n adicional que vas poder descubrir col sofitu del QR. Darr\u00e9u inform\u00e1moste de c\u00f3mo puedes acceder a esa informaci\u00f3n.<\/p>\n<\/div>\n<\/div>\n<\/div>\n<\/div>\n<\/div>\n<div  class=\"one withsmallpadding ppb_text\" style=\"padding:30px 0 30px 0;\" >\n<div class=\"standard_wrapper\">\n<div class=\"page_content_wrapper\">\n<div class=\"inner\">\n<div style=\"margin:auto;width:100%\">\n<h1 class=\"p1\"><span style=\"color: #c47900;\"><span style=\"color: #999999;\">CON QR<\/span><a href=\"https:\/\/museoanton.es\/wp-content\/uploads\/2021\/09\/movil_qr.svg\"><img decoding=\"async\" loading=\"lazy\" class=\" wp-image-1624 alignright\" src=\"https:\/\/museoanton.es\/wp-content\/uploads\/2021\/09\/movil_qr.svg\" alt=\"\" width=\"312\" height=\"212\" \/><\/a><br \/>\n<span style=\"color: #999999;\">_________________<\/span><\/span><\/h1>\n<p class=\"p1\" style=\"text-align: left;\">1.- Abri la to app llector de QR o la c\u00e1mara del to dispositivu.<\/p>\n<p style=\"text-align: left;\">2.- Enfoca\u2019l to dispositivu hacia\u2019l QR.<\/p>\n<p style=\"text-align: left;\">3.- Dempu\u00e9s, escueyi si quies sentir o lleer el conten\u00edu d\u2019esi espaciu.<\/p>\n<p class=\"p1\" style=\"text-align: left;\">\n<\/div>\n<\/div>\n<\/div>\n<\/div>\n<\/div>\n<div  class=\"one withsmallpadding ppb_text\" style=\"padding:30px 0 30px 0;\" >\n<div class=\"standard_wrapper\">\n<div class=\"page_content_wrapper\">\n<div class=\"inner\">\n<div style=\"margin:auto;width:100%\">\n<h1 class=\"p1\"><span style=\"color: #c47900;\"><span style=\"color: #999999;\">SIN QR<a href=\"https:\/\/museoanton.es\/as\/wp-content\/uploads\/sites\/12\/2021\/11\/movil_sin_qr.svg\"><img decoding=\"async\" loading=\"lazy\" class=\"wp-image-2419 alignright\" src=\"https:\/\/museoanton.es\/as\/wp-content\/uploads\/sites\/12\/2021\/11\/movil_sin_qr.svg\" alt=\"\" width=\"185\" height=\"238\" \/><\/a><\/span>\u00a0<\/span><\/h1>\n<h1 class=\"p1\"><span style=\"color: #999999;\">_________________<\/span><\/h1>\n<p class=\"p1\" style=\"text-align: left;\">1.- Abri\u2019l navegador del to dispositivu y accedi a la URL: www.museoanton.es<\/p>\n<p style=\"text-align: left;\">2.- Despliega\u2019l men\u00fa de l\u2019aplicaci\u00f3n y busca\u2019l n\u00famberu que coincida col del QR qu\u2019atopes mientres la visita.<\/p>\n<p style=\"text-align: left;\">3.- Dempu\u00e9s, escueyi si quies sentir o lleer el conten\u00edu d\u2019esi espaciu.<\/p>\n<p class=\"p1\">\n<\/div>\n<\/div>\n<\/div>\n<\/div>\n<\/div>\n","protected":false},"excerpt":{"rendered":"<p>CENTRU D\u2019ESCULTURA DE CAND\u00c1S MUS\u00c9U ANT\u00d3N MUSEO ANT\u00d3N CENTRU D\u2019ESCULTURA DE CAND\u00c1S MUS\u00c9U ANT\u00d3N MUSEO ANT\u00d3N ENTRADA DE BALDRE HORARIU: APERTURA DEL MUS\u00c9U: Ochobre a mayu: martes a vienres, de 17.30 a 19.30 hores; s\u00e1bados y domingos, de 12:00 a [&hellip;]<\/p>\n","protected":false},"author":1,"featured_media":0,"parent":0,"menu_order":0,"comment_status":"closed","ping_status":"closed","template":"","meta":{"inline_featured_image":false,"_trash_the_other_posts":false,"editor_notices":[],"footnotes":""},"class_list":["post-978","page","type-page","status-publish","hentry"],"_links":{"self":[{"href":"https:\/\/museoanton.es\/as\/wp-json\/wp\/v2\/pages\/978","targetHints":{"allow":["GET"]}}],"collection":[{"href":"https:\/\/museoanton.es\/as\/wp-json\/wp\/v2\/pages"}],"about":[{"href":"https:\/\/museoanton.es\/as\/wp-json\/wp\/v2\/types\/page"}],"author":[{"embeddable":true,"href":"https:\/\/museoanton.es\/as\/wp-json\/wp\/v2\/users\/1"}],"replies":[{"embeddable":true,"href":"https:\/\/museoanton.es\/as\/wp-json\/wp\/v2\/comments?post=978"}],"version-history":[{"count":283,"href":"https:\/\/museoanton.es\/as\/wp-json\/wp\/v2\/pages\/978\/revisions"}],"predecessor-version":[{"id":2422,"href":"https:\/\/museoanton.es\/as\/wp-json\/wp\/v2\/pages\/978\/revisions\/2422"}],"wp:attachment":[{"href":"https:\/\/museoanton.es\/as\/wp-json\/wp\/v2\/media?parent=978"}],"curies":[{"name":"wp","href":"https:\/\/api.w.org\/{rel}","templated":true}]}}