{"id":610,"date":"2021-08-31T17:53:23","date_gmt":"2021-08-31T17:53:23","guid":{"rendered":"https:\/\/museoanton.es\/?page_id=610"},"modified":"2023-12-26T11:01:03","modified_gmt":"2023-12-26T11:01:03","slug":"qr_ext_0","status":"publish","type":"page","link":"https:\/\/museoanton.es\/as\/qr_ext_0\/","title":{"rendered":".- PARQUE ESCULT\u00d3RICU"},"content":{"rendered":"<div  class=\"one\" style=\"padding:0px 0 0px 0;\" >\n<div class=\"page_content_wrapper withbg\" style=\"background-image:url(https:\/\/museoanton.es\/as\/wp-content\/uploads\/sites\/12\/2021\/11\/pano_parque.jpg);background-size:cover;background-position:center center;height:540px;position:relative;\"><\/div>\n<\/div>\n<div  class=\"one withsmallpadding ppb_text\" style=\"padding:30px 0 30px 0;\" >\n<div class=\"standard_wrapper\">\n<div class=\"page_content_wrapper\">\n<div class=\"inner\">\n<div style=\"margin:auto;width:100%\">\n<div class=\"tabs\">\n<ul>\n<li><a href=\"#tabs-1\">INFO<\/a><\/li>\n<li><a href=\"#tabs-2\">DESCRIPCI\u00d3N<\/a><\/li>\n<\/ul>\n<div id=\"tabs-1\" class=\"tab_wrapper\"><br class=\"clear\"\/><\/p>\n<p style=\"text-align: center;\"><strong>VISITA EL PARQUE ESCULT\u00d3RICU NEL ESTERIOR DEL MUS\u00c9U Y PARA VER INFORMACI\u00d3N DE CADA PIEZA, PRIME LA SO FOTOGRAF\u00cdA NEL LLIST\u00c1U INFERIOR.<\/strong><\/p>\n<p><a href=\"#bajar\"><img loading=\"lazy\" decoding=\"async\" class=\"wp-image-1459 aligncenter\" src=\"https:\/\/museoanton.es\/wp-content\/uploads\/2021\/09\/click.svg\" alt=\"\" width=\"69\" height=\"59\" \/><\/a><\/p>\n<\/div>\n<div id=\"tabs-2\" class=\"tab_wrapper\"><br class=\"clear\"\/><\/p>\n<p><!--[if lt IE 9]><script>document.createElement('audio');<\/script><![endif]--><br \/>\n<audio class=\"wp-audio-shortcode\" id=\"audio-610-1\" preload=\"none\" style=\"width: 100%;\" controls=\"controls\"><source type=\"audio\/mpeg\" src=\"https:\/\/museoanton.es\/as\/wp-content\/uploads\/sites\/12\/2022\/01\/ext_0as.mp3?_=1\" \/><a href=\"https:\/\/museoanton.es\/as\/wp-content\/uploads\/sites\/12\/2022\/01\/ext_0as.mp3\">https:\/\/museoanton.es\/as\/wp-content\/uploads\/sites\/12\/2022\/01\/ext_0as.mp3<\/a><\/audio><\/p>\n<p>\u00a0<\/p>\n<h5><span style=\"text-align: justify; font-size: 16px;\">Col env\u00eds de que\u2019l centru nun quedara reduc\u00edu a esponer les sos colecciones nam\u00e1s nel interior, pens\u00f3se nel allongamientu de les sos obres al esterior. Asina ye como, na franxa costera qu\u2019arrinca na rodiada del mus\u00e9u y bordia\u2019l cabu de San Antonio, cre\u00f3se nel 1989 esti xard\u00edn escult\u00f3ricu frutu de la estrecha collaboraci\u00f3n ente\u2019l Conceyu de Carre\u00f1o y la Conseyer\u00eda de Cultura del Princip\u00e1u d\u2019Asturies. Una esperiencia pionera n\u2019Asturies.<\/span><\/h5>\n<h5 style=\"text-align: justify;\">La colecci\u00f3n cunta con venticuatro pieces pertenecientes a escultores contempor\u00e1neos, ente los que s\u2019atopen dellos artistes becaos pol mesmu Mus\u00e9u Ant\u00f3n al travi\u00e9s del so programa de beques d\u2019ayuda a la creaci\u00f3n y a la investigaci\u00f3n escult\u00f3rica.<\/h5>\n<\/div>\n<\/div>\n<\/div>\n<\/div>\n<\/div>\n<\/div>\n<\/div>\n<div  class=\"one withsmallpadding ppb_text\" style=\"padding:30px 0 30px 0;background-color:#e8e8e8;\" >\n<div class=\"standard_wrapper\">\n<div class=\"page_content_wrapper\">\n<div class=\"inner\">\n<div style=\"margin:auto;width:100%\">\n<p id=\"bajar\"><a href=\"https:\/\/museoanton.es\/as\/qr_ext_1\/\"><img loading=\"lazy\" decoding=\"async\" class=\"alignnone wp-image-613 size-medium\" src=\"https:\/\/museoanton.es\/wp-content\/uploads\/2021\/08\/1_cuadrada-300x300.jpg\" alt=\"\" width=\"300\" height=\"300\" \/><\/a> <a href=\"https:\/\/museoanton.es\/as\/qr_ext_2\/\"><img loading=\"lazy\" decoding=\"async\" class=\"alignnone size-medium wp-image-614\" src=\"https:\/\/museoanton.es\/wp-content\/uploads\/2021\/08\/2_cuadrada-300x300.jpg\" alt=\"\" width=\"300\" height=\"300\" \/><\/a> <a href=\"https:\/\/museoanton.es\/as\/qr_ext_3\/\"><img loading=\"lazy\" decoding=\"async\" class=\"alignnone size-medium wp-image-615\" src=\"https:\/\/museoanton.es\/wp-content\/uploads\/2021\/08\/3_cuadrada-300x300.jpg\" alt=\"\" width=\"300\" height=\"300\" \/><\/a> <a href=\"https:\/\/museoanton.es\/as\/qr_ext_4\/\"><img loading=\"lazy\" decoding=\"async\" class=\"alignnone size-medium wp-image-616\" src=\"https:\/\/museoanton.es\/wp-content\/uploads\/2021\/08\/4_cuadrada-300x300.jpg\" alt=\"\" width=\"300\" height=\"300\" \/><\/a> <a href=\"https:\/\/museoanton.es\/as\/qr_ext_5\/\"><img loading=\"lazy\" decoding=\"async\" class=\"alignnone wp-image-617 size-medium\" src=\"https:\/\/museoanton.es\/wp-content\/uploads\/2021\/08\/5_cuadrada-300x300.jpg\" alt=\"\" width=\"300\" height=\"300\" \/><\/a> <a href=\"https:\/\/museoanton.es\/as\/qr_ext_6\/\"><img loading=\"lazy\" decoding=\"async\" class=\"alignnone size-medium wp-image-618\" src=\"https:\/\/museoanton.es\/wp-content\/uploads\/2021\/08\/6_cuadrada-300x300.jpg\" alt=\"\" width=\"300\" height=\"300\" \/><\/a> <a href=\"https:\/\/museoanton.es\/as\/qr_ext_7\/\"><img loading=\"lazy\" decoding=\"async\" class=\"alignnone size-medium wp-image-619\" src=\"https:\/\/museoanton.es\/wp-content\/uploads\/2021\/08\/7_cuadrada-300x300.jpg\" alt=\"\" width=\"300\" height=\"300\" \/><\/a> <a href=\"https:\/\/museoanton.es\/as\/qr_ext_8\/\"><img loading=\"lazy\" decoding=\"async\" class=\"alignnone size-medium wp-image-620\" src=\"https:\/\/museoanton.es\/wp-content\/uploads\/2021\/08\/8_cuadrada-300x300.jpg\" alt=\"\" width=\"300\" height=\"300\" \/><\/a> <a href=\"https:\/\/museoanton.es\/as\/qr_ext_9\/\"><img loading=\"lazy\" decoding=\"async\" class=\"alignnone size-medium wp-image-621\" src=\"https:\/\/museoanton.es\/wp-content\/uploads\/2021\/08\/9_cuadrada-300x300.jpg\" alt=\"\" width=\"300\" height=\"300\" \/><\/a> <a href=\"https:\/\/museoanton.es\/as\/qr_ext_10\/\"><img loading=\"lazy\" decoding=\"async\" class=\"alignnone size-medium wp-image-622\" src=\"https:\/\/museoanton.es\/wp-content\/uploads\/2021\/08\/10_cuadrada-300x300.jpg\" alt=\"\" width=\"300\" height=\"300\" \/><\/a> <a href=\"https:\/\/museoanton.es\/as\/qr_ext_11\/\"><img loading=\"lazy\" decoding=\"async\" class=\"alignnone wp-image-623 size-medium\" src=\"https:\/\/museoanton.es\/wp-content\/uploads\/2021\/08\/11_cuadrada-300x300.jpg\" alt=\"\" width=\"300\" height=\"300\" \/><\/a> <a href=\"https:\/\/museoanton.es\/as\/qr_ext_12\/\"><img loading=\"lazy\" decoding=\"async\" class=\"alignnone size-medium wp-image-624\" src=\"https:\/\/museoanton.es\/wp-content\/uploads\/2021\/08\/12_cuadrada-300x300.jpg\" alt=\"\" width=\"300\" height=\"300\" \/><\/a> <a href=\"https:\/\/museoanton.es\/as\/qr_ext_13\/\"><img loading=\"lazy\" decoding=\"async\" class=\"alignnone wp-image-625 size-medium\" src=\"https:\/\/museoanton.es\/wp-content\/uploads\/2021\/08\/13_cuadrada-300x300.jpg\" alt=\"\" width=\"300\" height=\"300\" \/><\/a> <a href=\"https:\/\/museoanton.es\/as\/qr_ext_14\/\"><img loading=\"lazy\" decoding=\"async\" class=\"alignnone size-medium wp-image-626\" src=\"https:\/\/museoanton.es\/wp-content\/uploads\/2021\/08\/14_cuadrada-300x300.jpg\" alt=\"\" width=\"300\" height=\"300\" \/><\/a> <a href=\"https:\/\/museoanton.es\/as\/qr_ext_15\/\"><img loading=\"lazy\" decoding=\"async\" class=\"alignnone size-medium wp-image-627\" src=\"https:\/\/museoanton.es\/wp-content\/uploads\/2021\/08\/15_cuadrada-300x300.jpg\" alt=\"\" width=\"300\" height=\"300\" \/><\/a> <a href=\"https:\/\/museoanton.es\/as\/qr_ext_16\/\"><img loading=\"lazy\" decoding=\"async\" class=\"alignnone size-medium wp-image-628\" src=\"https:\/\/museoanton.es\/wp-content\/uploads\/2021\/08\/16_cuadrada-300x300.jpg\" alt=\"\" width=\"300\" height=\"300\" \/><\/a> <a href=\"https:\/\/museoanton.es\/as\/qr_ext_17\/\"><img loading=\"lazy\" decoding=\"async\" class=\"alignnone size-medium wp-image-629\" src=\"https:\/\/museoanton.es\/wp-content\/uploads\/2021\/08\/17_cuadrada-300x300.jpg\" alt=\"\" width=\"300\" height=\"300\" \/><\/a> <a href=\"https:\/\/museoanton.es\/as\/qr_ext_18\/\"><img loading=\"lazy\" decoding=\"async\" class=\"alignnone size-medium wp-image-630\" src=\"https:\/\/museoanton.es\/wp-content\/uploads\/2021\/08\/18_cuadrada-300x300.jpg\" alt=\"\" width=\"300\" height=\"300\" \/><\/a> <a href=\"https:\/\/museoanton.es\/as\/qr_ext_19\/\"><img loading=\"lazy\" decoding=\"async\" class=\"alignnone size-medium wp-image-631\" src=\"https:\/\/museoanton.es\/wp-content\/uploads\/2021\/08\/19_cuadrada-300x300.jpg\" alt=\"\" width=\"300\" height=\"300\" \/><\/a> <a href=\"https:\/\/museoanton.es\/as\/qr_ext_20\"><img loading=\"lazy\" decoding=\"async\" class=\"alignnone size-medium wp-image-632\" src=\"https:\/\/museoanton.es\/wp-content\/uploads\/2021\/08\/20_cuadrada-300x300.jpg\" alt=\"\" width=\"300\" height=\"300\" \/><\/a><a href=\"https:\/\/museoanton.es\/as\/qr_ext_21\"><img loading=\"lazy\" decoding=\"async\" class=\"alignnone size-medium wp-image-2716\" src=\"https:\/\/museoanton.es\/as\/wp-content\/uploads\/sites\/12\/2023\/12\/del-limo_2023c-300x300.jpg\" alt=\"\" width=\"300\" height=\"300\" \/><\/a> <a href=\"https:\/\/museoanton.es\/as\/qr_ext_22\/\"><img loading=\"lazy\" decoding=\"async\" class=\"alignnone size-medium wp-image-633\" src=\"https:\/\/museoanton.es\/wp-content\/uploads\/2021\/08\/22_cuadrada-300x300.jpg\" alt=\"\" width=\"300\" height=\"300\" \/><\/a> <a href=\"https:\/\/museoanton.es\/as\/qr_ext_23\/\"><img loading=\"lazy\" decoding=\"async\" class=\"alignnone size-medium wp-image-634\" src=\"https:\/\/museoanton.es\/wp-content\/uploads\/2021\/08\/23_cuadrada-300x300.jpg\" alt=\"\" width=\"300\" height=\"300\" \/><\/a><a href=\"https:\/\/museoanton.es\/as\/qr_ext_24\/\"><img loading=\"lazy\" decoding=\"async\" class=\"alignnone size-medium wp-image-635\" src=\"https:\/\/museoanton.es\/wp-content\/uploads\/2021\/08\/24_cuadrada-300x300.jpg\" alt=\"\" width=\"300\" height=\"300\" \/><\/a><\/p>\n<\/div>\n<\/div>\n<\/div>\n<\/div>\n<\/div>\n<div  class=\"one withsmallpadding ppb_text\" style=\"padding:0px;\" >\n<p><iframe loading=\"lazy\" src=\"https:\/\/www.google.com\/maps\/d\/embed?mid=1kkYOp0f4tVcxE4JfM4NCvkLW5eQmVDxI\" width=\"100%\" height=\"480\"><\/iframe><\/p>\n<h2 style=\"text-align: center;\"><a href=\"https:\/\/www.google.com\/maps\/d\/edit?mid=1kkYOp0f4tVcxE4JfM4NCvkLW5eQmVDxI&#038;ll=43.59042609605025%2C-5.763507923114572&#038;z=20\">[ VER MAPA ]<\/a><\/h2>\n<\/div>\n","protected":false},"excerpt":{"rendered":"<p>INFO DESCRIPCI\u00d3N VISITA EL PARQUE ESCULT\u00d3RICU NEL ESTERIOR DEL MUS\u00c9U Y PARA VER INFORMACI\u00d3N DE CADA PIEZA, PRIME LA SO FOTOGRAF\u00cdA NEL LLIST\u00c1U INFERIOR. https:\/\/museoanton.es\/as\/wp-content\/uploads\/sites\/12\/2022\/01\/ext_0as.mp3 \u00a0 Col env\u00eds de que\u2019l centru nun quedara reduc\u00edu a esponer les sos colecciones nam\u00e1s [&hellip;]<\/p>\n","protected":false},"author":1,"featured_media":0,"parent":0,"menu_order":0,"comment_status":"closed","ping_status":"closed","template":"","meta":{"inline_featured_image":false,"_trash_the_other_posts":false,"editor_notices":[],"footnotes":""},"class_list":["post-610","page","type-page","status-publish","hentry"],"_links":{"self":[{"href":"https:\/\/museoanton.es\/as\/wp-json\/wp\/v2\/pages\/610","targetHints":{"allow":["GET"]}}],"collection":[{"href":"https:\/\/museoanton.es\/as\/wp-json\/wp\/v2\/pages"}],"about":[{"href":"https:\/\/museoanton.es\/as\/wp-json\/wp\/v2\/types\/page"}],"author":[{"embeddable":true,"href":"https:\/\/museoanton.es\/as\/wp-json\/wp\/v2\/users\/1"}],"replies":[{"embeddable":true,"href":"https:\/\/museoanton.es\/as\/wp-json\/wp\/v2\/comments?post=610"}],"version-history":[{"count":213,"href":"https:\/\/museoanton.es\/as\/wp-json\/wp\/v2\/pages\/610\/revisions"}],"predecessor-version":[{"id":2717,"href":"https:\/\/museoanton.es\/as\/wp-json\/wp\/v2\/pages\/610\/revisions\/2717"}],"wp:attachment":[{"href":"https:\/\/museoanton.es\/as\/wp-json\/wp\/v2\/media?parent=610"}],"curies":[{"name":"wp","href":"https:\/\/api.w.org\/{rel}","templated":true}]}}