{"id":540,"date":"2021-08-31T17:02:07","date_gmt":"2021-08-31T17:02:07","guid":{"rendered":"https:\/\/museoanton.es\/?page_id=540"},"modified":"2022-01-13T11:00:33","modified_gmt":"2022-01-13T11:00:33","slug":"qr_ext_22","status":"publish","type":"page","link":"https:\/\/museoanton.es\/as\/qr_ext_22\/","title":{"rendered":"22.- EXPLOXI\u00d3ND E VAC\u00cdO"},"content":{"rendered":"<div  class=\"one withsmallpadding ppb_text\" style=\"padding:30px;\" >\n<h5 id=\"bajar\"><\/h5>\n<\/div>\n<div  class=\"one withsmallpadding ppb_text\" style=\"padding:30px 0 30px 0;\" >\n<div class=\"standard_wrapper\">\n<div class=\"page_content_wrapper\">\n<div class=\"inner\">\n<div style=\"margin:auto;width:100%\">\n<h2 style=\"color: #999999; text-align: center;\"><span style=\"color: #ffffff;\"><img decoding=\"async\" loading=\"lazy\" class=\"alignnone  wp-image-824\" src=\"https:\/\/museoanton.es\/wp-content\/uploads\/2021\/09\/22.svg\" alt=\"\" width=\"50\" height=\"50\" \/><br \/>\n<\/span>EXPLOSI\u00d3N DE VAC\u00cdO<\/h2>\n<h4 style=\"color: #999999; text-align: center;\">Jos\u00e9 \u00c1ngel Merino<\/h4>\n<\/div>\n<\/div>\n<\/div>\n<\/div>\n<\/div>\n<div  class=\"one withsmallpadding ppb_text\" style=\"padding:30px 0 30px 0;\" >\n<div class=\"standard_wrapper\">\n<div class=\"page_content_wrapper\">\n<div class=\"inner\">\n<div style=\"margin:auto;width:100%\"><audio class=\"wp-audio-shortcode\" id=\"audio-540-2\" preload=\"none\" style=\"width: 100%;\" controls=\"controls\"><source type=\"audio\/mpeg\" src=\"https:\/\/museoanton.es\/as\/wp-content\/uploads\/sites\/12\/2022\/01\/ext_22as.mp3?_=2\" \/><a href=\"https:\/\/museoanton.es\/as\/wp-content\/uploads\/sites\/12\/2022\/01\/ext_22as.mp3\">https:\/\/museoanton.es\/as\/wp-content\/uploads\/sites\/12\/2022\/01\/ext_22as.mp3<\/a><\/audio>\n<\/div>\n<\/div>\n<\/div>\n<\/div>\n<\/div>\n<div  class=\"one withsmallpadding ppb_text\" style=\"padding:30px 0 30px 0;\" >\n<div class=\"standard_wrapper\">\n<div class=\"page_content_wrapper\">\n<div class=\"inner\">\n<div style=\"margin:auto;width:100%\">\n<h6 style=\"text-align: right;\"><a class=\"btn btn-default btn-sm\" href=\"https:\/\/museoanton.es\/as\/qr_ext_23\/\"><img decoding=\"async\" loading=\"lazy\" class=\"alignnone wp-image-2398\" src=\"https:\/\/3w.museovt.com\/wp-content\/uploads\/2021\/02\/flechaQr.svg\" alt=\"\" width=\"55\" height=\"36\" \/><\/a><\/h6>\n<\/div>\n<\/div>\n<\/div>\n<\/div>\n<\/div>\n<div  class=\"one withsmallpadding ppb_text\" style=\"padding:30px 0 30px 0;\" >\n<div class=\"standard_wrapper\">\n<div class=\"page_content_wrapper\">\n<div class=\"inner\">\n<div style=\"margin:auto;width:100%\">\n<h6 style=\"text-align: right;\"><a class=\"btn btn-default btn-sm\" href=\"https:\/\/museoanton.es\/as\/qr_ext_23\/\"><img decoding=\"async\" loading=\"lazy\" class=\"alignnone wp-image-2398\" src=\"https:\/\/3w.museovt.com\/wp-content\/uploads\/2021\/02\/flechaQr.svg\" alt=\"\" width=\"55\" height=\"36\" \/><\/a><\/h6>\n<\/div>\n<\/div>\n<\/div>\n<\/div>\n<\/div>\n<div  class=\"one withsmallpadding ppb_text\" style=\"padding:30px 0 30px 0;\" >\n<div class=\"standard_wrapper\">\n<div class=\"page_content_wrapper\">\n<div class=\"inner\">\n<div style=\"margin:auto;width:100%\">\n<p style=\"text-align: justify;\"><i class=\"fa fa-deaf fa-2x\" aria-hidden=\"true\"><\/i> Jos\u00e9 \u00c1ngel Mer\u00edn fai esta escultura d\u2019aluminiu llamada \u201cEsplosi\u00f3n de vac\u00edo\u201d nel 2010, cola que llogr\u00f3 la Beca Ant\u00f3n d\u2019Ayuda a la Creaci\u00f3n Escult\u00f3rica nel 2009.<\/p>\n<p style=\"text-align: justify;\">\u201cEsplosi\u00f3n de vac\u00edo\u201d representa un homenaxe a Ant\u00f3n y, por estensi\u00f3n, a toos aquellos que vieron la so vida fra\u00f1ada pola guerra.<\/p>\n<p style=\"text-align: justify;\">La obra material\u00edzase nun cubu que presenta m\u00faltiples g\u00fcecos, reproduciendo asina, la idea d\u2019espa\u00f1\u00edu que se xenera nel interior y que na so espansi\u00f3n estroza\u2019l material col que se fixo la pieza.<\/p>\n<\/div>\n<\/div>\n<\/div>\n<\/div>\n<\/div>\n<div  class=\"one withsmallpadding ppb_text\" style=\"padding:30px;\" >\n<p><iframe loading=\"lazy\" src=\"https:\/\/www.google.com\/maps\/d\/embed?mid=1W_fe7lipG6S0gZfcO4bhgEH2dN40ztky\" width=\"100%\" height=\"480\"><\/iframe><\/p>\n<\/div>\n","protected":false},"excerpt":{"rendered":"<p>EXPLOSI\u00d3N DE VAC\u00cdO Jos\u00e9 \u00c1ngel Merino https:\/\/museoanton.es\/as\/wp-content\/uploads\/sites\/12\/2022\/01\/ext_22as.mp3 Jos\u00e9 \u00c1ngel Mer\u00edn fai esta escultura d\u2019aluminiu llamada \u201cEsplosi\u00f3n de vac\u00edo\u201d nel 2010, cola que llogr\u00f3 la Beca Ant\u00f3n d\u2019Ayuda a la Creaci\u00f3n Escult\u00f3rica nel 2009. \u201cEsplosi\u00f3n de vac\u00edo\u201d representa un homenaxe a [&hellip;]<\/p>\n","protected":false},"author":1,"featured_media":0,"parent":0,"menu_order":0,"comment_status":"closed","ping_status":"closed","template":"","meta":{"inline_featured_image":false,"_trash_the_other_posts":false,"editor_notices":[],"footnotes":""},"class_list":["post-540","page","type-page","status-publish","hentry"],"_links":{"self":[{"href":"https:\/\/museoanton.es\/as\/wp-json\/wp\/v2\/pages\/540","targetHints":{"allow":["GET"]}}],"collection":[{"href":"https:\/\/museoanton.es\/as\/wp-json\/wp\/v2\/pages"}],"about":[{"href":"https:\/\/museoanton.es\/as\/wp-json\/wp\/v2\/types\/page"}],"author":[{"embeddable":true,"href":"https:\/\/museoanton.es\/as\/wp-json\/wp\/v2\/users\/1"}],"replies":[{"embeddable":true,"href":"https:\/\/museoanton.es\/as\/wp-json\/wp\/v2\/comments?post=540"}],"version-history":[{"count":36,"href":"https:\/\/museoanton.es\/as\/wp-json\/wp\/v2\/pages\/540\/revisions"}],"predecessor-version":[{"id":2694,"href":"https:\/\/museoanton.es\/as\/wp-json\/wp\/v2\/pages\/540\/revisions\/2694"}],"wp:attachment":[{"href":"https:\/\/museoanton.es\/as\/wp-json\/wp\/v2\/media?parent=540"}],"curies":[{"name":"wp","href":"https:\/\/api.w.org\/{rel}","templated":true}]}}