{"id":519,"date":"2021-08-31T16:54:29","date_gmt":"2021-08-31T16:54:29","guid":{"rendered":"https:\/\/museoanton.es\/?page_id=519"},"modified":"2022-01-13T11:01:17","modified_gmt":"2022-01-13T11:01:17","slug":"qr_ext_20","status":"publish","type":"page","link":"https:\/\/museoanton.es\/as\/qr_ext_20\/","title":{"rendered":"20.- OBELISCO"},"content":{"rendered":"<div  class=\"one withsmallpadding ppb_text\" style=\"padding:30px;\" >\n<h5 id=\"bajar\"><\/h5>\n<\/div>\n<div  class=\"one withsmallpadding ppb_text\" style=\"padding:30px 0 30px 0;\" >\n<div class=\"standard_wrapper\">\n<div class=\"page_content_wrapper\">\n<div class=\"inner\">\n<div style=\"margin:auto;width:100%\">\n<h2 style=\"color: #999999; text-align: center;\"><span style=\"color: #ffffff;\"><img decoding=\"async\" loading=\"lazy\" class=\"alignnone  wp-image-822\" src=\"https:\/\/museoanton.es\/wp-content\/uploads\/2021\/09\/20.svg\" alt=\"\" width=\"50\" height=\"50\" \/><br \/>\n<\/span>OBELISCO<\/h2>\n<h4 style=\"color: #999999; text-align: center;\">Cesar Ripoll Dono<\/h4>\n<\/div>\n<\/div>\n<\/div>\n<\/div>\n<\/div>\n<div  class=\"one withsmallpadding ppb_text\" style=\"padding:30px 0 30px 0;\" >\n<div class=\"standard_wrapper\">\n<div class=\"page_content_wrapper\">\n<div class=\"inner\">\n<div style=\"margin:auto;width:100%\"><audio class=\"wp-audio-shortcode\" id=\"audio-519-2\" preload=\"none\" style=\"width: 100%;\" controls=\"controls\"><source type=\"audio\/mpeg\" src=\"https:\/\/museoanton.es\/as\/wp-content\/uploads\/sites\/12\/2022\/01\/ext_20as.mp3?_=2\" \/><a href=\"https:\/\/museoanton.es\/as\/wp-content\/uploads\/sites\/12\/2022\/01\/ext_20as.mp3\">https:\/\/museoanton.es\/as\/wp-content\/uploads\/sites\/12\/2022\/01\/ext_20as.mp3<\/a><\/audio>\n<\/div>\n<\/div>\n<\/div>\n<\/div>\n<\/div>\n<div  class=\"one withsmallpadding ppb_text\" style=\"padding:30px 0 30px 0;\" >\n<div class=\"standard_wrapper\">\n<div class=\"page_content_wrapper\">\n<div class=\"inner\">\n<div style=\"margin:auto;width:100%\">\n<h6 style=\"text-align: right;\"><a class=\"btn btn-default btn-sm\" href=\"https:\/\/museoanton.es\/as\/qr_ext_21\/\"><img decoding=\"async\" loading=\"lazy\" class=\"alignnone wp-image-2398\" src=\"https:\/\/3w.museovt.com\/wp-content\/uploads\/2021\/02\/flechaQr.svg\" alt=\"\" width=\"55\" height=\"36\" \/><\/a><\/h6>\n<\/div>\n<\/div>\n<\/div>\n<\/div>\n<\/div>\n<div  class=\"one withsmallpadding ppb_text\" style=\"padding:30px 0 30px 0;\" >\n<div class=\"standard_wrapper\">\n<div class=\"page_content_wrapper\">\n<div class=\"inner\">\n<div style=\"margin:auto;width:100%\">\n<h6 style=\"text-align: right;\"><a class=\"btn btn-default btn-sm\" href=\"https:\/\/museoanton.es\/as\/qr_ext_21\/\"><img decoding=\"async\" loading=\"lazy\" class=\"alignnone wp-image-2398\" src=\"https:\/\/3w.museovt.com\/wp-content\/uploads\/2021\/02\/flechaQr.svg\" alt=\"\" width=\"55\" height=\"36\" \/><\/a><\/h6>\n<\/div>\n<\/div>\n<\/div>\n<\/div>\n<\/div>\n<div  class=\"one withsmallpadding ppb_text\" style=\"padding:30px 0 30px 0;\" >\n<div class=\"standard_wrapper\">\n<div class=\"page_content_wrapper\">\n<div class=\"inner\">\n<div style=\"margin:auto;width:100%\">\n<p style=\"text-align: justify;\"><i class=\"fa fa-deaf fa-2x\" aria-hidden=\"true\"><\/i> \u201cObelisco\u201d, de 2006, ye una obra fecha pol escultor Cesar Ripoll Dono, n\u2019aceru cort\u00e9n y n\u2019aceru inoxidable. Foi creada por cuenta de la concesi\u00f3n de la Beca Ant\u00f3n d\u2019Ayuda a la Creaci\u00f3n Escult\u00f3rica nel 2005.<\/p>\n<p style=\"text-align: justify;\">La pieza configur\u00e1se nun gran tri\u00e1ngulu equill\u00e1teru de seis metros d\u2019altor. Nos postreros tr\u00e9s metros, l\u2019autor fixo riestra de retayos xeom\u00e9tricos y d\u2019otres formes m\u00e1s imaxinaries.<\/p>\n<p style=\"text-align: justify;\">La obra remata con un prisma d\u2019un metro, fechu n\u2019aceru inoxidable.<\/p>\n<\/div>\n<\/div>\n<\/div>\n<\/div>\n<\/div>\n<div  class=\"one withsmallpadding ppb_text\" style=\"padding:30px;\" >\n<p><iframe loading=\"lazy\" src=\"https:\/\/www.google.com\/maps\/d\/embed?mid=1SsL4ikPa3KNvt1yc3ZPEeR6PK-5hrJ1v\" width=\"100%\" height=\"480\"><\/iframe><\/p>\n<\/div>\n","protected":false},"excerpt":{"rendered":"<p>OBELISCO Cesar Ripoll Dono https:\/\/museoanton.es\/as\/wp-content\/uploads\/sites\/12\/2022\/01\/ext_20as.mp3 \u201cObelisco\u201d, de 2006, ye una obra fecha pol escultor Cesar Ripoll Dono, n\u2019aceru cort\u00e9n y n\u2019aceru inoxidable. Foi creada por cuenta de la concesi\u00f3n de la Beca Ant\u00f3n d\u2019Ayuda a la Creaci\u00f3n Escult\u00f3rica nel 2005. [&hellip;]<\/p>\n","protected":false},"author":1,"featured_media":0,"parent":0,"menu_order":0,"comment_status":"closed","ping_status":"closed","template":"","meta":{"inline_featured_image":false,"_trash_the_other_posts":false,"editor_notices":[],"footnotes":""},"class_list":["post-519","page","type-page","status-publish","hentry"],"_links":{"self":[{"href":"https:\/\/museoanton.es\/as\/wp-json\/wp\/v2\/pages\/519","targetHints":{"allow":["GET"]}}],"collection":[{"href":"https:\/\/museoanton.es\/as\/wp-json\/wp\/v2\/pages"}],"about":[{"href":"https:\/\/museoanton.es\/as\/wp-json\/wp\/v2\/types\/page"}],"author":[{"embeddable":true,"href":"https:\/\/museoanton.es\/as\/wp-json\/wp\/v2\/users\/1"}],"replies":[{"embeddable":true,"href":"https:\/\/museoanton.es\/as\/wp-json\/wp\/v2\/comments?post=519"}],"version-history":[{"count":31,"href":"https:\/\/museoanton.es\/as\/wp-json\/wp\/v2\/pages\/519\/revisions"}],"predecessor-version":[{"id":2703,"href":"https:\/\/museoanton.es\/as\/wp-json\/wp\/v2\/pages\/519\/revisions\/2703"}],"wp:attachment":[{"href":"https:\/\/museoanton.es\/as\/wp-json\/wp\/v2\/media?parent=519"}],"curies":[{"name":"wp","href":"https:\/\/api.w.org\/{rel}","templated":true}]}}