{"id":498,"date":"2021-08-31T16:44:33","date_gmt":"2021-08-31T16:44:33","guid":{"rendered":"https:\/\/museoanton.es\/?page_id=498"},"modified":"2022-01-13T10:58:50","modified_gmt":"2022-01-13T10:58:50","slug":"qr_ext_18","status":"publish","type":"page","link":"https:\/\/museoanton.es\/as\/qr_ext_18\/","title":{"rendered":"18.- AL HOMBRE BUENO DE LA CASA DE ALBO"},"content":{"rendered":"<div  class=\"one withsmallpadding ppb_text\" style=\"padding:30px;\" >\n<h5 id=\"bajar\"><\/h5>\n<\/div>\n<div  class=\"one withsmallpadding ppb_text\" style=\"padding:30px 0 30px 0;\" >\n<div class=\"standard_wrapper\">\n<div class=\"page_content_wrapper\">\n<div class=\"inner\">\n<div style=\"margin:auto;width:100%\">\n<h2 style=\"color: #999999; text-align: center;\"><span style=\"color: #ffffff;\"><img decoding=\"async\" loading=\"lazy\" class=\"alignnone  wp-image-820\" src=\"https:\/\/museoanton.es\/wp-content\/uploads\/2021\/09\/18.svg\" alt=\"\" width=\"50\" height=\"50\" \/><br \/>\n<\/span>AL HOMBRE BUENO DE LA CASA ALBO<\/h2>\n<h4 style=\"color: #999999; text-align: center;\">Antonio Rodr\u00edguez Garc\u00eda<\/h4>\n<\/div>\n<\/div>\n<\/div>\n<\/div>\n<\/div>\n<div  class=\"one withsmallpadding ppb_text\" style=\"padding:30px 0 30px 0;\" >\n<div class=\"standard_wrapper\">\n<div class=\"page_content_wrapper\">\n<div class=\"inner\">\n<div style=\"margin:auto;width:100%\"><audio class=\"wp-audio-shortcode\" id=\"audio-498-2\" preload=\"none\" style=\"width: 100%;\" controls=\"controls\"><source type=\"audio\/mpeg\" src=\"https:\/\/museoanton.es\/as\/wp-content\/uploads\/sites\/12\/2022\/01\/ext_18as.mp3?_=2\" \/><a href=\"https:\/\/museoanton.es\/as\/wp-content\/uploads\/sites\/12\/2022\/01\/ext_18as.mp3\">https:\/\/museoanton.es\/as\/wp-content\/uploads\/sites\/12\/2022\/01\/ext_18as.mp3<\/a><\/audio>\n<\/div>\n<\/div>\n<\/div>\n<\/div>\n<\/div>\n<div  class=\"one withsmallpadding ppb_text\" style=\"padding:30px 0 30px 0;\" >\n<div class=\"standard_wrapper\">\n<div class=\"page_content_wrapper\">\n<div class=\"inner\">\n<div style=\"margin:auto;width:100%\">\n<h6 style=\"text-align: right;\"><a class=\"btn btn-default btn-sm\" href=\"https:\/\/museoanton.es\/as\/qr_ext_19\/\"><img decoding=\"async\" loading=\"lazy\" class=\"alignnone wp-image-2398\" src=\"https:\/\/3w.museovt.com\/wp-content\/uploads\/2021\/02\/flechaQr.svg\" alt=\"\" width=\"55\" height=\"36\" \/><\/a><\/h6>\n<\/div>\n<\/div>\n<\/div>\n<\/div>\n<\/div>\n<div  class=\"one withsmallpadding ppb_text\" style=\"padding:30px 0 30px 0;\" >\n<div class=\"standard_wrapper\">\n<div class=\"page_content_wrapper\">\n<div class=\"inner\">\n<div style=\"margin:auto;width:100%\">\n<h6 style=\"text-align: right;\"><a class=\"btn btn-default btn-sm\" href=\"https:\/\/museoanton.es\/as\/qr_ext_19\/\"><img decoding=\"async\" loading=\"lazy\" class=\"alignnone wp-image-2398\" src=\"https:\/\/3w.museovt.com\/wp-content\/uploads\/2021\/02\/flechaQr.svg\" alt=\"\" width=\"55\" height=\"36\" \/><\/a><\/h6>\n<\/div>\n<\/div>\n<\/div>\n<\/div>\n<\/div>\n<div  class=\"one withsmallpadding ppb_text\" style=\"padding:30px 0 30px 0;\" >\n<div class=\"standard_wrapper\">\n<div class=\"page_content_wrapper\">\n<div class=\"inner\">\n<div style=\"margin:auto;width:100%\">\n<p style=\"text-align: justify;\"><i class=\"fa fa-deaf fa-2x\" aria-hidden=\"true\"><\/i> Conocida tami\u00e9n como \u201cL\u2019obreru atristray\u00e1u\u201d, esta escultura ye una fundici\u00f3n en bronce que reproduz nel 1998 la realizada por \u201cAnt\u00f3n\u201d nel 1932. La obra orixinal ta nel campusantu de L\u2019Arena (Muros), nel Pante\u00f3n de Luciano Casimiro Vega.<\/p>\n<p style=\"text-align: justify;\">Nel orixe foi un encargu que fixo la Casa Albo a Ant\u00f3n pa homenaxar a unu de los trabayadores de la f\u00e1brica.<\/p>\n<p style=\"text-align: justify;\">\u00danica escultura funeraria fecha por Ant\u00f3n, model\u00f3la orixinalmente en barru y fundida en cementu pol mesmu artista.<\/p>\n<p style=\"text-align: justify;\">La obra amuesa la figura d\u2019un home de pies, que, acorvi\u00e1u pola traxedia, representa\u2019l sufrimientu internu de dolor por nun ser a vencer la llucha pola esistencia.<\/p>\n<p style=\"text-align: justify;\">L\u2019acondicionamientu de la redolada onde s\u2019asitia esta pieza foi obra del escultor Pablo Maojo.<\/p>\n<\/div>\n<\/div>\n<\/div>\n<\/div>\n<\/div>\n<div  class=\"one withsmallpadding ppb_text\" style=\"padding:30px;\" >\n<p><iframe loading=\"lazy\" src=\"https:\/\/www.google.com\/maps\/d\/embed?mid=1VdnfZnjypyhMyqQo9rFKVsQu9C6mw9xR\" width=\"100%\" height=\"480\"><\/iframe><\/p>\n<\/div>\n","protected":false},"excerpt":{"rendered":"<p>AL HOMBRE BUENO DE LA CASA ALBO Antonio Rodr\u00edguez Garc\u00eda https:\/\/museoanton.es\/as\/wp-content\/uploads\/sites\/12\/2022\/01\/ext_18as.mp3 Conocida tami\u00e9n como \u201cL\u2019obreru atristray\u00e1u\u201d, esta escultura ye una fundici\u00f3n en bronce que reproduz nel 1998 la realizada por \u201cAnt\u00f3n\u201d nel 1932. La obra orixinal ta nel campusantu de [&hellip;]<\/p>\n","protected":false},"author":1,"featured_media":0,"parent":0,"menu_order":0,"comment_status":"closed","ping_status":"closed","template":"","meta":{"inline_featured_image":false,"_trash_the_other_posts":false,"editor_notices":[],"footnotes":""},"class_list":["post-498","page","type-page","status-publish","hentry"],"_links":{"self":[{"href":"https:\/\/museoanton.es\/as\/wp-json\/wp\/v2\/pages\/498","targetHints":{"allow":["GET"]}}],"collection":[{"href":"https:\/\/museoanton.es\/as\/wp-json\/wp\/v2\/pages"}],"about":[{"href":"https:\/\/museoanton.es\/as\/wp-json\/wp\/v2\/types\/page"}],"author":[{"embeddable":true,"href":"https:\/\/museoanton.es\/as\/wp-json\/wp\/v2\/users\/1"}],"replies":[{"embeddable":true,"href":"https:\/\/museoanton.es\/as\/wp-json\/wp\/v2\/comments?post=498"}],"version-history":[{"count":29,"href":"https:\/\/museoanton.es\/as\/wp-json\/wp\/v2\/pages\/498\/revisions"}],"predecessor-version":[{"id":2682,"href":"https:\/\/museoanton.es\/as\/wp-json\/wp\/v2\/pages\/498\/revisions\/2682"}],"wp:attachment":[{"href":"https:\/\/museoanton.es\/as\/wp-json\/wp\/v2\/media?parent=498"}],"curies":[{"name":"wp","href":"https:\/\/api.w.org\/{rel}","templated":true}]}}