{"id":475,"date":"2021-08-31T16:38:48","date_gmt":"2021-08-31T16:38:48","guid":{"rendered":"https:\/\/museoanton.es\/?page_id=475"},"modified":"2022-01-13T10:58:39","modified_gmt":"2022-01-13T10:58:39","slug":"qr_ext_17","status":"publish","type":"page","link":"https:\/\/museoanton.es\/as\/qr_ext_17\/","title":{"rendered":"17.- VIENTO"},"content":{"rendered":"<div  class=\"one withsmallpadding ppb_text\" style=\"padding:30px;\" >\n<h5 id=\"bajar\"><\/h5>\n<\/div>\n<div  class=\"one withsmallpadding ppb_text\" style=\"padding:30px 0 30px 0;\" >\n<div class=\"standard_wrapper\">\n<div class=\"page_content_wrapper\">\n<div class=\"inner\">\n<div style=\"margin:auto;width:100%\">\n<h2 style=\"color: #999999; text-align: center;\"><span style=\"color: #ffffff;\"><img decoding=\"async\" loading=\"lazy\" class=\"alignnone wp-image-819\" src=\"https:\/\/museoanton.es\/wp-content\/uploads\/2021\/09\/17.svg\" alt=\"\" width=\"50\" height=\"50\" \/><br \/>\n<\/span>VIENTO<\/h2>\n<h5 style=\"color: #999999; text-align: center;\"><strong>\u00c1rbol, Lluvia, Monta\u00f1a, Mar y Viento.<\/strong><\/h5>\n<h4 style=\"color: #999999; text-align: center;\"><span style=\"color: #808080;\"><strong>Tadanori Yamaguchi<\/strong><\/span><\/h4>\n<\/div>\n<\/div>\n<\/div>\n<\/div>\n<\/div>\n<div  class=\"one withsmallpadding ppb_text\" style=\"padding:30px 0 30px 0;\" >\n<div class=\"standard_wrapper\">\n<div class=\"page_content_wrapper\">\n<div class=\"inner\">\n<div style=\"margin:auto;width:100%\"><audio class=\"wp-audio-shortcode\" id=\"audio-475-2\" preload=\"none\" style=\"width: 100%;\" controls=\"controls\"><source type=\"audio\/mpeg\" src=\"https:\/\/museoanton.es\/as\/wp-content\/uploads\/sites\/12\/2022\/01\/ext_13_14_15_16_17as.mp3?_=2\" \/><a href=\"https:\/\/museoanton.es\/as\/wp-content\/uploads\/sites\/12\/2022\/01\/ext_13_14_15_16_17as.mp3\">https:\/\/museoanton.es\/as\/wp-content\/uploads\/sites\/12\/2022\/01\/ext_13_14_15_16_17as.mp3<\/a><\/audio>\n<\/div>\n<\/div>\n<\/div>\n<\/div>\n<\/div>\n<div  class=\"one withsmallpadding ppb_text\" style=\"padding:30px 0 30px 0;\" >\n<div class=\"standard_wrapper\">\n<div class=\"page_content_wrapper\">\n<div class=\"inner\">\n<div style=\"margin:auto;width:100%\">\n<h6 style=\"text-align: right;\"><a class=\"btn btn-default btn-sm\" href=\"https:\/\/museoanton.es\/as\/qr_ext_18\/\"><img decoding=\"async\" loading=\"lazy\" class=\"alignnone wp-image-2398\" src=\"https:\/\/3w.museovt.com\/wp-content\/uploads\/2021\/02\/flechaQr.svg\" alt=\"\" width=\"55\" height=\"36\" \/><\/a><\/h6>\n<\/div>\n<\/div>\n<\/div>\n<\/div>\n<\/div>\n<div  class=\"one withsmallpadding ppb_text\" style=\"padding:30px 0 30px 0;\" >\n<div class=\"standard_wrapper\">\n<div class=\"page_content_wrapper\">\n<div class=\"inner\">\n<div style=\"margin:auto;width:100%\">\n<h6 style=\"text-align: right;\"><a class=\"btn btn-default btn-sm\" href=\"https:\/\/museoanton.es\/as\/qr_ext_18\/\"><img decoding=\"async\" loading=\"lazy\" class=\"alignnone wp-image-2398\" src=\"https:\/\/3w.museovt.com\/wp-content\/uploads\/2021\/02\/flechaQr.svg\" alt=\"\" width=\"55\" height=\"36\" \/><\/a><\/h6>\n<\/div>\n<\/div>\n<\/div>\n<\/div>\n<\/div>\n<div  class=\"one withsmallpadding ppb_text\" style=\"padding:30px 0 30px 0;\" >\n<div class=\"standard_wrapper\">\n<div class=\"page_content_wrapper\">\n<div class=\"inner\">\n<div style=\"margin:auto;width:100%\">\n<p style=\"text-align: justify;\"><i class=\"fa fa-deaf fa-2x\" aria-hidden=\"true\"><\/i> L\u2019artista xapon\u00e9s Tadanori Yamaguchi fixo estes escultures nel 1999.<\/p>\n<p style=\"text-align: justify;\">La obra ye un conxuntu de cinco cubos de granitu que representen los cinco elementos que Tadanori afay\u00f3 al llegar a Cand\u00e1s: mar, monte, lluvia, aire y \u00e1rbol.<\/p>\n<p style=\"text-align: justify;\">Los cubos \u201cLluvia\u201d, \u201cMar\u201d y \u201cMonta\u00f1a\u201d, t\u00e1n pensaos pa que, col pasu del tiempu, el mugor faiga salir mofu nellos, convirti\u00e9ndolos n\u2019oxetos vivos.<\/p>\n<p style=\"text-align: justify;\">Per otru llau \u201cViento\u201d va crear un son\u00edu cuando la fuercia del aire coincida cola ranura practicada nuna de les sos esquines.<\/p>\n<p style=\"text-align: justify;\">\u201c\u00c1rbol\u201d va intentar ameyorar la imaxe de los ocalitos, consideraos como \u00e1rboles malditos qu\u2019estropien la redolada y escosen los recursos de la tierra na que s\u2019atopen.<\/p>\n<\/div>\n<\/div>\n<\/div>\n<\/div>\n<\/div>\n<div  class=\"one withsmallpadding ppb_text\" style=\"padding:30px;\" >\n<p><iframe loading=\"lazy\" src=\"https:\/\/www.google.com\/maps\/d\/embed?mid=1nMAGnj3i5SEikb97TvVy21UjXBUHrNGR\" width=\"100%\" height=\"480\"><\/iframe><\/p>\n<\/div>\n","protected":false},"excerpt":{"rendered":"<p>VIENTO \u00c1rbol, Lluvia, Monta\u00f1a, Mar y Viento. Tadanori Yamaguchi https:\/\/museoanton.es\/as\/wp-content\/uploads\/sites\/12\/2022\/01\/ext_13_14_15_16_17as.mp3 L\u2019artista xapon\u00e9s Tadanori Yamaguchi fixo estes escultures nel 1999. La obra ye un conxuntu de cinco cubos de granitu que representen los cinco elementos que Tadanori afay\u00f3 al llegar a [&hellip;]<\/p>\n","protected":false},"author":1,"featured_media":0,"parent":0,"menu_order":0,"comment_status":"closed","ping_status":"closed","template":"","meta":{"inline_featured_image":false,"_trash_the_other_posts":false,"editor_notices":[],"footnotes":""},"class_list":["post-475","page","type-page","status-publish","hentry"],"_links":{"self":[{"href":"https:\/\/museoanton.es\/as\/wp-json\/wp\/v2\/pages\/475","targetHints":{"allow":["GET"]}}],"collection":[{"href":"https:\/\/museoanton.es\/as\/wp-json\/wp\/v2\/pages"}],"about":[{"href":"https:\/\/museoanton.es\/as\/wp-json\/wp\/v2\/types\/page"}],"author":[{"embeddable":true,"href":"https:\/\/museoanton.es\/as\/wp-json\/wp\/v2\/users\/1"}],"replies":[{"embeddable":true,"href":"https:\/\/museoanton.es\/as\/wp-json\/wp\/v2\/comments?post=475"}],"version-history":[{"count":34,"href":"https:\/\/museoanton.es\/as\/wp-json\/wp\/v2\/pages\/475\/revisions"}],"predecessor-version":[{"id":2679,"href":"https:\/\/museoanton.es\/as\/wp-json\/wp\/v2\/pages\/475\/revisions\/2679"}],"wp:attachment":[{"href":"https:\/\/museoanton.es\/as\/wp-json\/wp\/v2\/media?parent=475"}],"curies":[{"name":"wp","href":"https:\/\/api.w.org\/{rel}","templated":true}]}}