{"id":395,"date":"2021-08-31T14:50:58","date_gmt":"2021-08-31T14:50:58","guid":{"rendered":"https:\/\/museoanton.es\/?page_id=395"},"modified":"2022-01-13T11:09:52","modified_gmt":"2022-01-13T11:09:52","slug":"qr_ext_10","status":"publish","type":"page","link":"https:\/\/museoanton.es\/as\/qr_ext_10\/","title":{"rendered":"10.- ENCUENTRO ENTRE TRES"},"content":{"rendered":"<div  class=\"one fullwidth \">\n\t\t\t<!-- START qr_ext_10 REVOLUTION SLIDER 6.5.5 --><\/p>\n<p class=\"rs-p-wp-fix\">\n<p>\t\t\t<rs-module-wrap id=\"rev_slider_41_1_wrapper\" data-alias=\"qr_ext_9-1\" data-source=\"gallery\" style=\"visibility:hidden;background:transparent;padding:none;\"><br \/>\n\t\t\t\t<rs-module id=\"rev_slider_41_1\" style=\"\" data-version=\"6.5.5\"><br \/>\n\t\t\t\t\t<rs-slides><br \/>\n\t\t\t\t\t\t<rs-slide style=\"position: absolute;\" data-key=\"rs-138\" data-title=\"Slide\" data-thumb=\"\/\/museoanton.es\/wp-content\/uploads\/2021\/08\/10A_encuentro_en_tres-1.jpg\" data-duration=\"4000ms\" data-in=\"o:0;\" data-out=\"a:false;\"><br \/>\n\t\t\t\t\t\t\t<img decoding=\"async\" src=\"\/\/museoanton.es\/as\/wp-content\/plugins\/revslider\/public\/assets\/assets\/dummy.png\" title=\"10A_encuentro_en_tres\" width=\"1000\" height=\"1000\" class=\"rev-slidebg tp-rs-img rs-lazyload\" data-lazyload=\"\/\/museoanton.es\/wp-content\/uploads\/2021\/08\/10A_encuentro_en_tres-1.jpg\" data-parallax=\"10\" data-panzoom=\"d:10000;e:power0.inOut;ss:115%;se:100;\" data-no-retina><br \/>\n<!--\n\t\t\t\t\t\t\t--><rs-layer\n\t\t\t\t\t\t\t\tid=\"slider-41-slide-138-layer-0\" \n\t\t\t\t\t\t\t\tdata-type=\"shape\"\n\t\t\t\t\t\t\t\tdata-rsp_ch=\"on\"\n\t\t\t\t\t\t\t\tdata-xy=\"x:c;xo:-1px,0,0,0;y:m;\"\n\t\t\t\t\t\t\t\tdata-text=\"w:normal;s:20,15,11,6;l:0,19,14,8;\"\n\t\t\t\t\t\t\t\tdata-dim=\"w:100%;h:100%;\"\n\t\t\t\t\t\t\t\tdata-basealign=\"slide\"\n\t\t\t\t\t\t\t\tdata-frame_1=\"x:-1,0,0,0;e:power4.inOut;sp:1250;\"\n\t\t\t\t\t\t\t\tdata-frame_999=\"o:0;st:w;sR:2750;\"\n\t\t\t\t\t\t\t\tstyle=\"z-index:7;background-color:rgba(0,0,0,0.25);\"\n\t\t\t\t\t\t\t><br \/>\n\t\t\t\t\t\t\t<\/rs-layer><!--\n\n\t\t\t\t\t\t\t--><rs-layer\n\t\t\t\t\t\t\t\tid=\"slider-41-slide-138-layer-1\" \n\t\t\t\t\t\t\t\tclass=\"rev-scroll-btn rev-b-span-light\"\n\t\t\t\t\t\t\t\tdata-type=\"button\"\n\t\t\t\t\t\t\t\tdata-rsp_ch=\"on\"\n\t\t\t\t\t\t\t\tdata-xy=\"x:c;xo:-1px,0,0,0;y:b;yo:25px,19px,14px,38px;\"\n\t\t\t\t\t\t\t\tdata-text=\"w:normal;s:17,15,13,15;l:20,18,16,20;ls:1,0,0,0;\"\n\t\t\t\t\t\t\t\tdata-dim=\"w:35px,32px,30px,38px;h:55px,49px,46px,60px;minw:35px,none,none,none;minh:55px,none,none,none;\"\n\t\t\t\t\t\t\t\tdata-basealign=\"slide\"\n\t\t\t\t\t\t\t\tdata-padding=\"t:22,20,19,25;r:14,13,12,15;b:22,20,19,25;l:14,13,12,15;\"\n\t\t\t\t\t\t\t\tdata-border=\"bos:solid;boc:rgba(255,255,255,0.75);bow:3px,3px,3px,3px;bor:23px,23px,23px,23px;\"\n\t\t\t\t\t\t\t\tdata-frame_0=\"x:0,0px,0px,0px;y:0,0px,0px,0px;\"\n\t\t\t\t\t\t\t\tdata-frame_1=\"x:0,0px,0px,0px;y:0,0px,0px,0px;\"\n\t\t\t\t\t\t\t\tdata-frame_999=\"o:0;st:w;\"\n\t\t\t\t\t\t\t\tstyle=\"z-index:11;font-family:'Roboto';text-transform:uppercase;\"\n\t\t\t\t\t\t\t><span><\/span><span><\/span><span><\/span><br \/>\n\t\t\t\t\t\t\t<\/rs-layer><!--\n\n\t\t\t\t\t\t\t--><rs-layer\n\t\t\t\t\t\t\t\tid=\"slider-41-slide-138-layer-5\" \n\t\t\t\t\t\t\t\tdata-type=\"shape\"\n\t\t\t\t\t\t\t\tdata-rsp_ch=\"on\"\n\t\t\t\t\t\t\t\tdata-xy=\"x:c;xo:5px,3px,2px,1px;y:m;\"\n\t\t\t\t\t\t\t\tdata-text=\"w:normal;s:20,15,11,6;l:0,19,14,8;\"\n\t\t\t\t\t\t\t\tdata-dim=\"w:850px,589px,447px,275px;h:909,710,644.991px,567px;\"\n\t\t\t\t\t\t\t\tdata-actions='id:bajar;o:click;a:scrollto;sp:1000ms;e:power1.inOut;'\n\t\t\t\t\t\t\t\tdata-frame_999=\"o:0;st:w;sR:3700;\"\n\t\t\t\t\t\t\t\tstyle=\"z-index:10;background-color:rgba(0,0,0,0);\"\n\t\t\t\t\t\t\t><br \/>\n\t\t\t\t\t\t\t<\/rs-layer><!--\n-->\t\t\t\t\t\t<\/rs-slide><br \/>\n\t\t\t\t\t\t<rs-slide style=\"position: absolute;\" data-key=\"rs-139\" data-title=\"Slide\" data-thumb=\"\/\/museoanton.es\/wp-content\/uploads\/2021\/08\/10C_encuentro_en_tres-1.jpg\" data-duration=\"4000ms\" data-in=\"o:0;\" data-out=\"a:false;\"><br \/>\n\t\t\t\t\t\t\t<img decoding=\"async\" src=\"\/\/museoanton.es\/as\/wp-content\/plugins\/revslider\/public\/assets\/assets\/dummy.png\" title=\"10C_encuentro_en_tres\" width=\"1000\" height=\"1000\" class=\"rev-slidebg tp-rs-img rs-lazyload\" data-lazyload=\"\/\/museoanton.es\/wp-content\/uploads\/2021\/08\/10C_encuentro_en_tres-1.jpg\" data-parallax=\"10\" data-panzoom=\"d:10000;e:power0.inOut;ss:115%;se:100;\" data-no-retina><br \/>\n<!--\n\t\t\t\t\t\t\t--><rs-layer\n\t\t\t\t\t\t\t\tid=\"slider-41-slide-139-layer-0\" \n\t\t\t\t\t\t\t\tdata-type=\"shape\"\n\t\t\t\t\t\t\t\tdata-rsp_ch=\"on\"\n\t\t\t\t\t\t\t\tdata-xy=\"x:c;xo:-1px,0,0,0;y:m;\"\n\t\t\t\t\t\t\t\tdata-text=\"w:normal;s:20,15,11,6;l:0,19,14,8;\"\n\t\t\t\t\t\t\t\tdata-dim=\"w:100%;h:100%;\"\n\t\t\t\t\t\t\t\tdata-basealign=\"slide\"\n\t\t\t\t\t\t\t\tdata-frame_1=\"x:-1,0,0,0;e:power4.inOut;sp:1250;\"\n\t\t\t\t\t\t\t\tdata-frame_999=\"o:0;st:w;sR:2750;\"\n\t\t\t\t\t\t\t\tstyle=\"z-index:7;background-color:rgba(0,0,0,0.25);\"\n\t\t\t\t\t\t\t><br \/>\n\t\t\t\t\t\t\t<\/rs-layer><!--\n\n\t\t\t\t\t\t\t--><rs-layer\n\t\t\t\t\t\t\t\tid=\"slider-41-slide-139-layer-1\" \n\t\t\t\t\t\t\t\tclass=\"rev-scroll-btn rev-b-span-light\"\n\t\t\t\t\t\t\t\tdata-type=\"button\"\n\t\t\t\t\t\t\t\tdata-rsp_ch=\"on\"\n\t\t\t\t\t\t\t\tdata-xy=\"x:c;xo:-1px,0,0,0;y:b;yo:25px,19px,14px,38px;\"\n\t\t\t\t\t\t\t\tdata-text=\"w:normal;s:17,15,13,15;l:20,18,16,20;ls:1,0,0,0;\"\n\t\t\t\t\t\t\t\tdata-dim=\"w:35px,32px,30px,38px;h:55px,49px,46px,60px;minw:35px,none,none,none;minh:55px,none,none,none;\"\n\t\t\t\t\t\t\t\tdata-basealign=\"slide\"\n\t\t\t\t\t\t\t\tdata-padding=\"t:22,20,19,25;r:14,13,12,15;b:22,20,19,25;l:14,13,12,15;\"\n\t\t\t\t\t\t\t\tdata-border=\"bos:solid;boc:rgba(255,255,255,0.75);bow:3px,3px,3px,3px;bor:23px,23px,23px,23px;\"\n\t\t\t\t\t\t\t\tdata-frame_0=\"x:0,0px,0px,0px;y:0,0px,0px,0px;\"\n\t\t\t\t\t\t\t\tdata-frame_1=\"x:0,0px,0px,0px;y:0,0px,0px,0px;\"\n\t\t\t\t\t\t\t\tdata-frame_999=\"o:0;st:w;\"\n\t\t\t\t\t\t\t\tstyle=\"z-index:11;font-family:'Roboto';text-transform:uppercase;\"\n\t\t\t\t\t\t\t><span><\/span><span><\/span><span><\/span><br \/>\n\t\t\t\t\t\t\t<\/rs-layer><!--\n\n\t\t\t\t\t\t\t--><rs-layer\n\t\t\t\t\t\t\t\tid=\"slider-41-slide-139-layer-5\" \n\t\t\t\t\t\t\t\tdata-type=\"shape\"\n\t\t\t\t\t\t\t\tdata-rsp_ch=\"on\"\n\t\t\t\t\t\t\t\tdata-xy=\"x:c;xo:5px,3px,2px,1px;y:m;\"\n\t\t\t\t\t\t\t\tdata-text=\"w:normal;s:20,15,11,6;l:0,19,14,8;\"\n\t\t\t\t\t\t\t\tdata-dim=\"w:850px,589px,447px,275px;h:909,710,644.991px,567px;\"\n\t\t\t\t\t\t\t\tdata-actions='id:bajar;o:click;a:scrollto;sp:1000ms;e:power1.inOut;'\n\t\t\t\t\t\t\t\tdata-frame_999=\"o:0;st:w;sR:3700;\"\n\t\t\t\t\t\t\t\tstyle=\"z-index:10;background-color:rgba(0,0,0,0);\"\n\t\t\t\t\t\t\t><br \/>\n\t\t\t\t\t\t\t<\/rs-layer><!--\n-->\t\t\t\t\t\t<\/rs-slide><br \/>\n\t\t\t\t\t\t<rs-slide style=\"position: absolute;\" data-key=\"rs-140\" data-title=\"Slide\" data-thumb=\"\/\/museoanton.es\/wp-content\/uploads\/2021\/08\/10B_encuentro_en_tres-1.jpg\" data-duration=\"4000ms\" data-in=\"o:0;\" data-out=\"a:false;\"><br \/>\n\t\t\t\t\t\t\t<img decoding=\"async\" src=\"\/\/museoanton.es\/as\/wp-content\/plugins\/revslider\/public\/assets\/assets\/dummy.png\" title=\"10B_encuentro_en_tres\" width=\"1000\" height=\"1000\" class=\"rev-slidebg tp-rs-img rs-lazyload\" data-lazyload=\"\/\/museoanton.es\/wp-content\/uploads\/2021\/08\/10B_encuentro_en_tres-1.jpg\" data-parallax=\"10\" data-panzoom=\"d:10000;e:power0.inOut;ss:115%;se:100;\" data-no-retina><br \/>\n<!--\n\t\t\t\t\t\t\t--><rs-layer\n\t\t\t\t\t\t\t\tid=\"slider-41-slide-140-layer-0\" \n\t\t\t\t\t\t\t\tdata-type=\"shape\"\n\t\t\t\t\t\t\t\tdata-rsp_ch=\"on\"\n\t\t\t\t\t\t\t\tdata-xy=\"x:c;xo:-1px,0,0,0;y:m;\"\n\t\t\t\t\t\t\t\tdata-text=\"w:normal;s:20,15,11,6;l:0,19,14,8;\"\n\t\t\t\t\t\t\t\tdata-dim=\"w:100%;h:100%;\"\n\t\t\t\t\t\t\t\tdata-basealign=\"slide\"\n\t\t\t\t\t\t\t\tdata-frame_1=\"x:-1,0,0,0;e:power4.inOut;sp:1250;\"\n\t\t\t\t\t\t\t\tdata-frame_999=\"o:0;st:w;sR:2750;\"\n\t\t\t\t\t\t\t\tstyle=\"z-index:7;background-color:rgba(0,0,0,0.25);\"\n\t\t\t\t\t\t\t><br \/>\n\t\t\t\t\t\t\t<\/rs-layer><!--\n\n\t\t\t\t\t\t\t--><rs-layer\n\t\t\t\t\t\t\t\tid=\"slider-41-slide-140-layer-1\" \n\t\t\t\t\t\t\t\tclass=\"rev-scroll-btn rev-b-span-light\"\n\t\t\t\t\t\t\t\tdata-type=\"button\"\n\t\t\t\t\t\t\t\tdata-rsp_ch=\"on\"\n\t\t\t\t\t\t\t\tdata-xy=\"x:c;xo:-1px,0,0,0;y:b;yo:25px,19px,14px,38px;\"\n\t\t\t\t\t\t\t\tdata-text=\"w:normal;s:17,15,13,15;l:20,18,16,20;ls:1,0,0,0;\"\n\t\t\t\t\t\t\t\tdata-dim=\"w:35px,32px,30px,38px;h:55px,49px,46px,60px;minw:35px,none,none,none;minh:55px,none,none,none;\"\n\t\t\t\t\t\t\t\tdata-basealign=\"slide\"\n\t\t\t\t\t\t\t\tdata-padding=\"t:22,20,19,25;r:14,13,12,15;b:22,20,19,25;l:14,13,12,15;\"\n\t\t\t\t\t\t\t\tdata-border=\"bos:solid;boc:rgba(255,255,255,0.75);bow:3px,3px,3px,3px;bor:23px,23px,23px,23px;\"\n\t\t\t\t\t\t\t\tdata-frame_0=\"x:0,0px,0px,0px;y:0,0px,0px,0px;\"\n\t\t\t\t\t\t\t\tdata-frame_1=\"x:0,0px,0px,0px;y:0,0px,0px,0px;\"\n\t\t\t\t\t\t\t\tdata-frame_999=\"o:0;st:w;\"\n\t\t\t\t\t\t\t\tstyle=\"z-index:11;font-family:'Roboto';text-transform:uppercase;\"\n\t\t\t\t\t\t\t><span><\/span><span><\/span><span><\/span><br \/>\n\t\t\t\t\t\t\t<\/rs-layer><!--\n\n\t\t\t\t\t\t\t--><rs-layer\n\t\t\t\t\t\t\t\tid=\"slider-41-slide-140-layer-5\" \n\t\t\t\t\t\t\t\tdata-type=\"shape\"\n\t\t\t\t\t\t\t\tdata-rsp_ch=\"on\"\n\t\t\t\t\t\t\t\tdata-xy=\"x:c;xo:5px,3px,2px,1px;y:m;\"\n\t\t\t\t\t\t\t\tdata-text=\"w:normal;s:20,15,11,6;l:0,19,14,8;\"\n\t\t\t\t\t\t\t\tdata-dim=\"w:850px,589px,447px,275px;h:909,710,644.991px,567px;\"\n\t\t\t\t\t\t\t\tdata-actions='id:bajar;o:click;a:scrollto;sp:1000ms;e:power1.inOut;'\n\t\t\t\t\t\t\t\tdata-frame_999=\"o:0;st:w;sR:3700;\"\n\t\t\t\t\t\t\t\tstyle=\"z-index:10;background-color:rgba(0,0,0,0);\"\n\t\t\t\t\t\t\t><br \/>\n\t\t\t\t\t\t\t<\/rs-layer><!--\n-->\t\t\t\t\t\t<\/rs-slide><br \/>\n\t\t\t\t\t<\/rs-slides><br \/>\n\t\t\t\t<\/rs-module><br \/>\n\t\t\t\t<script type=\"text\/javascript\">\n\t\t\t\t\tsetREVStartSize({c: 'rev_slider_41_1',rl:[1240,1024,778,480],el:[600,500,600,500],gw:[1310,1024,778,480],gh:[600,500,600,500],type:'standard',justify:'',layout:'fullscreen',offsetContainer:'',offset:'',mh:\"0\"});if (window.RS_MODULES!==undefined && window.RS_MODULES.modules!==undefined && window.RS_MODULES.modules[\"revslider411\"]!==undefined) {window.RS_MODULES.modules[\"revslider411\"].once = false;window.revapi41 = undefined;window.RS_MODULES.checkMinimal()}\n\t\t\t\t<\/script><br \/>\n\t\t\t<\/rs-module-wrap><br \/>\n\t\t\t<!-- END REVOLUTION SLIDER -->\n<\/div>\n<div  class=\"one withsmallpadding ppb_text\" style=\"padding:15px;\" >\n<h5 id=\"bajar\"><\/h5>\n<\/div>\n<div  class=\"one withsmallpadding ppb_text\" style=\"padding:30px 0 30px 0;\" >\n<div class=\"standard_wrapper\">\n<div class=\"page_content_wrapper\">\n<div class=\"inner\">\n<div style=\"margin:auto;width:100%\">\n<h2 style=\"color: #999999; text-align: center;\"><span style=\"color: #ffffff;\"><img decoding=\"async\" loading=\"lazy\" class=\"alignnone  wp-image-812\" src=\"https:\/\/museoanton.es\/wp-content\/uploads\/2021\/09\/10.svg\" alt=\"\" width=\"50\" height=\"50\" \/><br \/>\n<\/span>ENCUENTRO EN TRES<\/h2>\n<h4 style=\"color: #999999; text-align: center;\"><span style=\"color: #808080;\">Joaqu\u00edn Rubio Cam\u00edn<strong><br \/>\n<\/strong><\/span><\/h4>\n<\/div>\n<\/div>\n<\/div>\n<\/div>\n<\/div>\n<div  class=\"one withsmallpadding ppb_text\" style=\"padding:30px 0 30px 0;background-color:#f2f2f2;\" >\n<div class=\"standard_wrapper\">\n<div class=\"page_content_wrapper\">\n<div class=\"inner\">\n<div style=\"margin:auto;width:100%\"><!--[if lt IE 9]><script>document.createElement('audio');<\/script><![endif]--><br \/>\n<audio class=\"wp-audio-shortcode\" id=\"audio-395-1\" preload=\"none\" style=\"width: 100%;\" controls=\"controls\"><source type=\"audio\/mpeg\" src=\"https:\/\/museoanton.es\/as\/wp-content\/uploads\/sites\/12\/2022\/01\/ext_10as.mp3?_=1\" \/><a href=\"https:\/\/museoanton.es\/as\/wp-content\/uploads\/sites\/12\/2022\/01\/ext_10as.mp3\">https:\/\/museoanton.es\/as\/wp-content\/uploads\/sites\/12\/2022\/01\/ext_10as.mp3<\/a><\/audio>\n<\/div>\n<\/div>\n<\/div>\n<\/div>\n<\/div>\n<div  class=\"one withsmallpadding ppb_text\" style=\"padding:20px 0 20px 0;\" >\n<div class=\"standard_wrapper\">\n<div class=\"page_content_wrapper\">\n<div class=\"inner\">\n<div style=\"margin:auto;width:100%\">\n<h6 style=\"text-align: right;\"><a class=\"btn btn-default btn-sm\" href=\"https:\/\/museoanton.es\/as\/qr_ext_11\/\"><img decoding=\"async\" loading=\"lazy\" class=\"alignnone wp-image-2398\" src=\"https:\/\/3w.museovt.com\/wp-content\/uploads\/2021\/02\/flechaQr.svg\" alt=\"\" width=\"55\" height=\"36\" \/><\/a><\/h6>\n<\/div>\n<\/div>\n<\/div>\n<\/div>\n<\/div>\n<div class=\"divider one\">&nbsp;<\/div>\n<div  class=\"one withsmallpadding ppb_text\" style=\"padding:30px 0 30px 0;background-color:#f2f2f2;\" >\n<div class=\"standard_wrapper\">\n<div class=\"page_content_wrapper\">\n<div class=\"inner\">\n<div style=\"margin:auto;width:100%\">\n<p style=\"text-align: justify;\"><i class=\"fa fa-deaf fa-2x\" aria-hidden=\"true\"><\/i> La segunda de les obres feches pol artista Joaqu\u00edn Rubio Cam\u00edn nesti parque escult\u00f3ricu ye \u201cEncuentro en tres\u201d una escultura construyida con tr\u00e9s planches d\u2019aceru llaminao ensamblaes en puntos estremaos.<\/p>\n<p style=\"text-align: justify;\">Nesta pieza l\u2019artista enfatiza\u2019l sent\u00edu d\u2019horizontalid\u00e1 de la obra acordies col suelu sobre\u2019l que se sofita.<br \/>\n.<\/p>\n<\/div>\n<\/div>\n<\/div>\n<\/div>\n<\/div>\n<div  class=\"one withsmallpadding ppb_text\" style=\"padding:0px;\" >\n<p style=\"text-align: center;\"><iframe loading=\"lazy\" src=\"https:\/\/www.google.com\/maps\/d\/embed?mid=1oS4VGJSuH0CHgA1U0lY6RIjrRENGq3Wa\" width=\"100%\" height=\"480\"><\/iframe><\/p>\n<\/div>\n","protected":false},"excerpt":{"rendered":"<p>ENCUENTRO EN TRES Joaqu\u00edn Rubio Cam\u00edn https:\/\/museoanton.es\/as\/wp-content\/uploads\/sites\/12\/2022\/01\/ext_10as.mp3 &nbsp; La segunda de les obres feches pol artista Joaqu\u00edn Rubio Cam\u00edn nesti parque escult\u00f3ricu ye \u201cEncuentro en tres\u201d una escultura construyida con tr\u00e9s planches d\u2019aceru llaminao ensamblaes en puntos estremaos. Nesta pieza [&hellip;]<\/p>\n","protected":false},"author":1,"featured_media":0,"parent":0,"menu_order":0,"comment_status":"closed","ping_status":"closed","template":"","meta":{"inline_featured_image":false,"_trash_the_other_posts":false,"editor_notices":[],"footnotes":""},"class_list":["post-395","page","type-page","status-publish","hentry"],"_links":{"self":[{"href":"https:\/\/museoanton.es\/as\/wp-json\/wp\/v2\/pages\/395","targetHints":{"allow":["GET"]}}],"collection":[{"href":"https:\/\/museoanton.es\/as\/wp-json\/wp\/v2\/pages"}],"about":[{"href":"https:\/\/museoanton.es\/as\/wp-json\/wp\/v2\/types\/page"}],"author":[{"embeddable":true,"href":"https:\/\/museoanton.es\/as\/wp-json\/wp\/v2\/users\/1"}],"replies":[{"embeddable":true,"href":"https:\/\/museoanton.es\/as\/wp-json\/wp\/v2\/comments?post=395"}],"version-history":[{"count":36,"href":"https:\/\/museoanton.es\/as\/wp-json\/wp\/v2\/pages\/395\/revisions"}],"predecessor-version":[{"id":2707,"href":"https:\/\/museoanton.es\/as\/wp-json\/wp\/v2\/pages\/395\/revisions\/2707"}],"wp:attachment":[{"href":"https:\/\/museoanton.es\/as\/wp-json\/wp\/v2\/media?parent=395"}],"curies":[{"name":"wp","href":"https:\/\/api.w.org\/{rel}","templated":true}]}}