{"id":390,"date":"2021-08-31T14:47:41","date_gmt":"2021-08-31T14:47:41","guid":{"rendered":"https:\/\/museoanton.es\/?page_id=390"},"modified":"2022-01-13T10:55:08","modified_gmt":"2022-01-13T10:55:08","slug":"qr_ext_9","status":"publish","type":"page","link":"https:\/\/museoanton.es\/as\/qr_ext_9\/","title":{"rendered":"9.- BACLANAL SERVIADOS"},"content":{"rendered":"<div  class=\"one withsmallpadding ppb_text\" style=\"padding:30px;\" >\n<h5 id=\"bajar\"><\/h5>\n<\/div>\n<div  class=\"one withsmallpadding ppb_text\" style=\"padding:30px 0 30px 0;\" >\n<div class=\"standard_wrapper\">\n<div class=\"page_content_wrapper\">\n<div class=\"inner\">\n<div style=\"margin:auto;width:100%\">\n<h2 style=\"color: #999999; text-align: center;\"><span style=\"color: #ffffff;\"><img decoding=\"async\" loading=\"lazy\" class=\"alignnone  wp-image-811\" src=\"https:\/\/museoanton.es\/wp-content\/uploads\/2021\/09\/9.svg\" alt=\"\" width=\"50\" height=\"50\" \/><br \/>\n<\/span>BLACANAL SERVIADOS<\/h2>\n<h4 style=\"color: #999999; text-align: center;\"><span style=\"color: #808080;\"><strong>Pablo Maojo<\/strong><\/span><\/h4>\n<\/div>\n<\/div>\n<\/div>\n<\/div>\n<\/div>\n<div  class=\"one withsmallpadding ppb_text\" style=\"padding:30px 0 30px 0;\" >\n<div class=\"standard_wrapper\">\n<div class=\"page_content_wrapper\">\n<div class=\"inner\">\n<div style=\"margin:auto;width:100%\"><audio class=\"wp-audio-shortcode\" id=\"audio-390-2\" preload=\"none\" style=\"width: 100%;\" controls=\"controls\"><source type=\"audio\/mpeg\" src=\"https:\/\/museoanton.es\/as\/wp-content\/uploads\/sites\/12\/2022\/01\/ext_9as.mp3?_=2\" \/><a href=\"https:\/\/museoanton.es\/as\/wp-content\/uploads\/sites\/12\/2022\/01\/ext_9as.mp3\">https:\/\/museoanton.es\/as\/wp-content\/uploads\/sites\/12\/2022\/01\/ext_9as.mp3<\/a><\/audio>\n<\/div>\n<\/div>\n<\/div>\n<\/div>\n<\/div>\n<div  class=\"one withsmallpadding ppb_text\" style=\"padding:30px 0 30px 0;\" >\n<div class=\"standard_wrapper\">\n<div class=\"page_content_wrapper\">\n<div class=\"inner\">\n<div style=\"margin:auto;width:100%\">\n<h6 style=\"text-align: right;\"><a class=\"btn btn-default btn-sm\" href=\"https:\/\/museoanton.es\/as\/qr_ext_10\/\"><img decoding=\"async\" loading=\"lazy\" class=\"alignnone wp-image-2398\" src=\"https:\/\/3w.museovt.com\/wp-content\/uploads\/2021\/02\/flechaQr.svg\" alt=\"\" width=\"55\" height=\"36\" \/><\/a><\/h6>\n<\/div>\n<\/div>\n<\/div>\n<\/div>\n<\/div>\n<div  class=\"one withsmallpadding ppb_text\" style=\"padding:30px 0 30px 0;\" >\n<div class=\"standard_wrapper\">\n<div class=\"page_content_wrapper\">\n<div class=\"inner\">\n<div style=\"margin:auto;width:100%\">\n<h6 style=\"text-align: right;\"><a class=\"btn btn-default btn-sm\" href=\"https:\/\/museoanton.es\/as\/qr_ext_10\/\"><img decoding=\"async\" loading=\"lazy\" class=\"alignnone wp-image-2398\" src=\"https:\/\/3w.museovt.com\/wp-content\/uploads\/2021\/02\/flechaQr.svg\" alt=\"\" width=\"55\" height=\"36\" \/><\/a><\/h6>\n<\/div>\n<\/div>\n<\/div>\n<\/div>\n<\/div>\n<div  class=\"one withsmallpadding ppb_text\" style=\"padding:30px 0 30px 0;\" >\n<div class=\"standard_wrapper\">\n<div class=\"page_content_wrapper\">\n<div class=\"inner\">\n<div style=\"margin:auto;width:100%\">\n<p style=\"text-align: justify;\"><i class=\"fa fa-deaf fa-2x\" aria-hidden=\"true\"><\/i> Pablo Maojo fecha nel 1990 esti conxuntu escult\u00f3ricu n\u2019aceru llaminao. Consta de dos planches, nuna d\u2019elles apaez en positivu la figura de \u201cBlacanal Serviados\u201d y na otra repres\u00e9ntase la figura en negativu.<\/p>\n<p style=\"text-align: justify;\">La idea orixinal yera que la plancha del negativu fuera movi\u00e9ndose de llugar pa dexar espoxigar la paci\u00f3n nel g\u00fcecu de la figura y asina se diben creando una serie d\u2019esta imaxe sobre\u2019l suelu.<\/p>\n<p style=\"text-align: justify;\">Pablo Maojo llogr\u00f3 la Beca Ant\u00f3n d\u2019Ayuda a la Creaci\u00f3n Escult\u00f3rica nel 1990<\/p>\n<\/div>\n<\/div>\n<\/div>\n<\/div>\n<\/div>\n<div  class=\"one withsmallpadding ppb_text\" style=\"padding:30px;\" >\n<p><iframe loading=\"lazy\" src=\"https:\/\/www.google.com\/maps\/d\/embed?mid=1D2wEjDS_Z-EJTtoDCDyZCdCQmgurXj2N\" width=\"100%\" height=\"480\"><\/iframe><\/p>\n<\/div>\n","protected":false},"excerpt":{"rendered":"<p>BLACANAL SERVIADOS Pablo Maojo https:\/\/museoanton.es\/as\/wp-content\/uploads\/sites\/12\/2022\/01\/ext_9as.mp3 Pablo Maojo fecha nel 1990 esti conxuntu escult\u00f3ricu n\u2019aceru llaminao. Consta de dos planches, nuna d\u2019elles apaez en positivu la figura de \u201cBlacanal Serviados\u201d y na otra repres\u00e9ntase la figura en negativu. La idea orixinal [&hellip;]<\/p>\n","protected":false},"author":1,"featured_media":0,"parent":0,"menu_order":0,"comment_status":"closed","ping_status":"closed","template":"","meta":{"inline_featured_image":false,"_trash_the_other_posts":false,"editor_notices":[],"footnotes":""},"class_list":["post-390","page","type-page","status-publish","hentry"],"_links":{"self":[{"href":"https:\/\/museoanton.es\/as\/wp-json\/wp\/v2\/pages\/390","targetHints":{"allow":["GET"]}}],"collection":[{"href":"https:\/\/museoanton.es\/as\/wp-json\/wp\/v2\/pages"}],"about":[{"href":"https:\/\/museoanton.es\/as\/wp-json\/wp\/v2\/types\/page"}],"author":[{"embeddable":true,"href":"https:\/\/museoanton.es\/as\/wp-json\/wp\/v2\/users\/1"}],"replies":[{"embeddable":true,"href":"https:\/\/museoanton.es\/as\/wp-json\/wp\/v2\/comments?post=390"}],"version-history":[{"count":31,"href":"https:\/\/museoanton.es\/as\/wp-json\/wp\/v2\/pages\/390\/revisions"}],"predecessor-version":[{"id":2656,"href":"https:\/\/museoanton.es\/as\/wp-json\/wp\/v2\/pages\/390\/revisions\/2656"}],"wp:attachment":[{"href":"https:\/\/museoanton.es\/as\/wp-json\/wp\/v2\/media?parent=390"}],"curies":[{"name":"wp","href":"https:\/\/api.w.org\/{rel}","templated":true}]}}