{"id":358,"date":"2021-08-31T14:26:31","date_gmt":"2021-08-31T14:26:31","guid":{"rendered":"https:\/\/museoanton.es\/?page_id=358"},"modified":"2022-01-13T10:54:12","modified_gmt":"2022-01-13T10:54:12","slug":"qr_ext_6","status":"publish","type":"page","link":"https:\/\/museoanton.es\/as\/qr_ext_6\/","title":{"rendered":"6.- LITTLE BOX"},"content":{"rendered":"<div  class=\"one withsmallpadding ppb_text\" style=\"padding:30px;\" >\n<h5 id=\"bajar\"><\/h5>\n<\/div>\n<div  class=\"one withsmallpadding ppb_text\" style=\"padding:30px 0 30px 0;\" >\n<div class=\"standard_wrapper\">\n<div class=\"page_content_wrapper\">\n<div class=\"inner\">\n<div style=\"margin:auto;width:100%\">\n<h2 style=\"color: #999999; text-align: center;\"><span style=\"color: #ffffff;\"><img decoding=\"async\" loading=\"lazy\" class=\"alignnone  wp-image-808\" src=\"https:\/\/museoanton.es\/wp-content\/uploads\/2021\/09\/6.svg\" alt=\"\" width=\"50\" height=\"50\" \/><br \/>\n<\/span>LITTLE BOX<\/h2>\n<h4 style=\"color: #999999; text-align: center;\"><span style=\"color: #808080;\"><strong>Bodo Rau<\/strong><\/span><\/h4>\n<\/div>\n<\/div>\n<\/div>\n<\/div>\n<\/div>\n<div  class=\"one withsmallpadding ppb_text\" style=\"padding:30px 0 30px 0;\" >\n<div class=\"standard_wrapper\">\n<div class=\"page_content_wrapper\">\n<div class=\"inner\">\n<div style=\"margin:auto;width:100%\"><audio class=\"wp-audio-shortcode\" id=\"audio-358-2\" preload=\"none\" style=\"width: 100%;\" controls=\"controls\"><source type=\"audio\/mpeg\" src=\"https:\/\/museoanton.es\/as\/wp-content\/uploads\/sites\/12\/2022\/01\/ext_6as.mp3?_=2\" \/><a href=\"https:\/\/museoanton.es\/as\/wp-content\/uploads\/sites\/12\/2022\/01\/ext_6as.mp3\">https:\/\/museoanton.es\/as\/wp-content\/uploads\/sites\/12\/2022\/01\/ext_6as.mp3<\/a><\/audio>\n<\/div>\n<\/div>\n<\/div>\n<\/div>\n<\/div>\n<div  class=\"one withsmallpadding ppb_text\" style=\"padding:30px 0 30px 0;\" >\n<div class=\"standard_wrapper\">\n<div class=\"page_content_wrapper\">\n<div class=\"inner\">\n<div style=\"margin:auto;width:100%\">\n<h6 style=\"text-align: right;\"><a class=\"btn btn-default btn-sm\" href=\"https:\/\/museoanton.es\/as\/qr_ext_7\/\"><img decoding=\"async\" loading=\"lazy\" class=\"alignnone wp-image-2398\" src=\"https:\/\/3w.museovt.com\/wp-content\/uploads\/2021\/02\/flechaQr.svg\" alt=\"\" width=\"55\" height=\"36\" \/><\/a><\/h6>\n<\/div>\n<\/div>\n<\/div>\n<\/div>\n<\/div>\n<div  class=\"one withsmallpadding ppb_text\" style=\"padding:30px 0 30px 0;\" >\n<div class=\"standard_wrapper\">\n<div class=\"page_content_wrapper\">\n<div class=\"inner\">\n<div style=\"margin:auto;width:100%\">\n<h6 style=\"text-align: right;\"><a class=\"btn btn-default btn-sm\" href=\"https:\/\/museoanton.es\/as\/qr_ext_7\/\"><img decoding=\"async\" loading=\"lazy\" class=\"alignnone wp-image-2398\" src=\"https:\/\/3w.museovt.com\/wp-content\/uploads\/2021\/02\/flechaQr.svg\" alt=\"\" width=\"55\" height=\"36\" \/><\/a><\/h6>\n<\/div>\n<\/div>\n<\/div>\n<\/div>\n<\/div>\n<div  class=\"one withsmallpadding ppb_text\" style=\"padding:30px 0 30px 0;\" >\n<div class=\"standard_wrapper\">\n<div class=\"page_content_wrapper\">\n<div class=\"inner\">\n<div style=\"margin:auto;width:100%\">\n<p style=\"text-align: justify;\"><i class=\"fa fa-deaf fa-2x\" aria-hidden=\"true\"><\/i> Bodu Rau recibe la Beca Ant\u00f3n d\u2019Ayuda a la Creaci\u00f3n Escult\u00f3rica nel 1991, a\u00f1u nel que fai esta obra titulada \u201cLittle Box\u201d n\u2019aceru llaminao.<\/p>\n<p style=\"text-align: justify;\">Nesta escultura, Bodo Rau amuesa la so habilid\u00e1 pa la conex\u00f3n de planos, inclusive pa suxerir posiciones imposibles, como si tuviere xugando cola nuesa percepci\u00f3n. Induznos a contemplar la escultura como un exerciciu d\u2019investigaci\u00f3n.<\/p>\n<\/div>\n<\/div>\n<\/div>\n<\/div>\n<\/div>\n<div  class=\"one withsmallpadding ppb_text\" style=\"padding:30px;\" >\n<p><iframe loading=\"lazy\" src=\"https:\/\/www.google.com\/maps\/d\/embed?mid=1UstNIlinw-xcQCLQp352ifI1ZFVbeCHj\" width=\"100%\" height=\"480\"><\/iframe><\/p>\n<\/div>\n","protected":false},"excerpt":{"rendered":"<p>LITTLE BOX Bodo Rau https:\/\/museoanton.es\/as\/wp-content\/uploads\/sites\/12\/2022\/01\/ext_6as.mp3 Bodu Rau recibe la Beca Ant\u00f3n d\u2019Ayuda a la Creaci\u00f3n Escult\u00f3rica nel 1991, a\u00f1u nel que fai esta obra titulada \u201cLittle Box\u201d n\u2019aceru llaminao. Nesta escultura, Bodo Rau amuesa la so habilid\u00e1 pa la conex\u00f3n [&hellip;]<\/p>\n","protected":false},"author":1,"featured_media":0,"parent":0,"menu_order":0,"comment_status":"closed","ping_status":"closed","template":"","meta":{"inline_featured_image":false,"_trash_the_other_posts":false,"editor_notices":[],"footnotes":""},"class_list":["post-358","page","type-page","status-publish","hentry"],"_links":{"self":[{"href":"https:\/\/museoanton.es\/as\/wp-json\/wp\/v2\/pages\/358","targetHints":{"allow":["GET"]}}],"collection":[{"href":"https:\/\/museoanton.es\/as\/wp-json\/wp\/v2\/pages"}],"about":[{"href":"https:\/\/museoanton.es\/as\/wp-json\/wp\/v2\/types\/page"}],"author":[{"embeddable":true,"href":"https:\/\/museoanton.es\/as\/wp-json\/wp\/v2\/users\/1"}],"replies":[{"embeddable":true,"href":"https:\/\/museoanton.es\/as\/wp-json\/wp\/v2\/comments?post=358"}],"version-history":[{"count":40,"href":"https:\/\/museoanton.es\/as\/wp-json\/wp\/v2\/pages\/358\/revisions"}],"predecessor-version":[{"id":2644,"href":"https:\/\/museoanton.es\/as\/wp-json\/wp\/v2\/pages\/358\/revisions\/2644"}],"wp:attachment":[{"href":"https:\/\/museoanton.es\/as\/wp-json\/wp\/v2\/media?parent=358"}],"curies":[{"name":"wp","href":"https:\/\/api.w.org\/{rel}","templated":true}]}}