{"id":328,"date":"2021-08-31T14:12:45","date_gmt":"2021-08-31T14:12:45","guid":{"rendered":"https:\/\/museoanton.es\/?page_id=328"},"modified":"2022-01-13T10:53:42","modified_gmt":"2022-01-13T10:53:42","slug":"qr_ext_4","status":"publish","type":"page","link":"https:\/\/museoanton.es\/as\/qr_ext_4\/","title":{"rendered":"4.- SIN T\u00cdTULO"},"content":{"rendered":"<div  class=\"one withsmallpadding ppb_text\" style=\"padding:30px;\" >\n<h5 id=\"bajar\"><\/h5>\n<\/div>\n<div  class=\"one withsmallpadding ppb_text\" style=\"padding:30px 0 30px 0;\" >\n<div class=\"standard_wrapper\">\n<div class=\"page_content_wrapper\">\n<div class=\"inner\">\n<div style=\"margin:auto;width:100%\">\n<h2 style=\"color: #999999; text-align: center;\"><span style=\"color: #ffffff;\"><img decoding=\"async\" loading=\"lazy\" class=\"alignnone  wp-image-806\" src=\"https:\/\/museoanton.es\/wp-content\/uploads\/2021\/09\/4.svg\" alt=\"\" width=\"50\" height=\"50\" \/><br \/>\n<\/span>SIN T\u00cdTULO<\/h2>\n<h4 style=\"color: #999999; text-align: center;\"><span style=\"color: #808080;\"><strong>Sylvain Marc<\/strong><\/span><\/h4>\n<\/div>\n<\/div>\n<\/div>\n<\/div>\n<\/div>\n<div  class=\"one withsmallpadding ppb_text\" style=\"padding:30px 0 30px 0;\" >\n<div class=\"standard_wrapper\">\n<div class=\"page_content_wrapper\">\n<div class=\"inner\">\n<div style=\"margin:auto;width:100%\"><audio class=\"wp-audio-shortcode\" id=\"audio-328-2\" preload=\"none\" style=\"width: 100%;\" controls=\"controls\"><source type=\"audio\/mpeg\" src=\"https:\/\/museoanton.es\/as\/wp-content\/uploads\/sites\/12\/2022\/01\/ext_4as.mp3?_=2\" \/><a href=\"https:\/\/museoanton.es\/as\/wp-content\/uploads\/sites\/12\/2022\/01\/ext_4as.mp3\">https:\/\/museoanton.es\/as\/wp-content\/uploads\/sites\/12\/2022\/01\/ext_4as.mp3<\/a><\/audio>\n<\/div>\n<\/div>\n<\/div>\n<\/div>\n<\/div>\n<div  class=\"one withsmallpadding ppb_text\" style=\"padding:30px 0 30px 0;\" >\n<div class=\"standard_wrapper\">\n<div class=\"page_content_wrapper\">\n<div class=\"inner\">\n<div style=\"margin:auto;width:100%\">\n<h6 style=\"text-align: right;\"><a href=\"https:\/\/museoanton.es\/as\/qr_ext_5\/\"><img decoding=\"async\" loading=\"lazy\" class=\"alignnone wp-image-2398\" src=\"https:\/\/3w.museovt.com\/wp-content\/uploads\/2021\/02\/flechaQr.svg\" alt=\"\" width=\"55\" height=\"36\" \/><\/a><\/h6>\n<\/div>\n<\/div>\n<\/div>\n<\/div>\n<\/div>\n<div  class=\"one withsmallpadding ppb_text\" style=\"padding:30px 0 30px 0;\" >\n<div class=\"standard_wrapper\">\n<div class=\"page_content_wrapper\">\n<div class=\"inner\">\n<div style=\"margin:auto;width:100%\">\n<h6 style=\"text-align: right;\"><a href=\"https:\/\/museoanton.es\/as\/qr_ext_5\/\"><img decoding=\"async\" loading=\"lazy\" class=\"alignnone wp-image-2398\" src=\"https:\/\/3w.museovt.com\/wp-content\/uploads\/2021\/02\/flechaQr.svg\" alt=\"\" width=\"55\" height=\"36\" \/><\/a><\/h6>\n<\/div>\n<\/div>\n<\/div>\n<\/div>\n<\/div>\n<div  class=\"one withsmallpadding ppb_text\" style=\"padding:30px 0 30px 0;\" >\n<div class=\"standard_wrapper\">\n<div class=\"page_content_wrapper\">\n<div class=\"inner\">\n<div style=\"margin:auto;width:100%\">\n<p style=\"text-align: justify;\"><i class=\"fa fa-deaf fa-2x\" aria-hidden=\"true\"><\/i> L\u2019artista franc\u00e9s de Sylvain Marc fai esta escultura en m\u00e1rmol nel 2002, remanando la materia hasta estrayer les sos m\u00e1ximes posibilidaes.<\/p>\n<p style=\"text-align: justify;\">La obra estruct\u00farase al travi\u00e9s d\u2019una llinia ondulada otorgando cierta plasticid\u00e1 al material col que ta fecha.<\/p>\n<p style=\"text-align: justify;\">L\u2019artista tami\u00e9n quixo trescalar a la so obra de ciertu dinamismu, por aciu del llixeru movimientu ascendente y descendente que producen les dos ondes realizaes en distintos altores.<\/p>\n<\/div>\n<\/div>\n<\/div>\n<\/div>\n<\/div>\n<div  class=\"one withsmallpadding ppb_text\" style=\"padding:30px;\" >\n<p><iframe loading=\"lazy\" src=\"https:\/\/www.google.com\/maps\/d\/embed?mid=1EsY9cFaspdVaqpJZ3imQH_6v5d4Gt14E\" width=\"100%\" height=\"480\"><\/iframe><\/p>\n<\/div>\n","protected":false},"excerpt":{"rendered":"<p>SIN T\u00cdTULO Sylvain Marc https:\/\/museoanton.es\/as\/wp-content\/uploads\/sites\/12\/2022\/01\/ext_4as.mp3 L\u2019artista franc\u00e9s de Sylvain Marc fai esta escultura en m\u00e1rmol nel 2002, remanando la materia hasta estrayer les sos m\u00e1ximes posibilidaes. La obra estruct\u00farase al travi\u00e9s d\u2019una llinia ondulada otorgando cierta plasticid\u00e1 al material col [&hellip;]<\/p>\n","protected":false},"author":1,"featured_media":0,"parent":0,"menu_order":0,"comment_status":"closed","ping_status":"closed","template":"","meta":{"inline_featured_image":false,"_trash_the_other_posts":false,"editor_notices":[],"footnotes":""},"class_list":["post-328","page","type-page","status-publish","hentry"],"_links":{"self":[{"href":"https:\/\/museoanton.es\/as\/wp-json\/wp\/v2\/pages\/328","targetHints":{"allow":["GET"]}}],"collection":[{"href":"https:\/\/museoanton.es\/as\/wp-json\/wp\/v2\/pages"}],"about":[{"href":"https:\/\/museoanton.es\/as\/wp-json\/wp\/v2\/types\/page"}],"author":[{"embeddable":true,"href":"https:\/\/museoanton.es\/as\/wp-json\/wp\/v2\/users\/1"}],"replies":[{"embeddable":true,"href":"https:\/\/museoanton.es\/as\/wp-json\/wp\/v2\/comments?post=328"}],"version-history":[{"count":47,"href":"https:\/\/museoanton.es\/as\/wp-json\/wp\/v2\/pages\/328\/revisions"}],"predecessor-version":[{"id":2638,"href":"https:\/\/museoanton.es\/as\/wp-json\/wp\/v2\/pages\/328\/revisions\/2638"}],"wp:attachment":[{"href":"https:\/\/museoanton.es\/as\/wp-json\/wp\/v2\/media?parent=328"}],"curies":[{"name":"wp","href":"https:\/\/api.w.org\/{rel}","templated":true}]}}