{"id":321,"date":"2021-08-31T14:09:37","date_gmt":"2021-08-31T14:09:37","guid":{"rendered":"https:\/\/museoanton.es\/?page_id=321"},"modified":"2022-01-13T10:53:29","modified_gmt":"2022-01-13T10:53:29","slug":"qr_ext_3","status":"publish","type":"page","link":"https:\/\/museoanton.es\/as\/qr_ext_3\/","title":{"rendered":"3.- SIN T\u00cdTULO"},"content":{"rendered":"<div  class=\"one withsmallpadding ppb_text\" style=\"padding:30px;\" >\n<h5 id=\"bajar\"><\/h5>\n<\/div>\n<div  class=\"one withsmallpadding ppb_text\" style=\"padding:30px 0 30px 0;\" >\n<div class=\"standard_wrapper\">\n<div class=\"page_content_wrapper\">\n<div class=\"inner\">\n<div style=\"margin:auto;width:100%\">\n<h2 style=\"color: #999999; text-align: center;\"><span style=\"color: #ffffff;\"><img decoding=\"async\" loading=\"lazy\" class=\"alignnone  wp-image-805\" src=\"https:\/\/museoanton.es\/wp-content\/uploads\/2021\/09\/3.svg\" alt=\"\" width=\"50\" height=\"50\" \/><br \/>\n<\/span>SIN T\u00cdTULO<\/h2>\n<h4 style=\"color: #999999; text-align: center;\"><span style=\"color: #808080;\"><strong>Amancio Gonz\u00e1lez<\/strong><\/span><\/h4>\n<\/div>\n<\/div>\n<\/div>\n<\/div>\n<\/div>\n<div  class=\"one withsmallpadding ppb_text\" style=\"padding:30px 0 30px 0;\" >\n<div class=\"standard_wrapper\">\n<div class=\"page_content_wrapper\">\n<div class=\"inner\">\n<div style=\"margin:auto;width:100%\"><audio class=\"wp-audio-shortcode\" id=\"audio-321-2\" preload=\"none\" style=\"width: 100%;\" controls=\"controls\"><source type=\"audio\/mpeg\" src=\"https:\/\/museoanton.es\/as\/wp-content\/uploads\/sites\/12\/2022\/01\/ext_3as.mp3?_=2\" \/><a href=\"https:\/\/museoanton.es\/as\/wp-content\/uploads\/sites\/12\/2022\/01\/ext_3as.mp3\">https:\/\/museoanton.es\/as\/wp-content\/uploads\/sites\/12\/2022\/01\/ext_3as.mp3<\/a><\/audio>\n<\/div>\n<\/div>\n<\/div>\n<\/div>\n<\/div>\n<div  class=\"one withsmallpadding ppb_text\" style=\"padding:30px 0 30px 0;\" >\n<div class=\"standard_wrapper\">\n<div class=\"page_content_wrapper\">\n<div class=\"inner\">\n<div style=\"margin:auto;width:100%\">\n<h6 style=\"text-align: right;\"><a class=\"btn btn-default btn-sm\" href=\"https:\/\/museoanton.es\/as\/qr_ext_4\/\"><img decoding=\"async\" loading=\"lazy\" class=\"alignnone wp-image-2398\" src=\"https:\/\/3w.museovt.com\/wp-content\/uploads\/2021\/02\/flechaQr.svg\" alt=\"\" width=\"55\" height=\"36\" \/><\/a><\/h6>\n<\/div>\n<\/div>\n<\/div>\n<\/div>\n<\/div>\n<div  class=\"one withsmallpadding ppb_text\" style=\"padding:30px 0 30px 0;\" >\n<div class=\"standard_wrapper\">\n<div class=\"page_content_wrapper\">\n<div class=\"inner\">\n<div style=\"margin:auto;width:100%\">\n<h6 style=\"text-align: right;\"><a class=\"btn btn-default btn-sm\" href=\"https:\/\/museoanton.es\/as\/qr_ext_4\/\"><img decoding=\"async\" loading=\"lazy\" class=\"alignnone wp-image-2398\" src=\"https:\/\/3w.museovt.com\/wp-content\/uploads\/2021\/02\/flechaQr.svg\" alt=\"\" width=\"55\" height=\"36\" \/><\/a><\/h6>\n<\/div>\n<\/div>\n<\/div>\n<\/div>\n<\/div>\n<div  class=\"one withsmallpadding ppb_text\" style=\"padding:30px 0 30px 0;\" >\n<div class=\"standard_wrapper\">\n<div class=\"page_content_wrapper\">\n<div class=\"inner\">\n<div style=\"margin:auto;width:100%\">\n<p style=\"text-align: justify;\"><i class=\"fa fa-deaf fa-2x\" aria-hidden=\"true\"><\/i><br \/>\nAmancio llogr\u00f3 la Beca Ant\u00f3n d\u2019Ayuda a la Creaci\u00f3n Escult\u00f3rica nel 1993, pa la realizaci\u00f3n d\u2019esta escultura, creada en bronce fund\u00edo un a\u00f1u m\u00e1s tarde.<\/p>\n<p style=\"text-align: justify;\">Basada nun pescador, la figura ta representada de forma espresionista, cercana a lo grotesco.<\/p>\n<p style=\"text-align: justify;\">Has fixate como les sos grandes manes y pies-y dan un sent\u00edu primitivu y potente. Na mano drecha lleva una sardina, frutu del so trabayu, y cola so izquierda, se\u00f1ala\u2019l llugar del que procede: la mar.<\/p>\n<p style=\"text-align: justify;\">Cada parte del cuerpu ta fecha por separtao, ensin guardar proporciones, destacando nam\u00e1s aquello que quier enfatizar en cada parte de la figura.<\/p>\n<\/div>\n<\/div>\n<\/div>\n<\/div>\n<\/div>\n<div  class=\"one withsmallpadding ppb_text\" style=\"padding:30px;\" >\n<p><iframe loading=\"lazy\" src=\"https:\/\/www.google.com\/maps\/d\/embed?mid=18dLzn_3VKun8O3raqqSvn2C7dkpMeXmA\" width=\"100%\" height=\"480\"><\/iframe><\/p>\n<\/div>\n","protected":false},"excerpt":{"rendered":"<p>SIN T\u00cdTULO Amancio Gonz\u00e1lez https:\/\/museoanton.es\/as\/wp-content\/uploads\/sites\/12\/2022\/01\/ext_3as.mp3 Amancio llogr\u00f3 la Beca Ant\u00f3n d\u2019Ayuda a la Creaci\u00f3n Escult\u00f3rica nel 1993, pa la realizaci\u00f3n d\u2019esta escultura, creada en bronce fund\u00edo un a\u00f1u m\u00e1s tarde. Basada nun pescador, la figura ta representada de forma espresionista, [&hellip;]<\/p>\n","protected":false},"author":1,"featured_media":0,"parent":0,"menu_order":0,"comment_status":"closed","ping_status":"closed","template":"","meta":{"inline_featured_image":false,"_trash_the_other_posts":false,"editor_notices":[],"footnotes":""},"class_list":["post-321","page","type-page","status-publish","hentry"],"_links":{"self":[{"href":"https:\/\/museoanton.es\/as\/wp-json\/wp\/v2\/pages\/321","targetHints":{"allow":["GET"]}}],"collection":[{"href":"https:\/\/museoanton.es\/as\/wp-json\/wp\/v2\/pages"}],"about":[{"href":"https:\/\/museoanton.es\/as\/wp-json\/wp\/v2\/types\/page"}],"author":[{"embeddable":true,"href":"https:\/\/museoanton.es\/as\/wp-json\/wp\/v2\/users\/1"}],"replies":[{"embeddable":true,"href":"https:\/\/museoanton.es\/as\/wp-json\/wp\/v2\/comments?post=321"}],"version-history":[{"count":51,"href":"https:\/\/museoanton.es\/as\/wp-json\/wp\/v2\/pages\/321\/revisions"}],"predecessor-version":[{"id":2635,"href":"https:\/\/museoanton.es\/as\/wp-json\/wp\/v2\/pages\/321\/revisions\/2635"}],"wp:attachment":[{"href":"https:\/\/museoanton.es\/as\/wp-json\/wp\/v2\/media?parent=321"}],"curies":[{"name":"wp","href":"https:\/\/api.w.org\/{rel}","templated":true}]}}