{"id":252,"date":"2021-08-31T13:15:42","date_gmt":"2021-08-31T13:15:42","guid":{"rendered":"https:\/\/museoanton.es\/?page_id=252"},"modified":"2022-01-13T10:53:06","modified_gmt":"2022-01-13T10:53:06","slug":"qr_ext_1","status":"publish","type":"page","link":"https:\/\/museoanton.es\/as\/qr_ext_1\/","title":{"rendered":"1.- CONSTRUCCI\u00d3N"},"content":{"rendered":"<div  class=\"one withsmallpadding ppb_text\" style=\"padding:30px;\" >\n<h5 id=\"bajar\"><\/h5>\n<\/div>\n<div  class=\"one withsmallpadding ppb_text\" style=\"padding:30px 0 30px 0;\" >\n<div class=\"standard_wrapper\">\n<div class=\"page_content_wrapper\">\n<div class=\"inner\">\n<div style=\"margin:auto;width:100%\">\n<h2 style=\"color: #999999; text-align: center;\"><span style=\"color: #ffffff;\"><img decoding=\"async\" class=\"alignnone wp-image-756\" src=\"https:\/\/3w.museovt.com\/wp-content\/uploads\/2021\/01\/1.svg\" alt=\"\" width=\"50\" \/><br \/>\n<\/span><span style=\"color: #808080;\"><strong>CONSTRUCCI\u00d3N<\/strong><\/span><\/h2>\n<h4 style=\"color: #999999; text-align: center;\"><span style=\"color: #808080;\">Joaqu\u00edn Rubio Cam\u00edn<strong><br \/>\n<\/strong><\/span><\/h4>\n<\/div>\n<\/div>\n<\/div>\n<\/div>\n<\/div>\n<div  class=\"one withsmallpadding ppb_text\" style=\"padding:30px 0 30px 0;\" >\n<div class=\"standard_wrapper\">\n<div class=\"page_content_wrapper\">\n<div class=\"inner\">\n<div style=\"margin:auto;width:100%\"><audio class=\"wp-audio-shortcode\" id=\"audio-252-2\" preload=\"none\" style=\"width: 100%;\" controls=\"controls\"><source type=\"audio\/mpeg\" src=\"https:\/\/museoanton.es\/as\/wp-content\/uploads\/sites\/12\/2022\/01\/ext_1as.mp3?_=2\" \/><a href=\"https:\/\/museoanton.es\/as\/wp-content\/uploads\/sites\/12\/2022\/01\/ext_1as.mp3\">https:\/\/museoanton.es\/as\/wp-content\/uploads\/sites\/12\/2022\/01\/ext_1as.mp3<\/a><\/audio>\n<\/div>\n<\/div>\n<\/div>\n<\/div>\n<\/div>\n<div  class=\"one withsmallpadding ppb_text\" style=\"padding:30px 0 30px 0;\" >\n<div class=\"standard_wrapper\">\n<div class=\"page_content_wrapper\">\n<div class=\"inner\">\n<div style=\"margin:auto;width:100%\">\n<h6 style=\"text-align: right;\"><a class=\"btn btn-default btn-sm\" href=\"https:\/\/museoanton.es\/as\/qr_ext_2\/\"><img decoding=\"async\" loading=\"lazy\" class=\"alignnone wp-image-2398\" src=\"https:\/\/3w.museovt.com\/wp-content\/uploads\/2021\/02\/flechaQr.svg\" alt=\"\" width=\"55\" height=\"36\" \/><\/a><\/h6>\n<\/div>\n<\/div>\n<\/div>\n<\/div>\n<\/div>\n<div  class=\"one withsmallpadding ppb_text\" style=\"padding:30px 0 30px 0;\" >\n<div class=\"standard_wrapper\">\n<div class=\"page_content_wrapper\">\n<div class=\"inner\">\n<div style=\"margin:auto;width:100%\">\n<h6 style=\"text-align: right;\"><a class=\"btn btn-default btn-sm\" href=\"https:\/\/museoanton.es\/as\/qr_ext_2\/\"><img decoding=\"async\" loading=\"lazy\" class=\"alignnone wp-image-2398\" src=\"https:\/\/3w.museovt.com\/wp-content\/uploads\/2021\/02\/flechaQr.svg\" alt=\"\" width=\"55\" height=\"36\" \/><\/a><\/h6>\n<\/div>\n<\/div>\n<\/div>\n<\/div>\n<\/div>\n<div  class=\"one withsmallpadding ppb_text\" style=\"padding:30px 0 30px 0;\" >\n<div class=\"standard_wrapper\">\n<div class=\"page_content_wrapper\">\n<div class=\"inner\">\n<div style=\"margin:auto;width:100%\">\n<p style=\"text-align: justify;\"><i class=\"fa fa-deaf fa-2x\" aria-hidden=\"true\"><\/i> N\u2019aceru llaminao, \u201cConstrucci\u00f3n\u201d, f\u00edxola nel 1990 l\u2019artista asturianu Joaqu\u00edn Rubio Cam\u00edn, principal referente na escultura asturiana de la segunda met\u00e1 del sieglu XX.<\/p>\n<p style=\"text-align: justify;\">Formada por cuatro angulares d\u2019aceru asitiaos de forma vertical, la escultura presenta distintos altores, mayores nos estremos y menores nel centru. Esta sim\u00e9trica disposici\u00f3n dota a la obra d\u2019un ciertu ritmu espacial, nel que trunfa l\u2019equilibriu y la moderaci\u00f3n nes proporciones.<\/p>\n<\/div>\n<\/div>\n<\/div>\n<\/div>\n<\/div>\n<div  class=\"one withsmallpadding ppb_text\" style=\"padding:30px;\" >\n<p><iframe loading=\"lazy\" src=\"https:\/\/www.google.com\/maps\/d\/embed?mid=1VtN3jcuLDEKhRhE6qfUZWTruvbkk6I7a\" width=\"100%\" height=\"480\"><\/iframe><\/p>\n<\/div>\n","protected":false},"excerpt":{"rendered":"<p>CONSTRUCCI\u00d3N Joaqu\u00edn Rubio Cam\u00edn https:\/\/museoanton.es\/as\/wp-content\/uploads\/sites\/12\/2022\/01\/ext_1as.mp3 N\u2019aceru llaminao, \u201cConstrucci\u00f3n\u201d, f\u00edxola nel 1990 l\u2019artista asturianu Joaqu\u00edn Rubio Cam\u00edn, principal referente na escultura asturiana de la segunda met\u00e1 del sieglu XX. Formada por cuatro angulares d\u2019aceru asitiaos de forma vertical, la escultura presenta [&hellip;]<\/p>\n","protected":false},"author":1,"featured_media":0,"parent":0,"menu_order":0,"comment_status":"closed","ping_status":"closed","template":"","meta":{"inline_featured_image":false,"_trash_the_other_posts":false,"editor_notices":[],"footnotes":""},"class_list":["post-252","page","type-page","status-publish","hentry"],"_links":{"self":[{"href":"https:\/\/museoanton.es\/as\/wp-json\/wp\/v2\/pages\/252","targetHints":{"allow":["GET"]}}],"collection":[{"href":"https:\/\/museoanton.es\/as\/wp-json\/wp\/v2\/pages"}],"about":[{"href":"https:\/\/museoanton.es\/as\/wp-json\/wp\/v2\/types\/page"}],"author":[{"embeddable":true,"href":"https:\/\/museoanton.es\/as\/wp-json\/wp\/v2\/users\/1"}],"replies":[{"embeddable":true,"href":"https:\/\/museoanton.es\/as\/wp-json\/wp\/v2\/comments?post=252"}],"version-history":[{"count":109,"href":"https:\/\/museoanton.es\/as\/wp-json\/wp\/v2\/pages\/252\/revisions"}],"predecessor-version":[{"id":2629,"href":"https:\/\/museoanton.es\/as\/wp-json\/wp\/v2\/pages\/252\/revisions\/2629"}],"wp:attachment":[{"href":"https:\/\/museoanton.es\/as\/wp-json\/wp\/v2\/media?parent=252"}],"curies":[{"name":"wp","href":"https:\/\/api.w.org\/{rel}","templated":true}]}}