{"id":1106,"date":"2021-09-01T12:33:10","date_gmt":"2021-09-01T12:33:10","guid":{"rendered":"https:\/\/museoanton.es\/?page_id=1106"},"modified":"2022-01-13T10:48:57","modified_gmt":"2022-01-13T10:48:57","slug":"qr_int_7","status":"publish","type":"page","link":"https:\/\/museoanton.es\/as\/qr_int_7\/","title":{"rendered":"7.- ESCULTURES DE TEM\u00c1TICA COSTUMISTA"},"content":{"rendered":"<div  class=\"one withsmallpadding ppb_text\" style=\"padding:30px;\" >\n<h5 id=\"bajar\"><\/h5>\n<\/div>\n<div  class=\"one withsmallpadding ppb_text\" style=\"padding:30px 0 30px 0;\" >\n<div class=\"standard_wrapper\">\n<div class=\"page_content_wrapper\">\n<div class=\"inner\">\n<div style=\"margin:auto;width:100%\">\n<h2 style=\"color: #999999; text-align: center;\"><span style=\"color: #ffffff;\"><img decoding=\"async\" loading=\"lazy\" class=\"alignnone wp-image-809\" src=\"https:\/\/museoanton.es\/wp-content\/uploads\/2021\/09\/7.svg\" alt=\"\" width=\"50\" height=\"50\" \/><br \/>\n<\/span><span style=\"color: #808080;\"><strong>ESCULTURES DE TEM\u00c1TICA COSTUMISTA<\/strong><\/span><\/h2>\n<\/div>\n<\/div>\n<\/div>\n<\/div>\n<\/div>\n<div  class=\"one withsmallpadding ppb_text\" style=\"padding:30px 0 30px 0;\" >\n<div class=\"standard_wrapper\">\n<div class=\"page_content_wrapper\">\n<div class=\"inner\">\n<div style=\"margin:auto;width:100%\"><audio class=\"wp-audio-shortcode\" id=\"audio-1106-2\" preload=\"none\" style=\"width: 100%;\" controls=\"controls\"><source type=\"audio\/mpeg\" src=\"https:\/\/museoanton.es\/as\/wp-content\/uploads\/sites\/12\/2022\/01\/ext_7as.mp3?_=2\" \/><a href=\"https:\/\/museoanton.es\/as\/wp-content\/uploads\/sites\/12\/2022\/01\/ext_7as.mp3\">https:\/\/museoanton.es\/as\/wp-content\/uploads\/sites\/12\/2022\/01\/ext_7as.mp3<\/a><\/audio>\n<\/div>\n<\/div>\n<\/div>\n<\/div>\n<\/div>\n<div  class=\"one withsmallpadding ppb_text\" style=\"padding:30px 0 30px 0;\" >\n<div class=\"standard_wrapper\">\n<div class=\"page_content_wrapper\">\n<div class=\"inner\">\n<div style=\"margin:auto;width:100%\">\n<h6 style=\"text-align: right;\"><a class=\"btn btn-default btn-sm\" href=\"https:\/\/museoanton.es\/as\/qr_int_8\/\"><img decoding=\"async\" loading=\"lazy\" class=\"alignnone wp-image-2398\" src=\"https:\/\/3w.museovt.com\/wp-content\/uploads\/2021\/02\/flechaQr.svg\" alt=\"\" width=\"55\" height=\"36\" \/><\/a><\/h6>\n<\/div>\n<\/div>\n<\/div>\n<\/div>\n<\/div>\n<div  class=\"one withsmallpadding ppb_text\" style=\"padding:30px 0 30px 0;\" >\n<div class=\"standard_wrapper\">\n<div class=\"page_content_wrapper\">\n<div class=\"inner\">\n<div style=\"margin:auto;width:100%\">\n<p class=\"p1\" style=\"text-align: justify;\"><i class=\"fa fa-deaf fa-2x\" aria-hidden=\"true\"><\/i> Los motivos cotidianos y tami\u00e9n les costumes fueron una fonte d\u2019inspiraci\u00f3n d\u2019Ant\u00f3n pa facer les sos obres. Dientro d\u2019esta tem\u00e1tica de calter social t\u00e1n espuestes na sala les escultures: \u201cAsturiana\u201d y \u201cRapacina\u201d.<\/p>\n<\/div>\n<\/div>\n<\/div>\n<\/div>\n<\/div>\n<div  class=\"one withsmallpadding ppb_text\" style=\"padding:30px 0 30px 0;\" >\n<div class=\"standard_wrapper\">\n<div class=\"page_content_wrapper\">\n<div class=\"inner\">\n<div style=\"margin:auto;width:100%\">\n<p class=\"p1\" style=\"text-align: justify;\"><i class=\"fa fa-deaf fa-2x\" aria-hidden=\"true\"><\/i> Los motivos cotidianos y tami\u00e9n les costumes fueron una fonte d\u2019inspiraci\u00f3n d\u2019Ant\u00f3n pa facer les sos obres. Dientro d\u2019esta tem\u00e1tica de calter social t\u00e1n espuestes na sala les escultures: \u201cAsturiana\u201d y \u201cRapacina\u201d.<\/p>\n<\/div>\n<\/div>\n<\/div>\n<\/div>\n<\/div>\n<div  class=\"one withsmallpadding ppb_text\" style=\"padding:30px 0 30px 0;\" >\n<div class=\"standard_wrapper\">\n<div class=\"page_content_wrapper\">\n<div class=\"inner\">\n<div style=\"margin:auto;width:100%\">\n<p class=\"p1\" style=\"text-align: justify;\"><i class=\"fa fa-deaf fa-2x\" aria-hidden=\"true\"><\/i> Los motivos cotidianos y tami\u00e9n les costumes fueron una fonte d\u2019inspiraci\u00f3n d\u2019Ant\u00f3n pa facer les sos obres. Dientro d\u2019esta tem\u00e1tica de calter social t\u00e1n espuestes na sala les escultures: \u201cAsturiana\u201d y \u201cRapacina\u201d.<\/p>\n<\/div>\n<\/div>\n<\/div>\n<\/div>\n<\/div>\n<div class=\"standard_wrapper\">\n<div  class=\"two_third last withsmallpadding ppb_text\" style=\"padding:30px 0 30px 0;\" >\n<div class=\"standard_wrapper\">\n<div class=\"page_content_wrapper\">\n<div class=\"inner\">\n<div style=\"margin:auto;width:100%\">\n<h4 style=\"text-align: justify;\"><strong> Asturiana, 1932.<\/strong><\/h4>\n<p style=\"text-align: justify;\">Nesta obra, fecha en bronce fund\u00edo a partir del modelu orixinal n\u2019escayola que se calti\u00e9n nel Mus\u00e9u, Ant\u00f3n tom\u00f3 como modelu a la so prima Maruja, a la que representa risondera y nun descansu de cam\u00edn a la fonte.<\/p>\n<p style=\"text-align: justify;\">Usa\u2019l so vist\u00edu como un recursu de gran plasticid\u00e1, nel qu\u2019oldeen los perfiles n\u00edtidos y les superficies arrondiaes de la parte cimera del cuerpu al respective de la parte inferior, onde dominen los plegaos dispuestos r\u00edtmicamente en llinies paraleles y en zisz\u00e1s.<\/p>\n<\/div>\n<\/div>\n<\/div>\n<\/div>\n<\/div>\n<\/div>\n<div class=\"standard_wrapper\">\n<div  class=\"two_third last withsmallpadding ppb_text\" style=\"padding:30px 0 30px 0;\" >\n<div class=\"standard_wrapper\">\n<div class=\"page_content_wrapper\">\n<div class=\"inner\">\n<div style=\"margin:auto;width:100%\">\n<h4 style=\"text-align: justify;\"><strong> Asturiana, 1932.<\/strong><\/h4>\n<p style=\"text-align: justify;\">Nesta obra, fecha en bronce fund\u00edo a partir del modelu orixinal n\u2019escayola que se calti\u00e9n nel Mus\u00e9u, Ant\u00f3n tom\u00f3 como modelu a la so prima Maruja, a la que representa risondera y nun descansu de cam\u00edn a la fonte.<\/p>\n<p style=\"text-align: justify;\">Usa\u2019l so vist\u00edu como un recursu de gran plasticid\u00e1, nel qu\u2019oldeen los perfiles n\u00edtidos y les superficies arrondiaes de la parte cimera del cuerpu al respective de la parte inferior, onde dominen los plegaos dispuestos r\u00edtmicamente en llinies paraleles y en zisz\u00e1s.<\/p>\n<\/div>\n<\/div>\n<\/div>\n<\/div>\n<\/div>\n<\/div>\n<div class=\"standard_wrapper\">\n<div  class=\"two_third last withsmallpadding ppb_text\" style=\"padding:30px 0 30px 0;\" >\n<div class=\"standard_wrapper\">\n<div class=\"page_content_wrapper\">\n<div class=\"inner\">\n<div style=\"margin:auto;width:100%\">\n<h4 style=\"text-align: justify;\"><strong> Asturiana, 1932.<\/strong><\/h4>\n<p style=\"text-align: justify;\">Nesta obra, fecha en bronce fund\u00edo a partir del modelu orixinal n\u2019escayola que se calti\u00e9n nel Mus\u00e9u, Ant\u00f3n tom\u00f3 como modelu a la so prima Maruja, a la que representa risondera y nun descansu de cam\u00edn a la fonte.<\/p>\n<p style=\"text-align: justify;\">Usa\u2019l so vist\u00edu como un recursu de gran plasticid\u00e1, nel qu\u2019oldeen los perfiles n\u00edtidos y les superficies arrondiaes de la parte cimera del cuerpu al respective de la parte inferior, onde dominen los plegaos dispuestos r\u00edtmicamente en llinies paraleles y en zisz\u00e1s.<\/p>\n<\/div>\n<\/div>\n<\/div>\n<\/div>\n<\/div>\n<\/div>\n<div class=\"standard_wrapper\">\n<div  class=\"two_third last withsmallpadding ppb_text\" style=\"padding:30px 0 30px 0;\" >\n<div class=\"standard_wrapper\">\n<div class=\"page_content_wrapper\">\n<div class=\"inner\">\n<div style=\"margin:auto;width:100%\">\n<h4 style=\"text-align: justify;\"><strong> Rapacina, 1932.<\/strong><\/h4>\n<p style=\"text-align: justify;\">Ant\u00f3n talla nesta escultura de madera a una moza que torna de garrar agua na fonte, llevando les t\u00edpiques madre\u00f1es y la \u201cferrada\u201d, el calderu de madera con aros de metal nel que se tresportaba l\u2019agua. Estos dos elementos ponen en relieve\u2019l calter popular de la representaci\u00f3n. La so prima Maruja ye, otra vuelta, el so modelu.<\/p>\n<p style=\"text-align: justify;\">Ant\u00f3n emplega la t\u00e9cnica de los pa\u00f1os moyaos, que dexen al espectador aldovinar l\u2019anatom\u00eda de la retratada<\/p>\n<p style=\"text-align: justify;\">Al pie de la escultura de madera esp\u00f3nse la fecha n\u2019escayola, na que puedes ver como enantes d\u2019ellaborar la obra nel material definitivo, nesti casu la madera, Ant\u00f3n planteg\u00e1bala nun material que-y dexara faer correcciones y cambios, como yera\u2019l casu de la escayola.<\/p>\n<\/div>\n<\/div>\n<\/div>\n<\/div>\n<\/div>\n<\/div>\n","protected":false},"excerpt":{"rendered":"<p>ESCULTURES DE TEM\u00c1TICA COSTUMISTA https:\/\/museoanton.es\/as\/wp-content\/uploads\/sites\/12\/2022\/01\/ext_7as.mp3 Los motivos cotidianos y tami\u00e9n les costumes fueron una fonte d\u2019inspiraci\u00f3n d\u2019Ant\u00f3n pa facer les sos obres. Dientro d\u2019esta tem\u00e1tica de calter social t\u00e1n espuestes na sala les escultures: \u201cAsturiana\u201d y \u201cRapacina\u201d. Los motivos cotidianos [&hellip;]<\/p>\n","protected":false},"author":1,"featured_media":0,"parent":0,"menu_order":0,"comment_status":"closed","ping_status":"closed","template":"","meta":{"inline_featured_image":false,"_trash_the_other_posts":false,"editor_notices":[],"footnotes":""},"class_list":["post-1106","page","type-page","status-publish","hentry"],"_links":{"self":[{"href":"https:\/\/museoanton.es\/as\/wp-json\/wp\/v2\/pages\/1106","targetHints":{"allow":["GET"]}}],"collection":[{"href":"https:\/\/museoanton.es\/as\/wp-json\/wp\/v2\/pages"}],"about":[{"href":"https:\/\/museoanton.es\/as\/wp-json\/wp\/v2\/types\/page"}],"author":[{"embeddable":true,"href":"https:\/\/museoanton.es\/as\/wp-json\/wp\/v2\/users\/1"}],"replies":[{"embeddable":true,"href":"https:\/\/museoanton.es\/as\/wp-json\/wp\/v2\/comments?post=1106"}],"version-history":[{"count":48,"href":"https:\/\/museoanton.es\/as\/wp-json\/wp\/v2\/pages\/1106\/revisions"}],"predecessor-version":[{"id":2614,"href":"https:\/\/museoanton.es\/as\/wp-json\/wp\/v2\/pages\/1106\/revisions\/2614"}],"wp:attachment":[{"href":"https:\/\/museoanton.es\/as\/wp-json\/wp\/v2\/media?parent=1106"}],"curies":[{"name":"wp","href":"https:\/\/api.w.org\/{rel}","templated":true}]}}