{"id":1081,"date":"2021-09-01T12:26:39","date_gmt":"2021-09-01T12:26:39","guid":{"rendered":"https:\/\/museoanton.es\/?page_id=1081"},"modified":"2022-01-13T10:48:41","modified_gmt":"2022-01-13T10:48:41","slug":"qr_int_6","status":"publish","type":"page","link":"https:\/\/museoanton.es\/as\/qr_int_6\/","title":{"rendered":"6.- ESCULTURES DE TEM\u00c1TICA SOCIAL"},"content":{"rendered":"<div  class=\"one withsmallpadding ppb_text\" style=\"padding:30px;\" >\n<h5 id=\"bajar\"><\/h5>\n<\/div>\n<div  class=\"one withsmallpadding ppb_text\" style=\"padding:30px 0 30px 0;\" >\n<div class=\"standard_wrapper\">\n<div class=\"page_content_wrapper\">\n<div class=\"inner\">\n<div style=\"margin:auto;width:100%\">\n<h2 style=\"color: #999999; text-align: center;\"><span style=\"color: #808080;\"><strong><img decoding=\"async\" loading=\"lazy\" class=\"alignnone wp-image-808\" src=\"https:\/\/museoanton.es\/wp-content\/uploads\/2021\/09\/6.svg\" alt=\"\" width=\"50\" height=\"50\" \/><br \/>\nESCULTURES DE TEM\u00c1TICA SOCIAL<\/strong><\/span><\/h2>\n<\/div>\n<\/div>\n<\/div>\n<\/div>\n<\/div>\n<div  class=\"one withsmallpadding ppb_text\" style=\"padding:30px 0 30px 0;\" >\n<div class=\"standard_wrapper\">\n<div class=\"page_content_wrapper\">\n<div class=\"inner\">\n<div style=\"margin:auto;width:100%\"><audio class=\"wp-audio-shortcode\" id=\"audio-1081-2\" preload=\"none\" style=\"width: 100%;\" controls=\"controls\"><source type=\"audio\/mpeg\" src=\"https:\/\/museoanton.es\/as\/wp-content\/uploads\/sites\/12\/2022\/01\/int_6as.mp3?_=2\" \/><a href=\"https:\/\/museoanton.es\/as\/wp-content\/uploads\/sites\/12\/2022\/01\/int_6as.mp3\">https:\/\/museoanton.es\/as\/wp-content\/uploads\/sites\/12\/2022\/01\/int_6as.mp3<\/a><\/audio>\n<\/div>\n<\/div>\n<\/div>\n<\/div>\n<\/div>\n<div  class=\"one withsmallpadding ppb_text\" style=\"padding:30px 0 30px 0;\" >\n<div class=\"standard_wrapper\">\n<div class=\"page_content_wrapper\">\n<div class=\"inner\">\n<div style=\"margin:auto;width:100%\">\n<h6 style=\"text-align: right;\"><a class=\"btn btn-default btn-sm\" href=\"https:\/\/museoanton.es\/as\/qr_int_7\/\"><img decoding=\"async\" loading=\"lazy\" class=\"alignnone wp-image-2398\" src=\"https:\/\/3w.museovt.com\/wp-content\/uploads\/2021\/02\/flechaQr.svg\" alt=\"\" width=\"55\" height=\"36\" \/><\/a><\/h6>\n<\/div>\n<\/div>\n<\/div>\n<\/div>\n<\/div>\n<div  class=\"one withsmallpadding ppb_text\" style=\"padding:30px 0 30px 0;\" >\n<div class=\"standard_wrapper\">\n<div class=\"page_content_wrapper\">\n<div class=\"inner\">\n<div style=\"margin:auto;width:100%\">\n<p style=\"text-align: justify;\"><span lang=\"ES\"><i class=\"fa fa-deaf fa-2x\" aria-hidden=\"true\"><\/i> La realid\u00e1 que vivi\u00f3 Ant\u00f3n esp\u00e9yase nes sos obres. Dientro de la tem\u00e1tica de calter social pres\u00e9ntense na sala dos escultures, \u201cLa marinera\u201d y \u201cLa Se\u00f1\u00e1 Isabel\u201d, obres d&#8217;una intensa factura espresionista.<\/span><\/p>\n<\/div>\n<\/div>\n<\/div>\n<\/div>\n<\/div>\n<div  class=\"one withsmallpadding ppb_text\" style=\"padding:30px 0 30px 0;\" >\n<div class=\"standard_wrapper\">\n<div class=\"page_content_wrapper\">\n<div class=\"inner\">\n<div style=\"margin:auto;width:100%\">\n<p style=\"text-align: justify;\"><span lang=\"ES\"><i class=\"fa fa-deaf fa-2x\" aria-hidden=\"true\"><\/i> La realid\u00e1 que vivi\u00f3 Ant\u00f3n esp\u00e9yase nes sos obres. Dientro de la tem\u00e1tica de calter social pres\u00e9ntense na sala dos escultures, \u201cLa marinera\u201d y \u201cLa Se\u00f1\u00e1 Isabel\u201d, obres d&#8217;una intensa factura espresionista.<\/span><\/p>\n<\/div>\n<\/div>\n<\/div>\n<\/div>\n<\/div>\n<div  class=\"one withsmallpadding ppb_text\" style=\"padding:30px 0 30px 0;\" >\n<div class=\"standard_wrapper\">\n<div class=\"page_content_wrapper\">\n<div class=\"inner\">\n<div style=\"margin:auto;width:100%\">\n<p style=\"text-align: justify;\"><span lang=\"ES\"><i class=\"fa fa-deaf fa-2x\" aria-hidden=\"true\"><\/i> La realid\u00e1 que vivi\u00f3 Ant\u00f3n esp\u00e9yase nes sos obres. Dientro de la tem\u00e1tica de calter social pres\u00e9ntense na sala dos escultures, \u201cLa marinera\u201d y \u201cLa Se\u00f1\u00e1 Isabel\u201d, obres d&#8217;una intensa factura espresionista.<\/span><\/p>\n<\/div>\n<\/div>\n<\/div>\n<\/div>\n<\/div>\n<div class=\"standard_wrapper\">\n<div  class=\"two_third last withsmallpadding ppb_text\" style=\"padding:30px 0 30px 0;\" >\n<div class=\"standard_wrapper\">\n<div class=\"page_content_wrapper\">\n<div class=\"inner\">\n<div style=\"margin:auto;width:100%\">\n<h4 style=\"text-align: justify;\"><strong>La marinera, 1933.<\/strong><\/h4>\n<p style=\"text-align: justify;\">Esta obra ye guapamente una de los meyores y m\u00e1s representatives de la trayectoria art\u00edstica d\u2019Ant\u00f3n.<\/p>\n<p style=\"text-align: justify;\">Ye una escultura tallada en madera, na que representa a la muyer d\u2019un marineru al pie de el so f\u00edu pequenu, de cam\u00edn al puertu pa ver si\u2019l so home torna con vida al llar.<\/p>\n<p style=\"text-align: justify;\">El conxuntu escult\u00f3ricu ta trescal\u00e1u d\u2019una fuerte elocuencia psicol\u00f3xica y espresiva que se centra na cara de la muyer, que presenta ansied\u00e1 y medrana \u00e9nte una posible traxedia.<\/p>\n<p style=\"text-align: justify;\">Esti sentimientu vese ent\u00e1 m\u00e1s acentu\u00e1u cola presencia del ne\u00f1u, que mira directamente a la so madre y clama pa que lu garre en cuellu, faciendo la escena ent\u00e1 m\u00e1s angustiosa<\/p>\n<p style=\"text-align: justify;\">La ropa de la muyer vese azotao poles rabaseres del aire, les mesmes que ponen en riesgu la vida del so home y a\u00f1aden mayor dramatismu a la obra.<\/p>\n<\/div>\n<\/div>\n<\/div>\n<\/div>\n<\/div>\n<\/div>\n<div class=\"standard_wrapper\">\n<div  class=\"two_third last withsmallpadding ppb_text\" style=\"padding:30px 0 30px 0;\" >\n<div class=\"standard_wrapper\">\n<div class=\"page_content_wrapper\">\n<div class=\"inner\">\n<div style=\"margin:auto;width:100%\">\n<h4 style=\"text-align: justify;\"><strong>La marinera, 1933.<\/strong><\/h4>\n<p style=\"text-align: justify;\">Esta obra ye guapamente una de los meyores y m\u00e1s representatives de la trayectoria art\u00edstica d\u2019Ant\u00f3n.<\/p>\n<p style=\"text-align: justify;\">Ye una escultura tallada en madera, na que representa a la muyer d\u2019un marineru al pie de el so f\u00edu pequenu, de cam\u00edn al puertu pa ver si\u2019l so home torna con vida al llar.<\/p>\n<p style=\"text-align: justify;\">El conxuntu escult\u00f3ricu ta trescal\u00e1u d\u2019una fuerte elocuencia psicol\u00f3xica y espresiva que se centra na cara de la muyer, que presenta ansied\u00e1 y medrana \u00e9nte una posible traxedia.<\/p>\n<p style=\"text-align: justify;\">Esti sentimientu vese ent\u00e1 m\u00e1s acentu\u00e1u cola presencia del ne\u00f1u, que mira directamente a la so madre y clama pa que lu garre en cuellu, faciendo la escena ent\u00e1 m\u00e1s angustiosa<\/p>\n<p style=\"text-align: justify;\">La ropa de la muyer vese azotao poles rabaseres del aire, les mesmes que ponen en riesgu la vida del so home y a\u00f1aden mayor dramatismu a la obra.<\/p>\n<\/div>\n<\/div>\n<\/div>\n<\/div>\n<\/div>\n<\/div>\n<div class=\"standard_wrapper\">\n<div  class=\"two_third last withsmallpadding ppb_text\" style=\"padding:30px 0 30px 0;\" >\n<div class=\"standard_wrapper\">\n<div class=\"page_content_wrapper\">\n<div class=\"inner\">\n<div style=\"margin:auto;width:100%\">\n<h4 style=\"text-align: justify;\"><strong>La marinera, 1933.<\/strong><\/h4>\n<p style=\"text-align: justify;\">Esta obra ye guapamente una de los meyores y m\u00e1s representatives de la trayectoria art\u00edstica d\u2019Ant\u00f3n.<\/p>\n<p style=\"text-align: justify;\">Ye una escultura tallada en madera, na que representa a la muyer d\u2019un marineru al pie de el so f\u00edu pequenu, de cam\u00edn al puertu pa ver si\u2019l so home torna con vida al llar.<\/p>\n<p style=\"text-align: justify;\">El conxuntu escult\u00f3ricu ta trescal\u00e1u d\u2019una fuerte elocuencia psicol\u00f3xica y espresiva que se centra na cara de la muyer, que presenta ansied\u00e1 y medrana \u00e9nte una posible traxedia.<\/p>\n<p style=\"text-align: justify;\">Esti sentimientu vese ent\u00e1 m\u00e1s acentu\u00e1u cola presencia del ne\u00f1u, que mira directamente a la so madre y clama pa que lu garre en cuellu, faciendo la escena ent\u00e1 m\u00e1s angustiosa<\/p>\n<p style=\"text-align: justify;\">La ropa de la muyer vese azotao poles rabaseres del aire, les mesmes que ponen en riesgu la vida del so home y a\u00f1aden mayor dramatismu a la obra.<\/p>\n<\/div>\n<\/div>\n<\/div>\n<\/div>\n<\/div>\n<\/div>\n<div class=\"standard_wrapper\">\n<div  class=\"two_third last withsmallpadding ppb_text\" style=\"padding:30px 0 30px 0;\" >\n<div class=\"standard_wrapper\">\n<div class=\"page_content_wrapper\">\n<div class=\"inner\">\n<div style=\"margin:auto;width:100%\">\n<h4 style=\"text-align: justify;\"><strong>La Se\u00f1\u00e1 Isabel, 1932<\/strong><\/h4>\n<p style=\"text-align: justify;\">Fecha en bronce fund\u00edo a partir del modelu orixinal n\u2019escayola que se calti\u00e9n nel Mus\u00e9u, esta escultura ye un bustu de mediu cuerpu d\u2019Isabel, una vieya vistida col pa\u00f1uelu y el t\u00edpicu cobertor candas\u00edn, que viv\u00eda cerca de la casa Estrada Nora, angua\u00f1o convertida nel Mus\u00e9u Ant\u00f3n.<\/p>\n<p style=\"text-align: justify;\">Ye una obra de fuerte carga espresiva, na que l\u2019artista resalt\u00f3 la vestimenta, con plegaos bien marcaos qu\u2019apurren dinamismu a la pieza con xuegos de lluces y solombres.<\/p>\n<p style=\"text-align: justify;\">L\u2019artista trabaya con mayor detalle les manes y la cara de la vieya. Na so fisonom\u00eda atop\u00f3 non y\u00e1 les traces caracter\u00edstiques de la vieyera sin\u00f3n tami\u00e9n el cansanciu acumul\u00e1u de llargues xornaes de trabayu.<\/p>\n<\/div>\n<\/div>\n<\/div>\n<\/div>\n<\/div>\n<\/div>\n","protected":false},"excerpt":{"rendered":"<p>ESCULTURES DE TEM\u00c1TICA SOCIAL https:\/\/museoanton.es\/as\/wp-content\/uploads\/sites\/12\/2022\/01\/int_6as.mp3 La realid\u00e1 que vivi\u00f3 Ant\u00f3n esp\u00e9yase nes sos obres. Dientro de la tem\u00e1tica de calter social pres\u00e9ntense na sala dos escultures, \u201cLa marinera\u201d y \u201cLa Se\u00f1\u00e1 Isabel\u201d, obres d&#8217;una intensa factura espresionista. La realid\u00e1 que [&hellip;]<\/p>\n","protected":false},"author":1,"featured_media":0,"parent":0,"menu_order":0,"comment_status":"closed","ping_status":"closed","template":"","meta":{"inline_featured_image":false,"_trash_the_other_posts":false,"editor_notices":[],"footnotes":""},"class_list":["post-1081","page","type-page","status-publish","hentry"],"_links":{"self":[{"href":"https:\/\/museoanton.es\/as\/wp-json\/wp\/v2\/pages\/1081","targetHints":{"allow":["GET"]}}],"collection":[{"href":"https:\/\/museoanton.es\/as\/wp-json\/wp\/v2\/pages"}],"about":[{"href":"https:\/\/museoanton.es\/as\/wp-json\/wp\/v2\/types\/page"}],"author":[{"embeddable":true,"href":"https:\/\/museoanton.es\/as\/wp-json\/wp\/v2\/users\/1"}],"replies":[{"embeddable":true,"href":"https:\/\/museoanton.es\/as\/wp-json\/wp\/v2\/comments?post=1081"}],"version-history":[{"count":59,"href":"https:\/\/museoanton.es\/as\/wp-json\/wp\/v2\/pages\/1081\/revisions"}],"predecessor-version":[{"id":2611,"href":"https:\/\/museoanton.es\/as\/wp-json\/wp\/v2\/pages\/1081\/revisions\/2611"}],"wp:attachment":[{"href":"https:\/\/museoanton.es\/as\/wp-json\/wp\/v2\/media?parent=1081"}],"curies":[{"name":"wp","href":"https:\/\/api.w.org\/{rel}","templated":true}]}}