{"id":1051,"date":"2021-09-01T12:15:13","date_gmt":"2021-09-01T12:15:13","guid":{"rendered":"https:\/\/museoanton.es\/?page_id=1051"},"modified":"2022-01-13T10:48:26","modified_gmt":"2022-01-13T10:48:26","slug":"qr_int_5","status":"publish","type":"page","link":"https:\/\/museoanton.es\/as\/qr_int_5\/","title":{"rendered":"5.- MATERIALES"},"content":{"rendered":"<div  class=\"one withsmallpadding ppb_text\" style=\"padding:30px;\" >\n<h5 id=\"bajar\"><\/h5>\n<\/div>\n<div  class=\"one withsmallpadding ppb_text\" style=\"padding:30px 0 30px 0;\" >\n<div class=\"standard_wrapper\">\n<div class=\"page_content_wrapper\">\n<div class=\"inner\">\n<div style=\"margin:auto;width:100%\">\n<h2 style=\"color: #999999; text-align: center;\"><span style=\"color: #ffffff;\"><img decoding=\"async\" loading=\"lazy\" class=\"alignnone  wp-image-807\" src=\"https:\/\/museoanton.es\/wp-content\/uploads\/2021\/09\/5.svg\" alt=\"\" width=\"50\" height=\"50\" \/><br \/>\n<\/span><span style=\"color: #808080;\"><strong>MATERIALES<\/strong><\/span><\/h2>\n<\/div>\n<\/div>\n<\/div>\n<\/div>\n<\/div>\n<div  class=\"one withsmallpadding ppb_text\" style=\"padding:30px 0 30px 0;\" >\n<div class=\"standard_wrapper\">\n<div class=\"page_content_wrapper\">\n<div class=\"inner\">\n<div style=\"margin:auto;width:100%\"><audio class=\"wp-audio-shortcode\" id=\"audio-1051-2\" preload=\"none\" style=\"width: 100%;\" controls=\"controls\"><source type=\"audio\/mpeg\" src=\"https:\/\/museoanton.es\/as\/wp-content\/uploads\/sites\/12\/2022\/01\/int_5as.mp3?_=2\" \/><a href=\"https:\/\/museoanton.es\/as\/wp-content\/uploads\/sites\/12\/2022\/01\/int_5as.mp3\">https:\/\/museoanton.es\/as\/wp-content\/uploads\/sites\/12\/2022\/01\/int_5as.mp3<\/a><\/audio>\n<\/div>\n<\/div>\n<\/div>\n<\/div>\n<\/div>\n<div  class=\"one withsmallpadding ppb_text\" style=\"padding:30px 0 30px 0;\" >\n<div class=\"standard_wrapper\">\n<div class=\"page_content_wrapper\">\n<div class=\"inner\">\n<div style=\"margin:auto;width:100%\">\n<h6 style=\"text-align: right;\"><a class=\"btn btn-default btn-sm\" href=\"https:\/\/museoanton.es\/as\/qr_int_6\/\"><img decoding=\"async\" loading=\"lazy\" class=\"alignnone wp-image-2398\" src=\"https:\/\/3w.museovt.com\/wp-content\/uploads\/2021\/02\/flechaQr.svg\" alt=\"\" width=\"55\" height=\"36\" \/><\/a><\/h6>\n<\/div>\n<\/div>\n<\/div>\n<\/div>\n<\/div>\n<div  class=\"one withsmallpadding ppb_text\" style=\"padding:30px 0 30px 0;\" >\n<div class=\"standard_wrapper\">\n<div class=\"page_content_wrapper\">\n<div class=\"inner\">\n<div style=\"margin:auto;width:100%\">\n<h6 style=\"text-align: right;\"><a class=\"btn btn-default btn-sm\" href=\"https:\/\/museoanton.es\/as\/qr_int_6\/\"><img decoding=\"async\" loading=\"lazy\" class=\"alignnone wp-image-2398\" src=\"https:\/\/3w.museovt.com\/wp-content\/uploads\/2021\/02\/flechaQr.svg\" alt=\"\" width=\"55\" height=\"36\" \/><\/a><\/h6>\n<\/div>\n<\/div>\n<\/div>\n<\/div>\n<\/div>\n<div  class=\"one withsmallpadding ppb_text\" style=\"padding:30px 0 30px 0;\" >\n<div class=\"standard_wrapper\">\n<div class=\"page_content_wrapper\">\n<div class=\"inner\">\n<div style=\"margin:auto;width:100%\">\n<p style=\"text-align: justify;\"><i class=\"fa fa-deaf fa-2x\" aria-hidden=\"true\"><\/i> Ant\u00f3n domina a la perfecci\u00f3n mesmo les numberoses t\u00e9cniques escult\u00f3riques, de la talla al model\u00e1u, que los materiales qu\u2019emplega pa facer les sos obres.<\/p>\n<p style=\"text-align: justify;\">El material b\u00e1sico col que trabaya ye la escayola, por ser bono de modelar y porque dexa facer cambeos mientres ent\u00e1 permanez h\u00famedo. Sicas\u00ed, por cuenta de la fraxilid\u00e1 del material, les escultures feches n\u2019escayola precisen el so tresll\u00e1u a un material definitivo, m\u00e1s resistente. Como esto resultaba bien costoso p\u2019Ant\u00f3n, nam\u00e1s puedo ellaborar la mayor parte de les sos obres n\u2019escayola.<\/p>\n<\/div>\n<\/div>\n<\/div>\n<\/div>\n<\/div>\n<div  class=\"one withsmallpadding ppb_text\" style=\"padding:30px 0 30px 0;\" >\n<div class=\"standard_wrapper\">\n<div class=\"page_content_wrapper\">\n<div class=\"inner\">\n<div style=\"margin:auto;width:100%\">\n<p style=\"text-align: justify;\"><i class=\"fa fa-deaf fa-2x\" aria-hidden=\"true\"><\/i> Ant\u00f3n domina a la perfecci\u00f3n mesmo les numberoses t\u00e9cniques escult\u00f3riques, de la talla al model\u00e1u, que los materiales qu\u2019emplega pa facer les sos obres.<\/p>\n<p style=\"text-align: justify;\">El material b\u00e1sico col que trabaya ye la escayola, por ser bono de modelar y porque dexa facer cambeos mientres ent\u00e1 permanez h\u00famedo. Sicas\u00ed, por cuenta de la fraxilid\u00e1 del material, les escultures feches n\u2019escayola precisen el so tresll\u00e1u a un material definitivo, m\u00e1s resistente. Como esto resultaba bien costoso p\u2019Ant\u00f3n, nam\u00e1s puedo ellaborar la mayor parte de les sos obres n\u2019escayola.<\/p>\n<\/div>\n<\/div>\n<\/div>\n<\/div>\n<\/div>\n<div  class=\"one withsmallpadding ppb_text\" style=\"padding:30px 0 30px 0;\" >\n<div class=\"standard_wrapper\">\n<div class=\"page_content_wrapper\">\n<div class=\"inner\">\n<div style=\"margin:auto;width:100%\">\n<p style=\"text-align: justify;\"><i class=\"fa fa-deaf fa-2x\" aria-hidden=\"true\"><\/i> Ant\u00f3n domina a la perfecci\u00f3n mesmo les numberoses t\u00e9cniques escult\u00f3riques, de la talla al model\u00e1u, que los materiales qu\u2019emplega pa facer les sos obres.<\/p>\n<p style=\"text-align: justify;\">El material b\u00e1sico col que trabaya ye la escayola, por ser bono de modelar y porque dexa facer cambeos mientres ent\u00e1 permanez h\u00famedo. Sicas\u00ed, por cuenta de la fraxilid\u00e1 del material, les escultures feches n\u2019escayola precisen el so tresll\u00e1u a un material definitivo, m\u00e1s resistente. Como esto resultaba bien costoso p\u2019Ant\u00f3n, nam\u00e1s puedo ellaborar la mayor parte de les sos obres n\u2019escayola.<\/p>\n<\/div>\n<\/div>\n<\/div>\n<\/div>\n<\/div>\n<div class=\"standard_wrapper\">\n<div  class=\"two_third last withsmallpadding ppb_text\" style=\"padding:30px 0 30px 0;\" >\n<div class=\"standard_wrapper\">\n<div class=\"page_content_wrapper\">\n<div class=\"inner\">\n<div style=\"margin:auto;width:100%\">\n<h4 class=\"p1\"><strong> Jos\u00e9 Fern\u00e1ndez, 1932.<\/strong><\/h4>\n<p style=\"text-align: justify;\">Fecha en bronce fund\u00edo alredor del 1932, esta escultura ye\u2019l retratu d\u2019un amigu d\u2019Ant\u00f3n, cuando dambos taben en Madrid. Ye la \u00fanica obra conocida hasta la fecha que foi fecha en bronce en vida por Ant\u00f3n, pues el restu de les que t\u00e1n espuestes nesta sala fix\u00e9ronse alredor del 1989, a\u00f1u nel que s\u2019inaugur\u00f3 esti mus\u00e9u.<\/p>\n<\/div>\n<\/div>\n<\/div>\n<\/div>\n<\/div>\n<\/div>\n<div class=\"standard_wrapper\">\n<div  class=\"two_third last withsmallpadding ppb_text\" style=\"padding:30px 0 30px 0;\" >\n<div class=\"standard_wrapper\">\n<div class=\"page_content_wrapper\">\n<div class=\"inner\">\n<div style=\"margin:auto;width:100%\">\n<h4 class=\"p1\"><strong> Jos\u00e9 Fern\u00e1ndez, 1932.<\/strong><\/h4>\n<p style=\"text-align: justify;\">Fecha en bronce fund\u00edo alredor del 1932, esta escultura ye\u2019l retratu d\u2019un amigu d\u2019Ant\u00f3n, cuando dambos taben en Madrid. Ye la \u00fanica obra conocida hasta la fecha que foi fecha en bronce en vida por Ant\u00f3n, pues el restu de les que t\u00e1n espuestes nesta sala fix\u00e9ronse alredor del 1989, a\u00f1u nel que s\u2019inaugur\u00f3 esti mus\u00e9u.<\/p>\n<\/div>\n<\/div>\n<\/div>\n<\/div>\n<\/div>\n<\/div>\n<div class=\"standard_wrapper\">\n<div  class=\"two_third last withsmallpadding ppb_text\" style=\"padding:30px 0 30px 0;\" >\n<div class=\"standard_wrapper\">\n<div class=\"page_content_wrapper\">\n<div class=\"inner\">\n<div style=\"margin:auto;width:100%\">\n<h4 class=\"p1\"><strong> Jos\u00e9 Fern\u00e1ndez, 1932.<\/strong><\/h4>\n<p style=\"text-align: justify;\">Fecha en bronce fund\u00edo alredor del 1932, esta escultura ye\u2019l retratu d\u2019un amigu d\u2019Ant\u00f3n, cuando dambos taben en Madrid. Ye la \u00fanica obra conocida hasta la fecha que foi fecha en bronce en vida por Ant\u00f3n, pues el restu de les que t\u00e1n espuestes nesta sala fix\u00e9ronse alredor del 1989, a\u00f1u nel que s\u2019inaugur\u00f3 esti mus\u00e9u.<\/p>\n<\/div>\n<\/div>\n<\/div>\n<\/div>\n<\/div>\n<\/div>\n<div class=\"standard_wrapper\">\n<div  class=\"two_third last withsmallpadding ppb_text\" style=\"padding:30px 0 30px 0;\" >\n<div class=\"standard_wrapper\">\n<div class=\"page_content_wrapper\">\n<div class=\"inner\">\n<div style=\"margin:auto;width:100%\">\n<h4 style=\"text-align: justify;\"><strong> Mi gu\u0308ela, 1932.<\/strong><\/h4>\n<p style=\"text-align: justify;\">La obra ye un bustu fechu en madera de casta\u00f1al qu\u2019Ant\u00f3n fixo de la so propia g\u00fcela, aprovechando&#8217;l tiempu que pasaba la vieya peles tardes dormida xunto al llar.<\/p>\n<p style=\"text-align: justify;\">Nesta escultura, l\u2019artista arrenuncia a cualesquier amuesa d\u2019idealizaci\u00f3n p\u2019afondar na vida interior del personaxe y dotalu d\u2019una fuercia espresiva escepcional.<\/p>\n<p style=\"text-align: justify;\">La obra cre\u00f3se nam\u00e1s un a\u00f1u dempu\u00e9s del so tresll\u00e1u a Madrid, lo qu\u2019amuesa la facilid\u00e1 de deprendizaxe d\u2019Ant\u00f3n na talla de madera, material col qu\u2019enantes nun trabayara, una y bones les obres creaes n&#8217;a\u00f1os anteriores fix\u00e9reles n\u2019escayola.<\/p>\n<\/div>\n<\/div>\n<\/div>\n<\/div>\n<\/div>\n<\/div>\n<div class=\"standard_wrapper\">\n<div  class=\"two_third last withsmallpadding ppb_text\" style=\"padding:30px 0 30px 0;\" >\n<div class=\"standard_wrapper\">\n<div class=\"page_content_wrapper\">\n<div class=\"inner\">\n<div style=\"margin:auto;width:100%\">\n<h4 style=\"text-align: justify;\"><strong> Mi gu\u0308ela, 1932.<\/strong><\/h4>\n<p style=\"text-align: justify;\">La obra ye un bustu fechu en madera de casta\u00f1al qu\u2019Ant\u00f3n fixo de la so propia g\u00fcela, aprovechando&#8217;l tiempu que pasaba la vieya peles tardes dormida xunto al llar.<\/p>\n<p style=\"text-align: justify;\">Nesta escultura, l\u2019artista arrenuncia a cualesquier amuesa d\u2019idealizaci\u00f3n p\u2019afondar na vida interior del personaxe y dotalu d\u2019una fuercia espresiva escepcional.<\/p>\n<p style=\"text-align: justify;\">La obra cre\u00f3se nam\u00e1s un a\u00f1u dempu\u00e9s del so tresll\u00e1u a Madrid, lo qu\u2019amuesa la facilid\u00e1 de deprendizaxe d\u2019Ant\u00f3n na talla de madera, material col qu\u2019enantes nun trabayara, una y bones les obres creaes n&#8217;a\u00f1os anteriores fix\u00e9reles n\u2019escayola.<\/p>\n<\/div>\n<\/div>\n<\/div>\n<\/div>\n<\/div>\n<\/div>\n<div class=\"standard_wrapper\">\n<div  class=\"two_third last withsmallpadding ppb_text\" style=\"padding:30px 0 30px 0;\" >\n<div class=\"standard_wrapper\">\n<div class=\"page_content_wrapper\">\n<div class=\"inner\">\n<div style=\"margin:auto;width:100%\">\n<h4 style=\"text-align: justify;\"><strong> Mi gu\u0308ela, 1932.<\/strong><\/h4>\n<p style=\"text-align: justify;\">La obra ye un bustu fechu en madera de casta\u00f1al qu\u2019Ant\u00f3n fixo de la so propia g\u00fcela, aprovechando&#8217;l tiempu que pasaba la vieya peles tardes dormida xunto al llar.<\/p>\n<p style=\"text-align: justify;\">Nesta escultura, l\u2019artista arrenuncia a cualesquier amuesa d\u2019idealizaci\u00f3n p\u2019afondar na vida interior del personaxe y dotalu d\u2019una fuercia espresiva escepcional.<\/p>\n<p style=\"text-align: justify;\">La obra cre\u00f3se nam\u00e1s un a\u00f1u dempu\u00e9s del so tresll\u00e1u a Madrid, lo qu\u2019amuesa la facilid\u00e1 de deprendizaxe d\u2019Ant\u00f3n na talla de madera, material col qu\u2019enantes nun trabayara, una y bones les obres creaes n&#8217;a\u00f1os anteriores fix\u00e9reles n\u2019escayola.<\/p>\n<\/div>\n<\/div>\n<\/div>\n<\/div>\n<\/div>\n<\/div>\n<div class=\"standard_wrapper\">\n<div  class=\"two_third last withsmallpadding ppb_text\" style=\"padding:30px 0 30px 0;\" >\n<div class=\"standard_wrapper\">\n<div class=\"page_content_wrapper\">\n<div class=\"inner\">\n<div style=\"margin:auto;width:100%\">\n<h4 style=\"text-align: justify;\"><strong> Maruja, 1934.<\/strong><\/h4>\n<p style=\"text-align: justify;\">Nesti bustu fechu alredor del 1934, Ant\u00f3n retrata a la so prima Maruja, a quien consideraba la so musa. A Maruja llam\u00e1benla en Cand\u00e1s \u201cLa Greta\u201d, polo que s\u2019asemeyaba a la actriz sueca Greta Garbo.<\/p>\n<p style=\"text-align: justify;\">La obra presenta distintos acabaos. Per una parte podemos ver una superficie rugosa na base de la escultura, de la qu\u2019apruz un pescuezu pul\u00edu y esllumante y una cara con facciones perfectamente defin\u00edes. Ye interesante destacar el trabayu del escultor a la de representar, con una minuciosa talla\u2019l pelo de la muyer.<\/p>\n<p style=\"text-align: justify;\">Esta escultura tien una execuci\u00f3n impecable que reflexa\u2019l dominiu del escultor na talla de la piedra.<\/p>\n<\/div>\n<\/div>\n<\/div>\n<\/div>\n<\/div>\n<\/div>\n","protected":false},"excerpt":{"rendered":"<p>MATERIALES https:\/\/museoanton.es\/as\/wp-content\/uploads\/sites\/12\/2022\/01\/int_5as.mp3 Ant\u00f3n domina a la perfecci\u00f3n mesmo les numberoses t\u00e9cniques escult\u00f3riques, de la talla al model\u00e1u, que los materiales qu\u2019emplega pa facer les sos obres. El material b\u00e1sico col que trabaya ye la escayola, por ser bono de modelar [&hellip;]<\/p>\n","protected":false},"author":1,"featured_media":0,"parent":0,"menu_order":0,"comment_status":"closed","ping_status":"closed","template":"","meta":{"inline_featured_image":false,"_trash_the_other_posts":false,"editor_notices":[],"footnotes":""},"class_list":["post-1051","page","type-page","status-publish","hentry"],"_links":{"self":[{"href":"https:\/\/museoanton.es\/as\/wp-json\/wp\/v2\/pages\/1051","targetHints":{"allow":["GET"]}}],"collection":[{"href":"https:\/\/museoanton.es\/as\/wp-json\/wp\/v2\/pages"}],"about":[{"href":"https:\/\/museoanton.es\/as\/wp-json\/wp\/v2\/types\/page"}],"author":[{"embeddable":true,"href":"https:\/\/museoanton.es\/as\/wp-json\/wp\/v2\/users\/1"}],"replies":[{"embeddable":true,"href":"https:\/\/museoanton.es\/as\/wp-json\/wp\/v2\/comments?post=1051"}],"version-history":[{"count":77,"href":"https:\/\/museoanton.es\/as\/wp-json\/wp\/v2\/pages\/1051\/revisions"}],"predecessor-version":[{"id":2608,"href":"https:\/\/museoanton.es\/as\/wp-json\/wp\/v2\/pages\/1051\/revisions\/2608"}],"wp:attachment":[{"href":"https:\/\/museoanton.es\/as\/wp-json\/wp\/v2\/media?parent=1051"}],"curies":[{"name":"wp","href":"https:\/\/api.w.org\/{rel}","templated":true}]}}