{"id":1002,"date":"2021-09-01T11:21:13","date_gmt":"2021-09-01T11:21:13","guid":{"rendered":"https:\/\/museoanton.es\/?page_id=1002"},"modified":"2022-01-13T10:48:17","modified_gmt":"2022-01-13T10:48:17","slug":"qr_int_4","status":"publish","type":"page","link":"https:\/\/museoanton.es\/as\/qr_int_4\/","title":{"rendered":"4.- RETRATOS INFANTILES"},"content":{"rendered":"<div  class=\"one withsmallpadding ppb_text\" style=\"padding:30px;\" >\n<h5 id=\"bajar\"><\/h5>\n<\/div>\n<div  class=\"one withsmallpadding ppb_text\" style=\"padding:30px 0 30px 0;\" >\n<div class=\"standard_wrapper\">\n<div class=\"page_content_wrapper\">\n<div class=\"inner\">\n<div style=\"margin:auto;width:100%\">\n<h2 style=\"color: #999999; text-align: center;\"><span style=\"color: #ffffff;\"><img decoding=\"async\" loading=\"lazy\" class=\"alignnone  wp-image-806\" src=\"https:\/\/museoanton.es\/wp-content\/uploads\/2021\/09\/4.svg\" alt=\"\" width=\"50\" height=\"50\" \/><br \/>\n<\/span><span style=\"color: #808080;\"><strong>RETRATOS INFANTILES<\/strong><\/span><\/h2>\n<\/div>\n<\/div>\n<\/div>\n<\/div>\n<\/div>\n<div  class=\"one withsmallpadding ppb_text\" style=\"padding:30px 0 30px 0;\" >\n<div class=\"standard_wrapper\">\n<div class=\"page_content_wrapper\">\n<div class=\"inner\">\n<div style=\"margin:auto;width:100%\"><audio class=\"wp-audio-shortcode\" id=\"audio-1002-2\" preload=\"none\" style=\"width: 100%;\" controls=\"controls\"><source type=\"audio\/mpeg\" src=\"https:\/\/museoanton.es\/as\/wp-content\/uploads\/sites\/12\/2022\/01\/int_4as.mp3?_=2\" \/><a href=\"https:\/\/museoanton.es\/as\/wp-content\/uploads\/sites\/12\/2022\/01\/int_4as.mp3\">https:\/\/museoanton.es\/as\/wp-content\/uploads\/sites\/12\/2022\/01\/int_4as.mp3<\/a><\/audio>\n<\/div>\n<\/div>\n<\/div>\n<\/div>\n<\/div>\n<div  class=\"one withsmallpadding ppb_text\" style=\"padding:30px 0 30px 0;\" >\n<div class=\"standard_wrapper\">\n<div class=\"page_content_wrapper\">\n<div class=\"inner\">\n<div style=\"margin:auto;width:100%\">\n<h6 style=\"text-align: right;\"><a class=\"btn btn-default btn-sm\" href=\"https:\/\/museoanton.es\/as\/qr_int_5\/\"><img decoding=\"async\" loading=\"lazy\" class=\"alignnone wp-image-2398\" src=\"https:\/\/3w.museovt.com\/wp-content\/uploads\/2021\/02\/flechaQr.svg\" alt=\"\" width=\"55\" height=\"36\" \/><\/a><\/h6>\n<\/div>\n<\/div>\n<\/div>\n<\/div>\n<\/div>\n<div  class=\"one withsmallpadding ppb_text\" style=\"padding:30px 0 30px 0;\" >\n<div class=\"standard_wrapper\">\n<div class=\"page_content_wrapper\">\n<div class=\"inner\">\n<div style=\"margin:auto;width:100%\">\n<p style=\"text-align: justify;\"><i class=\"fa fa-deaf fa-2x\" aria-hidden=\"true\"><\/i> Ant\u00f3n cultiv\u00f3&#8217;l x\u00e9neru del retratu y foi bien prol\u00edficu na creaci\u00f3n d\u2019esti tipu d\u2019obres.<\/p>\n<p style=\"text-align: justify;\">Nos sos retratos, llograba unes resultancies escult\u00f3riques bien cercanes a la realid\u00e1, mesmo no que se refier a l\u2019anatom\u00eda como a les espresiones, pues captaba mesmo les traces f\u00edsiques como les psicol\u00f3xiques de la persona retratada. Esto, de xuru tien que ver colos llazos afectivos comunes, pues los sos modelos yeren persones cercanes: familiares, amigos o vecinos que posaben pa \u00e9l por iniciativa propia.<\/p>\n<p style=\"text-align: justify;\">Nesta sala puedes almirar una varied\u00e1 d\u2019obres d\u2019esta tem\u00e1tica, bien diverses nel so plantegamientu compositivu.<\/p>\n<\/div>\n<\/div>\n<\/div>\n<\/div>\n<\/div>\n<div  class=\"one withsmallpadding ppb_text\" style=\"padding:30px 0 30px 0;\" >\n<div class=\"standard_wrapper\">\n<div class=\"page_content_wrapper\">\n<div class=\"inner\">\n<div style=\"margin:auto;width:100%\">\n<p style=\"text-align: justify;\"><i class=\"fa fa-deaf fa-2x\" aria-hidden=\"true\"><\/i> Ant\u00f3n cultiv\u00f3&#8217;l x\u00e9neru del retratu y foi bien prol\u00edficu na creaci\u00f3n d\u2019esti tipu d\u2019obres.<\/p>\n<p style=\"text-align: justify;\">Nos sos retratos, llograba unes resultancies escult\u00f3riques bien cercanes a la realid\u00e1, mesmo no que se refier a l\u2019anatom\u00eda como a les espresiones, pues captaba mesmo les traces f\u00edsiques como les psicol\u00f3xiques de la persona retratada. Esto, de xuru tien que ver colos llazos afectivos comunes, pues los sos modelos yeren persones cercanes: familiares, amigos o vecinos que posaben pa \u00e9l por iniciativa propia.<\/p>\n<p style=\"text-align: justify;\">Nesta sala puedes almirar una varied\u00e1 d\u2019obres d\u2019esta tem\u00e1tica, bien diverses nel so plantegamientu compositivu.<\/p>\n<\/div>\n<\/div>\n<\/div>\n<\/div>\n<\/div>\n<div  class=\"one withsmallpadding ppb_text\" style=\"padding:30px 0 30px 0;\" >\n<div class=\"standard_wrapper\">\n<div class=\"page_content_wrapper\">\n<div class=\"inner\">\n<div style=\"margin:auto;width:100%\">\n<p style=\"text-align: justify;\"><i class=\"fa fa-deaf fa-2x\" aria-hidden=\"true\"><\/i> Ant\u00f3n cultiv\u00f3&#8217;l x\u00e9neru del retratu y foi bien prol\u00edficu na creaci\u00f3n d\u2019esti tipu d\u2019obres.<\/p>\n<p style=\"text-align: justify;\">Nos sos retratos, llograba unes resultancies escult\u00f3riques bien cercanes a la realid\u00e1, mesmo no que se refier a l\u2019anatom\u00eda como a les espresiones, pues captaba mesmo les traces f\u00edsiques como les psicol\u00f3xiques de la persona retratada. Esto, de xuru tien que ver colos llazos afectivos comunes, pues los sos modelos yeren persones cercanes: familiares, amigos o vecinos que posaben pa \u00e9l por iniciativa propia.<\/p>\n<p style=\"text-align: justify;\">Nesta sala puedes almirar una varied\u00e1 d\u2019obres d\u2019esta tem\u00e1tica, bien diverses nel so plantegamientu compositivu.<\/p>\n<\/div>\n<\/div>\n<\/div>\n<\/div>\n<\/div>\n<div class=\"standard_wrapper\">\n<div  class=\"two_third last withsmallpadding ppb_text\" style=\"padding:30px 0 30px 0;\" >\n<div class=\"standard_wrapper\">\n<div class=\"page_content_wrapper\">\n<div class=\"inner\">\n<div style=\"margin:auto;width:100%\">\n<h4 style=\"text-align: justify;\"><strong>Oscar, 1929.<\/strong><\/h4>\n<p style=\"text-align: justify;\">Fecha en bronce fund\u00edo a partir del modelu orixinal n\u2019escayola que se calti\u00e9n nel Mus\u00e9u, Ant\u00f3n retrata a Oscar de mediu cuerpu, con camisa y la cara xirada escontra la drecha, cola mirada baxa espresando un ciertu aire de se\u00f1ald\u00e1.<\/p>\n<p style=\"text-align: justify;\">Como puedes ver, na esquina inferior izquierda ta la fecha y la firma del autor<\/p>\n<\/div>\n<\/div>\n<\/div>\n<\/div>\n<\/div>\n<\/div>\n<div class=\"standard_wrapper\">\n<div  class=\"two_third last withsmallpadding ppb_text\" style=\"padding:30px 0 30px 0;\" >\n<div class=\"standard_wrapper\">\n<div class=\"page_content_wrapper\">\n<div class=\"inner\">\n<div style=\"margin:auto;width:100%\">\n<h4 style=\"text-align: justify;\"><strong>Oscar, 1929.<\/strong><\/h4>\n<p style=\"text-align: justify;\">Fecha en bronce fund\u00edo a partir del modelu orixinal n\u2019escayola que se calti\u00e9n nel Mus\u00e9u, Ant\u00f3n retrata a Oscar de mediu cuerpu, con camisa y la cara xirada escontra la drecha, cola mirada baxa espresando un ciertu aire de se\u00f1ald\u00e1.<\/p>\n<p style=\"text-align: justify;\">Como puedes ver, na esquina inferior izquierda ta la fecha y la firma del autor<\/p>\n<\/div>\n<\/div>\n<\/div>\n<\/div>\n<\/div>\n<\/div>\n<div class=\"standard_wrapper\">\n<div  class=\"two_third last withsmallpadding ppb_text\" style=\"padding:30px 0 30px 0;\" >\n<div class=\"standard_wrapper\">\n<div class=\"page_content_wrapper\">\n<div class=\"inner\">\n<div style=\"margin:auto;width:100%\">\n<h4 style=\"text-align: justify;\"><strong>Oscar, 1929.<\/strong><\/h4>\n<p style=\"text-align: justify;\">Fecha en bronce fund\u00edo a partir del modelu orixinal n\u2019escayola que se calti\u00e9n nel Mus\u00e9u, Ant\u00f3n retrata a Oscar de mediu cuerpu, con camisa y la cara xirada escontra la drecha, cola mirada baxa espresando un ciertu aire de se\u00f1ald\u00e1.<\/p>\n<p style=\"text-align: justify;\">Como puedes ver, na esquina inferior izquierda ta la fecha y la firma del autor<\/p>\n<\/div>\n<\/div>\n<\/div>\n<\/div>\n<\/div>\n<\/div>\n<div class=\"standard_wrapper\">\n<div  class=\"two_third last withsmallpadding ppb_text\" style=\"padding:30px 0 30px 0;\" >\n<div class=\"standard_wrapper\">\n<div class=\"page_content_wrapper\">\n<div class=\"inner\">\n<div style=\"margin:auto;width:100%\">\n<h4 class=\"p1\"><strong>Cuca Aja, 1933.<\/strong><\/h4>\n<p style=\"text-align: justify;\">Nesta obra, fecha en bronce fund\u00edo a partir del modelu orixinal n\u2019escayola que calti\u00e9n el Mus\u00e9u, Ant\u00f3n retrata a Cuca Aja, sobrina del so amigu Jes\u00fas Aja, cuando \u00e9sta ten\u00eda dos a\u00f1os.<\/p>\n<p style=\"text-align: justify;\">La escultura presenta una composici\u00f3n bien ornamental pola mor del pe\u00f1\u00e1u de marcaos tirabuzones y tami\u00e9n polos volantes del vist\u00edu que lleva Cuca.<\/p>\n<\/div>\n<\/div>\n<\/div>\n<\/div>\n<\/div>\n<\/div>\n<div class=\"standard_wrapper\">\n<div  class=\"two_third last withsmallpadding ppb_text\" style=\"padding:30px 0 30px 0;\" >\n<div class=\"standard_wrapper\">\n<div class=\"page_content_wrapper\">\n<div class=\"inner\">\n<div style=\"margin:auto;width:100%\">\n<h4 class=\"p1\"><strong>Cuca Aja, 1933.<\/strong><\/h4>\n<p style=\"text-align: justify;\">Nesta obra, fecha en bronce fund\u00edo a partir del modelu orixinal n\u2019escayola que calti\u00e9n el Mus\u00e9u, Ant\u00f3n retrata a Cuca Aja, sobrina del so amigu Jes\u00fas Aja, cuando \u00e9sta ten\u00eda dos a\u00f1os.<\/p>\n<p style=\"text-align: justify;\">La escultura presenta una composici\u00f3n bien ornamental pola mor del pe\u00f1\u00e1u de marcaos tirabuzones y tami\u00e9n polos volantes del vist\u00edu que lleva Cuca.<\/p>\n<\/div>\n<\/div>\n<\/div>\n<\/div>\n<\/div>\n<\/div>\n<div class=\"standard_wrapper\">\n<div  class=\"two_third last withsmallpadding ppb_text\" style=\"padding:30px 0 30px 0;\" >\n<div class=\"standard_wrapper\">\n<div class=\"page_content_wrapper\">\n<div class=\"inner\">\n<div style=\"margin:auto;width:100%\">\n<h4 class=\"p1\"><strong>Cuca Aja, 1933.<\/strong><\/h4>\n<p style=\"text-align: justify;\">Nesta obra, fecha en bronce fund\u00edo a partir del modelu orixinal n\u2019escayola que calti\u00e9n el Mus\u00e9u, Ant\u00f3n retrata a Cuca Aja, sobrina del so amigu Jes\u00fas Aja, cuando \u00e9sta ten\u00eda dos a\u00f1os.<\/p>\n<p style=\"text-align: justify;\">La escultura presenta una composici\u00f3n bien ornamental pola mor del pe\u00f1\u00e1u de marcaos tirabuzones y tami\u00e9n polos volantes del vist\u00edu que lleva Cuca.<\/p>\n<\/div>\n<\/div>\n<\/div>\n<\/div>\n<\/div>\n<\/div>\n<div class=\"standard_wrapper\">\n<div  class=\"two_third last withsmallpadding ppb_text\" style=\"padding:30px 0 30px 0;\" >\n<div class=\"standard_wrapper\">\n<div class=\"page_content_wrapper\">\n<div class=\"inner\">\n<div style=\"margin:auto;width:100%\">\n<h4 style=\"text-align: justify;\"><strong>Primavera, 1930.<\/strong><\/h4>\n<p style=\"text-align: justify;\">En \u201cPrimavera\u201d, escultura en bronce fund\u00edo a partir del modelu orixinal n\u2019escayola que se calti\u00e9n nel Mus\u00e9u, Ant\u00f3n retrata a Encarnaci\u00f3n Rodr\u00edguez Fern\u00e1ndez, m\u00e1s conocida en Cand\u00e1s como \u201cCi\u00f3n\u201d. Pa titular la so obra insp\u00edrase na so fecha de nacencia, en marzu, mes nel qu\u2019entama la primavera, de la que fai alcordanza con un ramu roses, tami\u00e9n como ufrienda a la retratada.<\/p>\n<p style=\"text-align: justify;\">La escultura ta trabayada per aciu formes arrondiaes, que remarquen la inocente espresivid\u00e1 de la retratada.<\/p>\n<p style=\"text-align: justify;\">Na base de la obra puedes ver la firma del autor y la fecha na que se fixo. Y nel centru, el t\u00edtulu de la obra.<\/p>\n<\/div>\n<\/div>\n<\/div>\n<\/div>\n<\/div>\n<\/div>\n<div class=\"standard_wrapper\">\n<div  class=\"two_third last withsmallpadding ppb_text\" style=\"padding:30px 0 30px 0;\" >\n<div class=\"standard_wrapper\">\n<div class=\"page_content_wrapper\">\n<div class=\"inner\">\n<div style=\"margin:auto;width:100%\">\n<h4 style=\"text-align: justify;\"><strong>Primavera, 1930.<\/strong><\/h4>\n<p style=\"text-align: justify;\">En \u201cPrimavera\u201d, escultura en bronce fund\u00edo a partir del modelu orixinal n\u2019escayola que se calti\u00e9n nel Mus\u00e9u, Ant\u00f3n retrata a Encarnaci\u00f3n Rodr\u00edguez Fern\u00e1ndez, m\u00e1s conocida en Cand\u00e1s como \u201cCi\u00f3n\u201d. Pa titular la so obra insp\u00edrase na so fecha de nacencia, en marzu, mes nel qu\u2019entama la primavera, de la que fai alcordanza con un ramu roses, tami\u00e9n como ufrienda a la retratada.<\/p>\n<p style=\"text-align: justify;\">La escultura ta trabayada per aciu formes arrondiaes, que remarquen la inocente espresivid\u00e1 de la retratada.<\/p>\n<p style=\"text-align: justify;\">Na base de la obra puedes ver la firma del autor y la fecha na que se fixo. Y nel centru, el t\u00edtulu de la obra.<\/p>\n<\/div>\n<\/div>\n<\/div>\n<\/div>\n<\/div>\n<\/div>\n<div class=\"standard_wrapper\">\n<div  class=\"two_third last withsmallpadding ppb_text\" style=\"padding:30px 0 30px 0;\" >\n<div class=\"standard_wrapper\">\n<div class=\"page_content_wrapper\">\n<div class=\"inner\">\n<div style=\"margin:auto;width:100%\">\n<h4 style=\"text-align: justify;\"><strong>Primavera, 1930.<\/strong><\/h4>\n<p style=\"text-align: justify;\">En \u201cPrimavera\u201d, escultura en bronce fund\u00edo a partir del modelu orixinal n\u2019escayola que se calti\u00e9n nel Mus\u00e9u, Ant\u00f3n retrata a Encarnaci\u00f3n Rodr\u00edguez Fern\u00e1ndez, m\u00e1s conocida en Cand\u00e1s como \u201cCi\u00f3n\u201d. Pa titular la so obra insp\u00edrase na so fecha de nacencia, en marzu, mes nel qu\u2019entama la primavera, de la que fai alcordanza con un ramu roses, tami\u00e9n como ufrienda a la retratada.<\/p>\n<p style=\"text-align: justify;\">La escultura ta trabayada per aciu formes arrondiaes, que remarquen la inocente espresivid\u00e1 de la retratada.<\/p>\n<p style=\"text-align: justify;\">Na base de la obra puedes ver la firma del autor y la fecha na que se fixo. Y nel centru, el t\u00edtulu de la obra.<\/p>\n<\/div>\n<\/div>\n<\/div>\n<\/div>\n<\/div>\n<\/div>\n<div class=\"standard_wrapper\">\n<div  class=\"two_third last withsmallpadding ppb_text\" style=\"padding:30px 0 30px 0;\" >\n<div class=\"standard_wrapper\">\n<div class=\"page_content_wrapper\">\n<div class=\"inner\">\n<div style=\"margin:auto;width:100%\">\n<h4 style=\"text-align: justify;\"><strong>Arrapiezo dormido, 1930.<\/strong><\/h4>\n<p style=\"text-align: justify;\">Fecha en bronce fund\u00edo a partir del modelu orixinal n\u2019escayola que se calti\u00e9n nel Mus\u00e9u, \u201cArrapiezo dormido\u201d ye\u2019l retratu de Remigio Serrano Rodr\u00edguez, vec\u00edn de Cand\u00e1s y amigu d&#8217;Oscar, a quien, tal como cuntaba\u2019l mesmu retrat\u00e1u, diba ver posar p\u2019Ant\u00f3n. Un d\u00eda, Remigio ufi\u00e9rta-y posar tami\u00e9n a \u00e9l, pero l&#8217;artista nun pod\u00eda paga-y, asina que llegaron a un alcuerdu seg\u00fan el cual, Ant\u00f3n llevar\u00edalu a recostines dende La Formiga hasta\u2019l muelle, \u00a1tolos d\u00edes!.<\/p>\n<p style=\"text-align: justify;\">Esta escultura marca l\u2019entamu de la formaci\u00f3n art\u00edstica d\u2019Ant\u00f3n nel 1930. Con 19 a\u00f1os, present\u00f3 esta obra nel V Certame Provincial de Trabayu na llocalid\u00e1 asturiana de La Felguera, onde consigui\u00f3\u2019l primer premiu y espert\u00f3 l\u2019inter\u00e9s del pintor Evaristo Valle, quien formaba parte del xur\u00e1u del certame.<\/p>\n<p style=\"text-align: justify;\">Al conocer la so falta de medios econ\u00f3micos pa siguir colos sos estudios, Valle contacta col industrial conserveru Alfonso Albo, que ten\u00eda una f\u00e1brica en Cand\u00e1s, pa que financiara los estudios art\u00edsticos del escultor en Madrid.<\/p>\n<p style=\"text-align: justify;\">Na base de la obra puedes ver la firma del autor y la fecha na que se fixo.<\/p>\n<\/div>\n<\/div>\n<\/div>\n<\/div>\n<\/div>\n<\/div>\n","protected":false},"excerpt":{"rendered":"<p>RETRATOS INFANTILES https:\/\/museoanton.es\/as\/wp-content\/uploads\/sites\/12\/2022\/01\/int_4as.mp3 Ant\u00f3n cultiv\u00f3&#8217;l x\u00e9neru del retratu y foi bien prol\u00edficu na creaci\u00f3n d\u2019esti tipu d\u2019obres. Nos sos retratos, llograba unes resultancies escult\u00f3riques bien cercanes a la realid\u00e1, mesmo no que se refier a l\u2019anatom\u00eda como a les espresiones, [&hellip;]<\/p>\n","protected":false},"author":1,"featured_media":0,"parent":0,"menu_order":0,"comment_status":"closed","ping_status":"closed","template":"","meta":{"inline_featured_image":false,"_trash_the_other_posts":false,"editor_notices":[],"footnotes":""},"class_list":["post-1002","page","type-page","status-publish","hentry"],"_links":{"self":[{"href":"https:\/\/museoanton.es\/as\/wp-json\/wp\/v2\/pages\/1002","targetHints":{"allow":["GET"]}}],"collection":[{"href":"https:\/\/museoanton.es\/as\/wp-json\/wp\/v2\/pages"}],"about":[{"href":"https:\/\/museoanton.es\/as\/wp-json\/wp\/v2\/types\/page"}],"author":[{"embeddable":true,"href":"https:\/\/museoanton.es\/as\/wp-json\/wp\/v2\/users\/1"}],"replies":[{"embeddable":true,"href":"https:\/\/museoanton.es\/as\/wp-json\/wp\/v2\/comments?post=1002"}],"version-history":[{"count":123,"href":"https:\/\/museoanton.es\/as\/wp-json\/wp\/v2\/pages\/1002\/revisions"}],"predecessor-version":[{"id":2605,"href":"https:\/\/museoanton.es\/as\/wp-json\/wp\/v2\/pages\/1002\/revisions\/2605"}],"wp:attachment":[{"href":"https:\/\/museoanton.es\/as\/wp-json\/wp\/v2\/media?parent=1002"}],"curies":[{"name":"wp","href":"https:\/\/api.w.org\/{rel}","templated":true}]}}